{"id":769,"date":"2024-11-12T10:22:22","date_gmt":"2024-11-12T13:22:22","guid":{"rendered":"https:\/\/www.santafe.gob.ar\/ms\/osp\/?page_id=9"},"modified":"2024-12-23T14:27:12","modified_gmt":"2024-12-23T13:27:12","slug":"repositorio-de-informes","status":"publish","type":"page","link":"https:\/\/www.santafe.gob.ar\/ms\/osp\/repositorio-de-informes\/","title":{"rendered":"Repositorio de Informes"},"content":{"rendered":"\n<header class=\"wp-block-group data-block_header is-layout-constrained wp-block-group-is-layout-constrained\">\n<div class=\"wp-block-group data-block_grid is-layout-constrained wp-block-group-is-layout-constrained\">\n<div class=\"wp-block-group data-area_container is-layout-constrained wp-block-group-is-layout-constrained\">\n<div class=\"wp-block-group data-block_logo is-layout-constrained wp-block-group-is-layout-constrained\">\n<figure class=\"wp-block-image size-full\"><a href=\"https:\/\/www.santafe.gob.ar\/ms\/osp\/\"><img decoding=\"async\" src=\"https:\/\/www.santafe.gob.ar\/ms\/osp\/wp-content\/uploads\/sites\/46\/2024\/12\/Group-2-4.svg\" alt=\"\" class=\"wp-image-989\" \/><\/a><\/figure>\n<\/div>\n\n\n\n<div class=\"wp-block-group data-component_nav is-layout-constrained wp-block-group-is-layout-constrained\"><nav class=\"wp-block-navigation is-layout-flex wp-block-navigation-is-layout-flex\" aria-label=\"Navigation\"><ul class=\"wp-block-navigation__container  wp-block-navigation\"><li class=\" wp-block-navigation-item wp-block-navigation-link\"><a class=\"wp-block-navigation-item__content\"  href=\"https:\/\/www.santafe.gob.ar\/ms\/osp\/sobre-el-observatorio\/\"><span class=\"wp-block-navigation-item__label\">Sobre el Observatorio<\/span><\/a><\/li><li class=\" wp-block-navigation-item wp-block-navigation-link\"><a class=\"wp-block-navigation-item__content\"  href=\"https:\/\/www.santafe.gob.ar\/ms\/osp\/repositorio-de-informes\/\"><span class=\"wp-block-navigation-item__label\">Repositorio de Informes<\/span><\/a><\/li><\/ul><\/nav><\/div>\n<\/div>\n<\/div>\n<\/header>\n\n\n\n<main class=\"wp-block-group data-page_biblioteca is-layout-constrained wp-block-group-is-layout-constrained\">\n<section class=\"wp-block-group data-section_hero is-layout-constrained wp-block-group-is-layout-constrained\">\n<div class=\"wp-block-group data-block_grid is-layout-constrained wp-block-group-is-layout-constrained\">\n<div class=\"wp-block-group data-area_container is-layout-constrained wp-block-group-is-layout-constrained\">\n<h2 class=\"wp-block-heading has-blanco-color has-text-color has-link-color has-3-x-large-font-size wp-elements-15b692444dbea7f5fcc1fdfc99579d3c\" style=\"padding-bottom:1rem;font-style:normal;font-weight:900\">Repositorio de Informes<\/h2>\n\n\n\n<p class=\"has-claro-color has-text-color has-link-color wp-elements-6903373203e6b18f03922a495686d3f3\" style=\"padding-bottom:3rem\">Explora nuestro repositorio de informes y an\u00e1lisis sobre seguridad p\u00fablica en la provincia de Santa Fe. Aqu\u00ed encontrar\u00e1s estudios detallados y actualizados sobre temas relacionados con violencia, delitos y sus diversas manifestaciones. Nuestro objetivo es ofrecer informaci\u00f3n confiable y accesible para apoyar la toma de decisiones y la elaboraci\u00f3n de pol\u00edticas de seguridad basadas en evidencia.<\/p>\n\n\n<form role=\"search\" method=\"get\" action=\"https:\/\/www.santafe.gob.ar\/ms\/osp\/\" class=\"wp-block-search__button-inside wp-block-search__icon-button wp-block-search\"    ><label class=\"wp-block-search__label screen-reader-text\" for=\"wp-block-search__input-1\" >Buscar<\/label><div class=\"wp-block-search__inside-wrapper\" ><input class=\"wp-block-search__input\" id=\"wp-block-search__input-1\" placeholder=\"Buscar Informe...\" value=\"\" type=\"search\" name=\"s\" required \/><button aria-label=\"Buscar\" class=\"wp-block-search__button has-background has-blanco-background-color has-icon wp-element-button\" type=\"submit\" ><svg class=\"search-icon\" viewBox=\"0 0 24 24\" width=\"24\" height=\"24\">\n\t\t\t\t\t<path d=\"M13 5c-3.3 0-6 2.7-6 6 0 1.4.5 2.7 1.3 3.7l-3.8 3.8 1.1 1.1 3.8-3.8c1 .8 2.3 1.3 3.7 1.3 3.3 0 6-2.7 6-6S16.3 5 13 5zm0 10.5c-2.5 0-4.5-2-4.5-4.5s2-4.5 4.5-4.5 4.5 2 4.5 4.5-2 4.5-4.5 4.5z\"><\/path>\n\t\t\t\t<\/svg><\/button><\/div><\/form><\/div>\n<\/div>\n<\/section>\n\n\n\n<section class=\"wp-block-group data-section_ejes-centrales is-layout-constrained wp-block-group-is-layout-constrained\">\n<div class=\"wp-block-group data-block_grid is-layout-constrained wp-block-group-is-layout-constrained\">\n<div class=\"wp-block-group data-area_container is-layout-constrained wp-block-group-is-layout-constrained\">\n<div class=\"wp-block-group data-wrapper_left is-layout-constrained wp-block-group-is-layout-constrained\">\n<h2 class=\"wp-block-heading has-azul-color has-text-color has-link-color has-3-x-large-font-size wp-elements-ad623115bf638fd4fc32ae97b6ce8106\" style=\"padding-bottom:1rem;font-style:normal;font-weight:900\">Ejes Centrales<\/h2>\n\n\n\n<p>En el Observatorio de Seguridad P\u00fablica abordamos temas clave para entender y enfrentar las problem\u00e1ticas de violencia y delito en la provincia. Estos ejes centrales nos permiten analizar distintos aspectos de la seguridad p\u00fablica, facilitando el desarrollo de pol\u00edticas efectivas y fundamentadas en datos precisos y actualizados.<\/p>\n<\/div>\n\n\n\n<div class=\"wp-block-group data-wrapper_right is-layout-constrained wp-block-group-is-layout-constrained\">\n<ul style=\"font-style:normal;font-weight:500\" class=\"wp-block-list data-component_ejes-centrales has-azul-color has-text-color has-link-color wp-elements-103e1861e6d1507782dce359da6f5c6b\">\n<li class=\"enlace__underline\"><a href=\"https:\/\/www.santafe.gob.ar\/ms\/osp\/ejes\/armas-de-fuego\/\">Armas de fuego<\/a><\/li>\n\n\n\n<li class=\"enlace__underline\"><a href=\"https:\/\/www.santafe.gob.ar\/ms\/osp\/ejes\/censo-policial\/\">Censo Policial<\/a><\/li>\n\n\n\n<li class=\"enlace__underline\"><a href=\"https:\/\/www.santafe.gob.ar\/ms\/osp\/ejes\/criminalidad-registrada\/\">Criminalidad Registrada<\/a><\/li>\n\n\n\n<li class=\"enlace__underline\"><a href=\"https:\/\/www.santafe.gob.ar\/ms\/osp\/ejes\/muertes-violentas-de-mujeres\/\">Muertes Violentas de Mujeres<\/a><\/li>\n\n\n\n<li class=\"enlace__underline\"><a href=\"https:\/\/www.santafe.gob.ar\/ms\/osp\/ejes\/personas-privadas-de-libertad\/\">Personas Privadas de Libertad<\/a><\/li>\n\n\n\n<li class=\"enlace__underline\"><a href=\"https:\/\/www.santafe.gob.ar\/ms\/osp\/ejes\/violencias-lesivas\/\">Violencias Altamente Lesivas<\/a><\/li>\n<\/ul>\n<\/div>\n<\/div>\n<\/div>\n<\/section>\n\n\n\n<section class=\"wp-block-group data-section_informes-destacados is-layout-constrained wp-block-group-is-layout-constrained\">\n<div class=\"wp-block-group data-block_grid is-layout-constrained wp-block-group-is-layout-constrained\">\n<div class=\"wp-block-group data-area_container is-layout-constrained wp-block-group-is-layout-constrained\">\n<div class=\"wp-block-group data-wrapper_title is-layout-constrained wp-block-group-is-layout-constrained\" style=\"padding-bottom:4rem\">\n<h2 class=\"wp-block-heading has-azul-color has-text-color has-link-color has-3-x-large-font-size wp-elements-58eb7b2e9c2fe55e864f7228f5e37d44\" style=\"font-style:normal;font-weight:900\">Informes destacados<\/h2>\n\n\n\n<div class=\"wp-block-buttons is-layout-flex wp-block-buttons-is-layout-flex\">\n<div class=\"wp-block-button is-style-outline is-style-outline--2\"><a class=\"wp-block-button__link has-text-color has-link-color wp-element-button\" href=\"https:\/\/www.santafe.gob.ar\/ms\/osp\/biblioteca-de-informes\/\" style=\"color:#4b4963\">Ver todos<\/a><\/div>\n<\/div>\n<\/div>\n\n\n\n<div class=\"wp-block-group data-wrapper_cards is-layout-constrained wp-block-group-is-layout-constrained\">\n<div class=\"wp-block-query is-layout-flow wp-block-query-is-layout-flow\"><ul class=\"wp-block-post-template is-layout-flow wp-block-post-template-is-layout-flow\"><li class=\"wp-block-post post-1313 informs type-informs status-publish hentry ejes-infografia-provincial ejes-haf ejes-violencias-lesivas\">\n<div style=\"font-size:14px;line-height:1.50\" class=\"taxonomy-ejes has-link-color enlace__underline wp-elements-6cd7315cedac368f65daa7090ab816ee wp-block-post-terms has-text-color has-texto-color\"><a href=\"https:\/\/www.santafe.gob.ar\/ms\/osp\/ejes\/infografia-provincial\/\" rel=\"tag\">Infografia Provincial<\/a><span class=\"wp-block-post-terms__separator\">, <\/span><a href=\"https:\/\/www.santafe.gob.ar\/ms\/osp\/ejes\/haf\/\" rel=\"tag\">Personas heridas por arma de fuego<\/a><span class=\"wp-block-post-terms__separator\">, <\/span><a href=\"https:\/\/www.santafe.gob.ar\/ms\/osp\/ejes\/violencias-lesivas\/\" rel=\"tag\">Violencias Altamente Lesivas<\/a><\/div>\n\n<h2 class=\"wp-block-post-title\">Infograf\u00eda mensual sobre personas heridas con arma de fuego ocurridos en la Provincia de Santa Fe (Febrero 2026)<\/h2>\n\n<a class=\"wp-block-read-more\" href=\"https:\/\/www.santafe.gob.ar\/ms\/osp\/informs\/infografia-mensual-sobre-homicidios-dolosos-ocurridos-en-la-provincia-de-santa-fe-febrero-2026-2\/\" target=\"_self\">Ver informe<span class=\"screen-reader-text\">: Infograf\u00eda mensual sobre personas heridas con arma de fuego ocurridos en la Provincia de Santa Fe (Febrero 2026)<\/span><\/a>\n<\/li><li class=\"wp-block-post post-1311 informs type-informs status-publish hentry ejes-infografias-rosario ejes-haf ejes-violencias-lesivas\">\n<div style=\"font-size:14px;line-height:1.50\" class=\"taxonomy-ejes has-link-color enlace__underline wp-elements-6cd7315cedac368f65daa7090ab816ee wp-block-post-terms has-text-color has-texto-color\"><a href=\"https:\/\/www.santafe.gob.ar\/ms\/osp\/ejes\/infografias-rosario\/\" rel=\"tag\">Infografias Rosario<\/a><span class=\"wp-block-post-terms__separator\">, <\/span><a href=\"https:\/\/www.santafe.gob.ar\/ms\/osp\/ejes\/haf\/\" rel=\"tag\">Personas heridas por arma de fuego<\/a><span class=\"wp-block-post-terms__separator\">, <\/span><a href=\"https:\/\/www.santafe.gob.ar\/ms\/osp\/ejes\/violencias-lesivas\/\" rel=\"tag\">Violencias Altamente Lesivas<\/a><\/div>\n\n<h2 class=\"wp-block-post-title\">Infograf\u00eda mensual sobre personas heridas con arma de fuego ocurridos en el Departamento Rosario (Febrero 2026)<\/h2>\n\n<a class=\"wp-block-read-more\" href=\"https:\/\/www.santafe.gob.ar\/ms\/osp\/informs\/infografia-mensual-sobre-personas-heridas-con-arma-de-fuego-ocurridos-en-el-departamento-rosario-febrero-2026\/\" target=\"_self\">Ver informe<span class=\"screen-reader-text\">: Infograf\u00eda mensual sobre personas heridas con arma de fuego ocurridos en el Departamento Rosario (Febrero 2026)<\/span><\/a>\n<\/li><li class=\"wp-block-post post-1309 informs type-informs status-publish hentry ejes-infografias-santa-fe ejes-haf ejes-violencias-lesivas\">\n<div style=\"font-size:14px;line-height:1.50\" class=\"taxonomy-ejes has-link-color enlace__underline wp-elements-6cd7315cedac368f65daa7090ab816ee wp-block-post-terms has-text-color has-texto-color\"><a href=\"https:\/\/www.santafe.gob.ar\/ms\/osp\/ejes\/infografias-santa-fe\/\" rel=\"tag\">Infografias Santa Fe<\/a><span class=\"wp-block-post-terms__separator\">, <\/span><a href=\"https:\/\/www.santafe.gob.ar\/ms\/osp\/ejes\/haf\/\" rel=\"tag\">Personas heridas por arma de fuego<\/a><span class=\"wp-block-post-terms__separator\">, <\/span><a href=\"https:\/\/www.santafe.gob.ar\/ms\/osp\/ejes\/violencias-lesivas\/\" rel=\"tag\">Violencias Altamente Lesivas<\/a><\/div>\n\n<h2 class=\"wp-block-post-title\">Infograf\u00eda mensual sobre personas heridas con arma de fuego ocurridos en el Departamento La Capital (Febrero 2026)<\/h2>\n\n<a class=\"wp-block-read-more\" href=\"https:\/\/www.santafe.gob.ar\/ms\/osp\/informs\/infografia-mensual-sobre-personas-heridas-con-arma-de-fuego-ocurridos-en-el-departamento-la-capital-febrero-2026\/\" target=\"_self\">Ver informe<span class=\"screen-reader-text\">: Infograf\u00eda mensual sobre personas heridas con arma de fuego ocurridos en el Departamento La Capital (Febrero 2026)<\/span><\/a>\n<\/li><\/ul><\/div>\n<\/div>\n<\/div>\n<\/div>\n<\/section>\n\n\n\n<section class=\"wp-block-group data-section_sitios-de-interes is-layout-constrained wp-block-group-is-layout-constrained\">\n<div class=\"wp-block-group data-block_grid is-layout-constrained wp-block-group-is-layout-constrained\">\n<div class=\"wp-block-group data-area_container is-layout-constrained wp-block-group-is-layout-constrained\">\n<h2 class=\"wp-block-heading has-azul-color has-text-color has-link-color has-3-x-large-font-size wp-elements-6243cd32b16bcbc4c6808b3836289ec0\" style=\"padding-bottom:1rem;font-style:normal;font-weight:900\">Sitios de inter\u00e9s<\/h2>\n\n\n\n<p style=\"padding-bottom:3rem\">Explora otros recursos y plataformas dedicadas a la seguridad p\u00fablica y el an\u00e1lisis de la violencia en distintos contextos, donde podr\u00e1s encontrar informaci\u00f3n complementaria y enfoques variados sobre temas de seguridad y prevenci\u00f3n.<\/p>\n\n\n\n<ul style=\"font-style:normal;font-weight:500\" class=\"wp-block-list has-azul-color has-text-color has-link-color wp-elements-ce74efc89c77479ba6d0d143cd6bd11d\">\n<li>Observatorio de Seguridad Ciudadana Nacional<\/li>\n\n\n\n<li>Observatorio de Seguridad Ciudadana Nacional<\/li>\n\n\n\n<li>Observatorio de Seguridad Ciudadana Nacional<\/li>\n\n\n\n<li>Observatorio de Seguridad Ciudadana Nacional<\/li>\n<\/ul>\n<\/div>\n<\/div>\n<\/section>\n<\/main>\n\n\n\n<footer class=\"wp-block-group data-block_footer is-layout-constrained wp-block-group-is-layout-constrained\">\n<div class=\"wp-block-group data-block_grid is-layout-constrained wp-block-group-is-layout-constrained\">\n<div class=\"wp-block-group data-area_container is-layout-constrained wp-block-group-is-layout-constrained\">\n<div class=\"wp-block-group data-block_logo is-layout-constrained wp-block-group-is-layout-constrained\">\n<figure class=\"wp-block-image size-full\"><img decoding=\"async\" src=\"https:\/\/www.santafe.gob.ar\/ms\/osp\/wp-content\/uploads\/sites\/46\/2024\/12\/Group-2-4.svg\" alt=\"\" class=\"wp-image-989\" \/><\/figure>\n<\/div>\n\n\n\n<ul class=\"wp-block-list\">\n<li>1\u00b0 Junta 2823 ((S3000CDI)) &#8211; Santa Fe \/ Santa Fe, Arg.<\/li>\n\n\n\n<li>54 342 450-5100 \/ 450-5200 Int. 6428 \/ 6183<\/li>\n\n\n\n<li>observatorio.seguridad.publica@santafe.gov.ar<\/li>\n\n\n\n<li>Lunes a Viernes: 8 a 16 hs<\/li>\n<\/ul>\n<\/div>\n<\/div>\n<\/footer>\n","protected":false},"excerpt":{"rendered":"<p>Repositorio de Informes Explora nuestro repositorio de informes y an\u00e1lisis sobre seguridad p\u00fablica en la provincia de Santa Fe. Aqu\u00ed encontrar\u00e1s estudios detallados y actualizados sobre temas relacionados con violencia, delitos y sus diversas manifestaciones. Nuestro objetivo es ofrecer informaci\u00f3n confiable y accesible para apoyar la toma de decisiones y la elaboraci\u00f3n de pol\u00edticas de [&hellip;]<\/p>\n","protected":false},"author":2,"featured_media":0,"parent":0,"menu_order":2,"comment_status":"closed","ping_status":"closed","template":"","meta":{"_acf_changed":false,"footnotes":""},"class_list":["post-769","page","type-page","status-publish","hentry"],"acf":[],"_links":{"self":[{"href":"https:\/\/www.santafe.gob.ar\/ms\/osp\/wp-json\/wp\/v2\/pages\/769","targetHints":{"allow":["GET"]}}],"collection":[{"href":"https:\/\/www.santafe.gob.ar\/ms\/osp\/wp-json\/wp\/v2\/pages"}],"about":[{"href":"https:\/\/www.santafe.gob.ar\/ms\/osp\/wp-json\/wp\/v2\/types\/page"}],"author":[{"embeddable":true,"href":"https:\/\/www.santafe.gob.ar\/ms\/osp\/wp-json\/wp\/v2\/users\/2"}],"replies":[{"embeddable":true,"href":"https:\/\/www.santafe.gob.ar\/ms\/osp\/wp-json\/wp\/v2\/comments?post=769"}],"version-history":[{"count":7,"href":"https:\/\/www.santafe.gob.ar\/ms\/osp\/wp-json\/wp\/v2\/pages\/769\/revisions"}],"predecessor-version":[{"id":1039,"href":"https:\/\/www.santafe.gob.ar\/ms\/osp\/wp-json\/wp\/v2\/pages\/769\/revisions\/1039"}],"wp:attachment":[{"href":"https:\/\/www.santafe.gob.ar\/ms\/osp\/wp-json\/wp\/v2\/media?parent=769"}],"curies":[{"name":"wp","href":"https:\/\/api.w.org\/{rel}","templated":true}]}}