{"id":8368,"date":"2024-09-20T17:01:01","date_gmt":"2024-09-20T20:01:01","guid":{"rendered":"https:\/\/www.santafe.gob.ar\/ms\/prosumidores\/?page_id=8368"},"modified":"2026-02-24T15:51:38","modified_gmt":"2026-02-24T18:51:38","slug":"como-leer-mi-factura-electrica-como-prosumidor","status":"publish","type":"page","link":"https:\/\/www.santafe.gob.ar\/ms\/prosumidores\/como-leer-mi-factura-electrica-como-prosumidor\/","title":{"rendered":"\u00bfC\u00f3mo leer mi factura el\u00e9ctrica como Prosumidor?"},"content":{"rendered":"\n<div class=\"wp-block-group alignfull has-background is-layout-constrained wp-container-core-group-is-layout-2f810585 wp-block-group-is-layout-constrained\" style=\"background-color:#fffbf5;padding-top:var(--wp--preset--spacing--60);padding-right:var(--wp--preset--spacing--50);padding-bottom:var(--wp--preset--spacing--60);padding-left:var(--wp--preset--spacing--50)\">\n<div class=\"wp-block-group alignwide container has-text-color has-link-color wp-elements-f9ff83408005a7c2188abc900080cfa4 is-layout-constrained wp-block-group-is-layout-constrained\" style=\"color:#222222\">\n<div class=\"wp-block-columns alignfull cols is-layout-flex wp-container-core-columns-is-layout-080ff79c wp-block-columns-is-layout-flex\">\n<div class=\"wp-block-column col col--left is-layout-flow wp-block-column-is-layout-flow\">\n<h3 class=\"wp-block-heading title-sz-2\" style=\"margin-bottom:30px;font-size:2rem\"><strong>\u00bfC\u00f3mo leer mi factura el\u00e9ctrica como Prosumidor?<\/strong><\/h3>\n\n\n\n<div class=\"wp-block-group is-layout-constrained wp-container-core-group-is-layout-7b106312 wp-block-group-is-layout-constrained\" style=\"font-size:0.94rem;line-height:1.5\">\n<p class=\"wp-block-paragraph\">Una vez que tengas instalado y conectado tu sistema renovable a la red el\u00e9ctrica, la Distribuidora proceder\u00e1 a:&nbsp;<\/p>\n\n\n\n<ul class=\"wp-block-list\">\n<li>Facturar la energ\u00eda que tomaste de la red a las tarifas el\u00e9ctricas vigentes; <\/li>\n\n\n\n<li>Aplicar un descuento por la energ\u00eda que inyectes a la red (esto se da en los momentos en que tu sistema renovable genera m\u00e1s energ\u00eda que la que est\u00e1s consumiendo, produci\u00e9ndose un excedente que se vuelca a la red).&nbsp;<\/li>\n<\/ul>\n\n\n\n<p class=\"wp-block-paragraph\">Este descuento est\u00e1 formado por 2 partes: <\/p>\n\n\n\n<p class=\"wp-block-paragraph\"><strong>Reconocimiento de la Distribuidora<\/strong>: lo vas a encontrar restando en el Subtotal de tu factura (antes de impuestos), se trata de la cantidad de energ\u00eda inyectada a la red por el precio mayorista de \u00e9sta.<\/p>\n\n\n\n<p class=\"wp-block-paragraph\"><strong>Incentivo adicional del Gobierno de Santa Fe:<\/strong> lo vas a encontrar restando al final de tu factura, se trata de un incentivo extra por los beneficios ambientales que sumaste a trav\u00e9s de la inversi\u00f3n realizada.&nbsp;<\/p>\n\n\n\n<p class=\"wp-block-paragraph\">Adem\u00e1s, la energ\u00eda renovable destinada a tu propio consumo te aportar\u00e1 un <strong><em>ahorro por autoconsumo<\/em><\/strong>, ya que dejaste de tomarla de la red el\u00e9ctrica.&nbsp;<\/p>\n\n\n\n<p class=\"wp-block-paragraph\">Este ahorro es igual a la energ\u00eda autoconsumida por la tarifa el\u00e9ctrica de tu \u00faltima banda de consumo (m\u00e1s los impuestos aplicados sobre la misma) que vas a dejar pagar. Por esto, <strong>a mayor % de autoconsumo, mayores beneficios.&nbsp;<\/strong><\/p>\n\n\n\n<p class=\"wp-block-paragraph\">A continuaci\u00f3n, ve\u00e1moslo con un ejemplo..<\/p>\n\n\n\n<div style=\"height:35px\" aria-hidden=\"true\" class=\"wp-block-spacer\"><\/div>\n<\/div>\n<\/div>\n\n\n\n<div class=\"wp-block-column  col col--right is-layout-flow wp-block-column-is-layout-flow\">\n<div class=\"wp-block-group is-layout-constrained wp-container-core-group-is-layout-7b106312 wp-block-group-is-layout-constrained\" style=\"font-size:0.94rem;line-height:1.5\">\n<div class=\"wp-block-group has-border-color has-white-background-color has-background is-layout-constrained wp-container-core-group-is-layout-fd799c30 wp-block-group-is-layout-constrained\" style=\"border-color:#eeeeee;border-width:1px;border-radius:4px;padding-top:var(--wp--preset--spacing--40);padding-right:var(--wp--preset--spacing--50);padding-bottom:var(--wp--preset--spacing--40);padding-left:var(--wp--preset--spacing--50)\">\n<figure class=\"wp-block-image size-large has-custom-border\"><img loading=\"lazy\" decoding=\"async\" width=\"724\" height=\"1024\" src=\"https:\/\/www.santafe.gob.ar\/ms\/prosumidores\/wp-content\/uploads\/sites\/19\/2024\/09\/factura-prosumidor-724x1024.webp\" alt=\"\" class=\"wp-image-8384\" style=\"border-radius:0px\" srcset=\"https:\/\/www.santafe.gob.ar\/ms\/prosumidores\/wp-content\/uploads\/sites\/19\/2024\/09\/factura-prosumidor-724x1024.webp 724w, https:\/\/www.santafe.gob.ar\/ms\/prosumidores\/wp-content\/uploads\/sites\/19\/2024\/09\/factura-prosumidor-212x300.webp 212w, https:\/\/www.santafe.gob.ar\/ms\/prosumidores\/wp-content\/uploads\/sites\/19\/2024\/09\/factura-prosumidor-768x1086.webp 768w, https:\/\/www.santafe.gob.ar\/ms\/prosumidores\/wp-content\/uploads\/sites\/19\/2024\/09\/factura-prosumidor-1086x1536.webp 1086w, https:\/\/www.santafe.gob.ar\/ms\/prosumidores\/wp-content\/uploads\/sites\/19\/2024\/09\/factura-prosumidor.webp 1131w\" sizes=\"auto, (max-width: 724px) 100vw, 724px\" \/><\/figure>\n<\/div>\n<\/div>\n<\/div>\n<\/div>\n<\/div>\n<\/div>\n","protected":false},"excerpt":{"rendered":"<p>\u00bfC\u00f3mo leer mi factura el\u00e9ctrica como Prosumidor? Una vez que tengas instalado y conectado tu sistema renovable a la red el\u00e9ctrica, la Distribuidora proceder\u00e1 a:&nbsp; Este descuento est\u00e1 formado por 2 partes: Reconocimiento de la Distribuidora: lo vas a encontrar restando en el Subtotal de tu factura (antes de impuestos), se trata de la cantidad [&hellip;]<\/p>\n","protected":false},"author":2,"featured_media":0,"parent":0,"menu_order":0,"comment_status":"closed","ping_status":"closed","template":"","meta":{"_acf_changed":false,"_crdt_document":"","footnotes":""},"class_list":["post-8368","page","type-page","status-publish","hentry"],"acf":[],"_links":{"self":[{"href":"https:\/\/www.santafe.gob.ar\/ms\/prosumidores\/wp-json\/wp\/v2\/pages\/8368","targetHints":{"allow":["GET"]}}],"collection":[{"href":"https:\/\/www.santafe.gob.ar\/ms\/prosumidores\/wp-json\/wp\/v2\/pages"}],"about":[{"href":"https:\/\/www.santafe.gob.ar\/ms\/prosumidores\/wp-json\/wp\/v2\/types\/page"}],"author":[{"embeddable":true,"href":"https:\/\/www.santafe.gob.ar\/ms\/prosumidores\/wp-json\/wp\/v2\/users\/2"}],"replies":[{"embeddable":true,"href":"https:\/\/www.santafe.gob.ar\/ms\/prosumidores\/wp-json\/wp\/v2\/comments?post=8368"}],"version-history":[{"count":30,"href":"https:\/\/www.santafe.gob.ar\/ms\/prosumidores\/wp-json\/wp\/v2\/pages\/8368\/revisions"}],"predecessor-version":[{"id":8479,"href":"https:\/\/www.santafe.gob.ar\/ms\/prosumidores\/wp-json\/wp\/v2\/pages\/8368\/revisions\/8479"}],"wp:attachment":[{"href":"https:\/\/www.santafe.gob.ar\/ms\/prosumidores\/wp-json\/wp\/v2\/media?parent=8368"}],"curies":[{"name":"wp","href":"https:\/\/api.w.org\/{rel}","templated":true}]}}