{"id":3911,"date":"2025-05-11T16:21:52","date_gmt":"2025-05-11T19:21:52","guid":{"rendered":"https:\/\/santafe.gob.ar\/ms\/santafeaca\/?page_id=3059"},"modified":"2025-10-16T18:07:46","modified_gmt":"2025-10-16T21:07:46","slug":"programas","status":"publish","type":"page","link":"https:\/\/www.santafe.gob.ar\/ms\/santafeaca\/programas\/","title":{"rendered":"Programas"},"content":{"rendered":"\n<main class=\"wp-block-group main-programas is-layout-constrained wp-container-core-group-is-layout-4c48b175 wp-block-group-is-layout-constrained\" style=\"margin-top:0;margin-bottom:0;padding-top:0;padding-right:0;padding-bottom:0;padding-left:0\">\n<section class=\"wp-block-group alignfull hero programas-block px-1rem-mob py-3rem-mob overflow-hidden is-layout-constrained wp-block-group-is-layout-constrained\" style=\"margin-top:0;margin-bottom:0;padding-top:75px;padding-bottom:100px\">\n<div class=\"wp-block-group alignwide container relative z-10 is-content-justification-left is-layout-constrained wp-container-core-group-is-layout-08a3bb93 wp-block-group-is-layout-constrained\">\n<div class=\"wp-block-group is-layout-constrained wp-block-group-is-layout-constrained\">\n<h1 class=\"wp-block-heading block__title text-40px-mob has-text-color has-link-color wp-elements-004b94dfd561108f5c679e601580560f\" style=\"color:#494a61;margin-top:0;margin-bottom:0;font-size:3rem\">Programas de <br>impacto territorial<\/h1>\n\n\n\n<div class=\"wp-block-group block__bajada is-layout-constrained wp-container-core-group-is-layout-897b484d wp-block-group-is-layout-constrained\" style=\"margin-top:var(--wp--preset--spacing--70);margin-bottom:0\">\n<p style=\"font-size:18px\">En esta gu\u00eda vas a encontrar, ordenados por \u00e1rea de acci\u00f3n, los programas e iniciativas con impacto local del Gobierno de la Provincia de Santa Fe para que puedas conocerlos y acceder a ellos.<\/p>\n<\/div>\n<\/div>\n<\/div>\n\n\n\n\n\n<figure class=\"wp-block-image size-full has-custom-border img-flotante transition-transform duration-300 ease-in-out hover:scale-110\" style=\"margin-top:0;margin-bottom:0\"><img decoding=\"async\" src=\"https:\/\/www.santafe.gob.ar\/ms\/santafeaca\/wp-content\/uploads\/sites\/70\/2025\/10\/svg-bg-programas.svg\" alt=\"\" class=\"wp-image-4402\" style=\"border-radius:0px\" \/><\/figure>\n<\/section>\n\n\n\n<div class=\"wp-block-group alignfull taxonomias-block px-1rem-mob py-3rem-mob has-custom-fondo-gris-background-color has-background is-layout-constrained wp-block-group-is-layout-constrained\" style=\"margin-top:0;margin-bottom:0;padding-top:101px;padding-bottom:101px\">\n<div class=\"wp-block-group alignwide container gap-60px-mob is-vertical is-layout-flex wp-container-core-group-is-layout-e7de016b wp-block-group-is-layout-flex\">\n<div class=\"wp-block-group alignwide w-full js-aos-once js-aos-fade-up is-content-justification-left is-layout-constrained wp-container-core-group-is-layout-12dd3699 wp-block-group-is-layout-constrained\">\n<h2 class=\"wp-block-heading alignwide block__title text-30px-mob mb-20px-mob has-text-color has-link-color wp-elements-222c39e59bac6f166964f9fd97267bf0\" style=\"color:#494a61;margin-top:0;margin-bottom:45px;font-size:2.25rem;line-height:1.15\">Ministerios<\/h2>\n\n\n\n    <ul class=\"programas-taxs programas-taxs--2-cols reset-custom-block\">\n                                <li class=\"term\">\n                <a class=\"term__link\" href=\"https:\/\/www.santafe.gob.ar\/ms\/santafeaca\/ministerio\/ambiente-y-cambio-climatico\/\" aria-label=\"Ver Ambiente y Cambio Clim\u00e1tico\">\n                    <span class=\"term__title\">\n                        Ambiente y Cambio Clim\u00e1tico                    <\/span>\n                    <svg class=\"term__icon\" width=\"10\" height=\"14\" viewBox=\"0 0 10 14\" fill=\"none\" xmlns=\"http:\/\/www.w3.org\/2000\/svg\">\n                        <path d=\"M9 7C9 7.16337 8.92682 7.30941 8.78046 7.43812L2.17673 12.8218C2.11233 12.8762 2.03915 12.9208 1.95719 12.9554C1.87523 12.9851 1.78741 13 1.69374 13C1.55909 13 1.44201 12.9752 1.34248 12.9257C1.2371 12.8713 1.15514 12.802 1.0966 12.7178C1.0322 12.6287 1 12.5297 1 12.4208C1 12.2624 1.06733 12.1262 1.20198 12.0124L7.74424 6.64356L7.74424 7.34901L1.20198 1.99505C1.06733 1.87624 1 1.73762 1 1.57921C1 1.4703 1.0322 1.37129 1.0966 1.28218C1.15514 1.19307 1.2371 1.12376 1.34248 1.07426C1.44201 1.02475 1.55909 1 1.69374 1C1.87523 1 2.03622 1.05693 2.17673 1.17079L8.77168 6.56931C8.84779 6.62376 8.90633 6.68812 8.94731 6.76238C8.98244 6.83663 9 6.91584 9 7Z\" fill=\"#959595\" stroke=\"#959595\" stroke-width=\"0.5\"\/>\n                    <\/svg>\n                <\/a>\n            <\/li>\n                                <li class=\"term\">\n                <a class=\"term__link\" href=\"https:\/\/www.santafe.gob.ar\/ms\/santafeaca\/ministerio\/cultura\/\" aria-label=\"Ver Cultura\">\n                    <span class=\"term__title\">\n                        Cultura                    <\/span>\n                    <svg class=\"term__icon\" width=\"10\" height=\"14\" viewBox=\"0 0 10 14\" fill=\"none\" xmlns=\"http:\/\/www.w3.org\/2000\/svg\">\n                        <path d=\"M9 7C9 7.16337 8.92682 7.30941 8.78046 7.43812L2.17673 12.8218C2.11233 12.8762 2.03915 12.9208 1.95719 12.9554C1.87523 12.9851 1.78741 13 1.69374 13C1.55909 13 1.44201 12.9752 1.34248 12.9257C1.2371 12.8713 1.15514 12.802 1.0966 12.7178C1.0322 12.6287 1 12.5297 1 12.4208C1 12.2624 1.06733 12.1262 1.20198 12.0124L7.74424 6.64356L7.74424 7.34901L1.20198 1.99505C1.06733 1.87624 1 1.73762 1 1.57921C1 1.4703 1.0322 1.37129 1.0966 1.28218C1.15514 1.19307 1.2371 1.12376 1.34248 1.07426C1.44201 1.02475 1.55909 1 1.69374 1C1.87523 1 2.03622 1.05693 2.17673 1.17079L8.77168 6.56931C8.84779 6.62376 8.90633 6.68812 8.94731 6.76238C8.98244 6.83663 9 6.91584 9 7Z\" fill=\"#959595\" stroke=\"#959595\" stroke-width=\"0.5\"\/>\n                    <\/svg>\n                <\/a>\n            <\/li>\n                                <li class=\"term\">\n                <a class=\"term__link\" href=\"https:\/\/www.santafe.gob.ar\/ms\/santafeaca\/ministerio\/desarrollo-productivo\/\" aria-label=\"Ver Desarrollo Productivo\">\n                    <span class=\"term__title\">\n                        Desarrollo Productivo                    <\/span>\n                    <svg class=\"term__icon\" width=\"10\" height=\"14\" viewBox=\"0 0 10 14\" fill=\"none\" xmlns=\"http:\/\/www.w3.org\/2000\/svg\">\n                        <path d=\"M9 7C9 7.16337 8.92682 7.30941 8.78046 7.43812L2.17673 12.8218C2.11233 12.8762 2.03915 12.9208 1.95719 12.9554C1.87523 12.9851 1.78741 13 1.69374 13C1.55909 13 1.44201 12.9752 1.34248 12.9257C1.2371 12.8713 1.15514 12.802 1.0966 12.7178C1.0322 12.6287 1 12.5297 1 12.4208C1 12.2624 1.06733 12.1262 1.20198 12.0124L7.74424 6.64356L7.74424 7.34901L1.20198 1.99505C1.06733 1.87624 1 1.73762 1 1.57921C1 1.4703 1.0322 1.37129 1.0966 1.28218C1.15514 1.19307 1.2371 1.12376 1.34248 1.07426C1.44201 1.02475 1.55909 1 1.69374 1C1.87523 1 2.03622 1.05693 2.17673 1.17079L8.77168 6.56931C8.84779 6.62376 8.90633 6.68812 8.94731 6.76238C8.98244 6.83663 9 6.91584 9 7Z\" fill=\"#959595\" stroke=\"#959595\" stroke-width=\"0.5\"\/>\n                    <\/svg>\n                <\/a>\n            <\/li>\n                                <li class=\"term\">\n                <a class=\"term__link\" href=\"https:\/\/www.santafe.gob.ar\/ms\/santafeaca\/ministerio\/economia\/\" aria-label=\"Ver Econom\u00eda\">\n                    <span class=\"term__title\">\n                        Econom\u00eda                    <\/span>\n                    <svg class=\"term__icon\" width=\"10\" height=\"14\" viewBox=\"0 0 10 14\" fill=\"none\" xmlns=\"http:\/\/www.w3.org\/2000\/svg\">\n                        <path d=\"M9 7C9 7.16337 8.92682 7.30941 8.78046 7.43812L2.17673 12.8218C2.11233 12.8762 2.03915 12.9208 1.95719 12.9554C1.87523 12.9851 1.78741 13 1.69374 13C1.55909 13 1.44201 12.9752 1.34248 12.9257C1.2371 12.8713 1.15514 12.802 1.0966 12.7178C1.0322 12.6287 1 12.5297 1 12.4208C1 12.2624 1.06733 12.1262 1.20198 12.0124L7.74424 6.64356L7.74424 7.34901L1.20198 1.99505C1.06733 1.87624 1 1.73762 1 1.57921C1 1.4703 1.0322 1.37129 1.0966 1.28218C1.15514 1.19307 1.2371 1.12376 1.34248 1.07426C1.44201 1.02475 1.55909 1 1.69374 1C1.87523 1 2.03622 1.05693 2.17673 1.17079L8.77168 6.56931C8.84779 6.62376 8.90633 6.68812 8.94731 6.76238C8.98244 6.83663 9 6.91584 9 7Z\" fill=\"#959595\" stroke=\"#959595\" stroke-width=\"0.5\"\/>\n                    <\/svg>\n                <\/a>\n            <\/li>\n                                <li class=\"term\">\n                <a class=\"term__link\" href=\"https:\/\/www.santafe.gob.ar\/ms\/santafeaca\/ministerio\/educacion\/\" aria-label=\"Ver Educaci\u00f3n\">\n                    <span class=\"term__title\">\n                        Educaci\u00f3n                    <\/span>\n                    <svg class=\"term__icon\" width=\"10\" height=\"14\" viewBox=\"0 0 10 14\" fill=\"none\" xmlns=\"http:\/\/www.w3.org\/2000\/svg\">\n                        <path d=\"M9 7C9 7.16337 8.92682 7.30941 8.78046 7.43812L2.17673 12.8218C2.11233 12.8762 2.03915 12.9208 1.95719 12.9554C1.87523 12.9851 1.78741 13 1.69374 13C1.55909 13 1.44201 12.9752 1.34248 12.9257C1.2371 12.8713 1.15514 12.802 1.0966 12.7178C1.0322 12.6287 1 12.5297 1 12.4208C1 12.2624 1.06733 12.1262 1.20198 12.0124L7.74424 6.64356L7.74424 7.34901L1.20198 1.99505C1.06733 1.87624 1 1.73762 1 1.57921C1 1.4703 1.0322 1.37129 1.0966 1.28218C1.15514 1.19307 1.2371 1.12376 1.34248 1.07426C1.44201 1.02475 1.55909 1 1.69374 1C1.87523 1 2.03622 1.05693 2.17673 1.17079L8.77168 6.56931C8.84779 6.62376 8.90633 6.68812 8.94731 6.76238C8.98244 6.83663 9 6.91584 9 7Z\" fill=\"#959595\" stroke=\"#959595\" stroke-width=\"0.5\"\/>\n                    <\/svg>\n                <\/a>\n            <\/li>\n                                <li class=\"term\">\n                <a class=\"term__link\" href=\"https:\/\/www.santafe.gob.ar\/ms\/santafeaca\/ministerio\/gobierno-e-innovacion-publica\/\" aria-label=\"Ver Gobierno e Innovaci\u00f3n P\u00fablica\">\n                    <span class=\"term__title\">\n                        Gobierno e Innovaci\u00f3n P\u00fablica                    <\/span>\n                    <svg class=\"term__icon\" width=\"10\" height=\"14\" viewBox=\"0 0 10 14\" fill=\"none\" xmlns=\"http:\/\/www.w3.org\/2000\/svg\">\n                        <path d=\"M9 7C9 7.16337 8.92682 7.30941 8.78046 7.43812L2.17673 12.8218C2.11233 12.8762 2.03915 12.9208 1.95719 12.9554C1.87523 12.9851 1.78741 13 1.69374 13C1.55909 13 1.44201 12.9752 1.34248 12.9257C1.2371 12.8713 1.15514 12.802 1.0966 12.7178C1.0322 12.6287 1 12.5297 1 12.4208C1 12.2624 1.06733 12.1262 1.20198 12.0124L7.74424 6.64356L7.74424 7.34901L1.20198 1.99505C1.06733 1.87624 1 1.73762 1 1.57921C1 1.4703 1.0322 1.37129 1.0966 1.28218C1.15514 1.19307 1.2371 1.12376 1.34248 1.07426C1.44201 1.02475 1.55909 1 1.69374 1C1.87523 1 2.03622 1.05693 2.17673 1.17079L8.77168 6.56931C8.84779 6.62376 8.90633 6.68812 8.94731 6.76238C8.98244 6.83663 9 6.91584 9 7Z\" fill=\"#959595\" stroke=\"#959595\" stroke-width=\"0.5\"\/>\n                    <\/svg>\n                <\/a>\n            <\/li>\n                                <li class=\"term\">\n                <a class=\"term__link\" href=\"https:\/\/www.santafe.gob.ar\/ms\/santafeaca\/ministerio\/igualdad-y-desarrollo-humano\/\" aria-label=\"Ver Igualdad y Desarrollo Humano\">\n                    <span class=\"term__title\">\n                        Igualdad y Desarrollo Humano                    <\/span>\n                    <svg class=\"term__icon\" width=\"10\" height=\"14\" viewBox=\"0 0 10 14\" fill=\"none\" xmlns=\"http:\/\/www.w3.org\/2000\/svg\">\n                        <path d=\"M9 7C9 7.16337 8.92682 7.30941 8.78046 7.43812L2.17673 12.8218C2.11233 12.8762 2.03915 12.9208 1.95719 12.9554C1.87523 12.9851 1.78741 13 1.69374 13C1.55909 13 1.44201 12.9752 1.34248 12.9257C1.2371 12.8713 1.15514 12.802 1.0966 12.7178C1.0322 12.6287 1 12.5297 1 12.4208C1 12.2624 1.06733 12.1262 1.20198 12.0124L7.74424 6.64356L7.74424 7.34901L1.20198 1.99505C1.06733 1.87624 1 1.73762 1 1.57921C1 1.4703 1.0322 1.37129 1.0966 1.28218C1.15514 1.19307 1.2371 1.12376 1.34248 1.07426C1.44201 1.02475 1.55909 1 1.69374 1C1.87523 1 2.03622 1.05693 2.17673 1.17079L8.77168 6.56931C8.84779 6.62376 8.90633 6.68812 8.94731 6.76238C8.98244 6.83663 9 6.91584 9 7Z\" fill=\"#959595\" stroke=\"#959595\" stroke-width=\"0.5\"\/>\n                    <\/svg>\n                <\/a>\n            <\/li>\n                                <li class=\"term\">\n                <a class=\"term__link\" href=\"https:\/\/www.santafe.gob.ar\/ms\/santafeaca\/ministerio\/interministerial\/\" aria-label=\"Ver Interministerial\">\n                    <span class=\"term__title\">\n                        Interministerial                    <\/span>\n                    <svg class=\"term__icon\" width=\"10\" height=\"14\" viewBox=\"0 0 10 14\" fill=\"none\" xmlns=\"http:\/\/www.w3.org\/2000\/svg\">\n                        <path d=\"M9 7C9 7.16337 8.92682 7.30941 8.78046 7.43812L2.17673 12.8218C2.11233 12.8762 2.03915 12.9208 1.95719 12.9554C1.87523 12.9851 1.78741 13 1.69374 13C1.55909 13 1.44201 12.9752 1.34248 12.9257C1.2371 12.8713 1.15514 12.802 1.0966 12.7178C1.0322 12.6287 1 12.5297 1 12.4208C1 12.2624 1.06733 12.1262 1.20198 12.0124L7.74424 6.64356L7.74424 7.34901L1.20198 1.99505C1.06733 1.87624 1 1.73762 1 1.57921C1 1.4703 1.0322 1.37129 1.0966 1.28218C1.15514 1.19307 1.2371 1.12376 1.34248 1.07426C1.44201 1.02475 1.55909 1 1.69374 1C1.87523 1 2.03622 1.05693 2.17673 1.17079L8.77168 6.56931C8.84779 6.62376 8.90633 6.68812 8.94731 6.76238C8.98244 6.83663 9 6.91584 9 7Z\" fill=\"#959595\" stroke=\"#959595\" stroke-width=\"0.5\"\/>\n                    <\/svg>\n                <\/a>\n            <\/li>\n                                <li class=\"term\">\n                <a class=\"term__link\" href=\"https:\/\/www.santafe.gob.ar\/ms\/santafeaca\/ministerio\/justicia-y-seguridad\/\" aria-label=\"Ver Justicia y Seguridad\">\n                    <span class=\"term__title\">\n                        Justicia y Seguridad                    <\/span>\n                    <svg class=\"term__icon\" width=\"10\" height=\"14\" viewBox=\"0 0 10 14\" fill=\"none\" xmlns=\"http:\/\/www.w3.org\/2000\/svg\">\n                        <path d=\"M9 7C9 7.16337 8.92682 7.30941 8.78046 7.43812L2.17673 12.8218C2.11233 12.8762 2.03915 12.9208 1.95719 12.9554C1.87523 12.9851 1.78741 13 1.69374 13C1.55909 13 1.44201 12.9752 1.34248 12.9257C1.2371 12.8713 1.15514 12.802 1.0966 12.7178C1.0322 12.6287 1 12.5297 1 12.4208C1 12.2624 1.06733 12.1262 1.20198 12.0124L7.74424 6.64356L7.74424 7.34901L1.20198 1.99505C1.06733 1.87624 1 1.73762 1 1.57921C1 1.4703 1.0322 1.37129 1.0966 1.28218C1.15514 1.19307 1.2371 1.12376 1.34248 1.07426C1.44201 1.02475 1.55909 1 1.69374 1C1.87523 1 2.03622 1.05693 2.17673 1.17079L8.77168 6.56931C8.84779 6.62376 8.90633 6.68812 8.94731 6.76238C8.98244 6.83663 9 6.91584 9 7Z\" fill=\"#959595\" stroke=\"#959595\" stroke-width=\"0.5\"\/>\n                    <\/svg>\n                <\/a>\n            <\/li>\n                                <li class=\"term\">\n                <a class=\"term__link\" href=\"https:\/\/www.santafe.gob.ar\/ms\/santafeaca\/ministerio\/obras-publicas\/\" aria-label=\"Ver Obras P\u00fablicas\">\n                    <span class=\"term__title\">\n                        Obras P\u00fablicas                    <\/span>\n                    <svg class=\"term__icon\" width=\"10\" height=\"14\" viewBox=\"0 0 10 14\" fill=\"none\" xmlns=\"http:\/\/www.w3.org\/2000\/svg\">\n                        <path d=\"M9 7C9 7.16337 8.92682 7.30941 8.78046 7.43812L2.17673 12.8218C2.11233 12.8762 2.03915 12.9208 1.95719 12.9554C1.87523 12.9851 1.78741 13 1.69374 13C1.55909 13 1.44201 12.9752 1.34248 12.9257C1.2371 12.8713 1.15514 12.802 1.0966 12.7178C1.0322 12.6287 1 12.5297 1 12.4208C1 12.2624 1.06733 12.1262 1.20198 12.0124L7.74424 6.64356L7.74424 7.34901L1.20198 1.99505C1.06733 1.87624 1 1.73762 1 1.57921C1 1.4703 1.0322 1.37129 1.0966 1.28218C1.15514 1.19307 1.2371 1.12376 1.34248 1.07426C1.44201 1.02475 1.55909 1 1.69374 1C1.87523 1 2.03622 1.05693 2.17673 1.17079L8.77168 6.56931C8.84779 6.62376 8.90633 6.68812 8.94731 6.76238C8.98244 6.83663 9 6.91584 9 7Z\" fill=\"#959595\" stroke=\"#959595\" stroke-width=\"0.5\"\/>\n                    <\/svg>\n                <\/a>\n            <\/li>\n                                <li class=\"term\">\n                <a class=\"term__link\" href=\"https:\/\/www.santafe.gob.ar\/ms\/santafeaca\/ministerio\/salud\/\" aria-label=\"Ver Salud\">\n                    <span class=\"term__title\">\n                        Salud                    <\/span>\n                    <svg class=\"term__icon\" width=\"10\" height=\"14\" viewBox=\"0 0 10 14\" fill=\"none\" xmlns=\"http:\/\/www.w3.org\/2000\/svg\">\n                        <path d=\"M9 7C9 7.16337 8.92682 7.30941 8.78046 7.43812L2.17673 12.8218C2.11233 12.8762 2.03915 12.9208 1.95719 12.9554C1.87523 12.9851 1.78741 13 1.69374 13C1.55909 13 1.44201 12.9752 1.34248 12.9257C1.2371 12.8713 1.15514 12.802 1.0966 12.7178C1.0322 12.6287 1 12.5297 1 12.4208C1 12.2624 1.06733 12.1262 1.20198 12.0124L7.74424 6.64356L7.74424 7.34901L1.20198 1.99505C1.06733 1.87624 1 1.73762 1 1.57921C1 1.4703 1.0322 1.37129 1.0966 1.28218C1.15514 1.19307 1.2371 1.12376 1.34248 1.07426C1.44201 1.02475 1.55909 1 1.69374 1C1.87523 1 2.03622 1.05693 2.17673 1.17079L8.77168 6.56931C8.84779 6.62376 8.90633 6.68812 8.94731 6.76238C8.98244 6.83663 9 6.91584 9 7Z\" fill=\"#959595\" stroke=\"#959595\" stroke-width=\"0.5\"\/>\n                    <\/svg>\n                <\/a>\n            <\/li>\n                                <li class=\"term\">\n                <a class=\"term__link\" href=\"https:\/\/www.santafe.gob.ar\/ms\/santafeaca\/ministerio\/secretaria-de-derechos-humanos\/\" aria-label=\"Ver Secretar\u00eda de Derechos Humanos\">\n                    <span class=\"term__title\">\n                        Secretar\u00eda de Derechos Humanos                    <\/span>\n                    <svg class=\"term__icon\" width=\"10\" height=\"14\" viewBox=\"0 0 10 14\" fill=\"none\" xmlns=\"http:\/\/www.w3.org\/2000\/svg\">\n                        <path d=\"M9 7C9 7.16337 8.92682 7.30941 8.78046 7.43812L2.17673 12.8218C2.11233 12.8762 2.03915 12.9208 1.95719 12.9554C1.87523 12.9851 1.78741 13 1.69374 13C1.55909 13 1.44201 12.9752 1.34248 12.9257C1.2371 12.8713 1.15514 12.802 1.0966 12.7178C1.0322 12.6287 1 12.5297 1 12.4208C1 12.2624 1.06733 12.1262 1.20198 12.0124L7.74424 6.64356L7.74424 7.34901L1.20198 1.99505C1.06733 1.87624 1 1.73762 1 1.57921C1 1.4703 1.0322 1.37129 1.0966 1.28218C1.15514 1.19307 1.2371 1.12376 1.34248 1.07426C1.44201 1.02475 1.55909 1 1.69374 1C1.87523 1 2.03622 1.05693 2.17673 1.17079L8.77168 6.56931C8.84779 6.62376 8.90633 6.68812 8.94731 6.76238C8.98244 6.83663 9 6.91584 9 7Z\" fill=\"#959595\" stroke=\"#959595\" stroke-width=\"0.5\"\/>\n                    <\/svg>\n                <\/a>\n            <\/li>\n                                <li class=\"term\">\n                <a class=\"term__link\" href=\"https:\/\/www.santafe.gob.ar\/ms\/santafeaca\/ministerio\/trabajo-empleo-y-seguridad-social\/\" aria-label=\"Ver Trabajo, Empleo y Seguridad Social\">\n                    <span class=\"term__title\">\n                        Trabajo, Empleo y Seguridad Social                    <\/span>\n                    <svg class=\"term__icon\" width=\"10\" height=\"14\" viewBox=\"0 0 10 14\" fill=\"none\" xmlns=\"http:\/\/www.w3.org\/2000\/svg\">\n                        <path d=\"M9 7C9 7.16337 8.92682 7.30941 8.78046 7.43812L2.17673 12.8218C2.11233 12.8762 2.03915 12.9208 1.95719 12.9554C1.87523 12.9851 1.78741 13 1.69374 13C1.55909 13 1.44201 12.9752 1.34248 12.9257C1.2371 12.8713 1.15514 12.802 1.0966 12.7178C1.0322 12.6287 1 12.5297 1 12.4208C1 12.2624 1.06733 12.1262 1.20198 12.0124L7.74424 6.64356L7.74424 7.34901L1.20198 1.99505C1.06733 1.87624 1 1.73762 1 1.57921C1 1.4703 1.0322 1.37129 1.0966 1.28218C1.15514 1.19307 1.2371 1.12376 1.34248 1.07426C1.44201 1.02475 1.55909 1 1.69374 1C1.87523 1 2.03622 1.05693 2.17673 1.17079L8.77168 6.56931C8.84779 6.62376 8.90633 6.68812 8.94731 6.76238C8.98244 6.83663 9 6.91584 9 7Z\" fill=\"#959595\" stroke=\"#959595\" stroke-width=\"0.5\"\/>\n                    <\/svg>\n                <\/a>\n            <\/li>\n            <\/ul>\n<\/div>\n\n\n\n<div class=\"wp-block-group alignwide w-full js-aos-once js-aos-fade-up is-content-justification-left is-layout-constrained wp-container-core-group-is-layout-12dd3699 wp-block-group-is-layout-constrained\" id=\"destinatarios\">\n<h2 class=\"wp-block-heading alignwide block__title text-30px-mob mb-20px-mob\" style=\"margin-top:0;margin-bottom:45px;font-size:2.25rem;line-height:1.15\">Destinatarios<\/h2>\n\n\n    <ul class=\"programas-taxs reset-custom-block\">\n                                <li class=\"term \">\n                <a class=\"term__link\" href=\"https:\/\/www.santafe.gob.ar\/ms\/santafeaca\/destinatario\/ciudadanos\/\" aria-label=\"Ver Ciudadanos\">\n\n                    <span class=\"term__title\">\n                        Ciudadanos                    <\/span>\n\n                    <svg class=\"term__icon\" width=\"10\" height=\"14\" viewBox=\"0 0 10 14\" fill=\"none\" xmlns=\"http:\/\/www.w3.org\/2000\/svg\">\n                        <path d=\"M9 7C9 7.16337 8.92682 7.30941 8.78046 7.43812L2.17673 12.8218C2.11233 12.8762 2.03915 12.9208 1.95719 12.9554C1.87523 12.9851 1.78741 13 1.69374 13C1.55909 13 1.44201 12.9752 1.34248 12.9257C1.2371 12.8713 1.15514 12.802 1.0966 12.7178C1.0322 12.6287 1 12.5297 1 12.4208C1 12.2624 1.06733 12.1262 1.20198 12.0124L7.74424 6.64356L7.74424 7.34901L1.20198 1.99505C1.06733 1.87624 1 1.73762 1 1.57921C1 1.4703 1.0322 1.37129 1.0966 1.28218C1.15514 1.19307 1.2371 1.12376 1.34248 1.07426C1.44201 1.02475 1.55909 1 1.69374 1C1.87523 1 2.03622 1.05693 2.17673 1.17079L8.77168 6.56931C8.84779 6.62376 8.90633 6.68812 8.94731 6.76238C8.98244 6.83663 9 6.91584 9 7Z\" fill=\"#959595\" stroke=\"#959595\" stroke-width=\"0.5\"\/>\n                    <\/svg>\n\n                <\/a>\n            <\/li>\n                                <li class=\"term \">\n                <a class=\"term__link\" href=\"https:\/\/www.santafe.gob.ar\/ms\/santafeaca\/destinatario\/gobiernos-locales\/\" aria-label=\"Ver Gobiernos locales\">\n\n                    <span class=\"term__title\">\n                        Gobiernos locales                    <\/span>\n\n                    <svg class=\"term__icon\" width=\"10\" height=\"14\" viewBox=\"0 0 10 14\" fill=\"none\" xmlns=\"http:\/\/www.w3.org\/2000\/svg\">\n                        <path d=\"M9 7C9 7.16337 8.92682 7.30941 8.78046 7.43812L2.17673 12.8218C2.11233 12.8762 2.03915 12.9208 1.95719 12.9554C1.87523 12.9851 1.78741 13 1.69374 13C1.55909 13 1.44201 12.9752 1.34248 12.9257C1.2371 12.8713 1.15514 12.802 1.0966 12.7178C1.0322 12.6287 1 12.5297 1 12.4208C1 12.2624 1.06733 12.1262 1.20198 12.0124L7.74424 6.64356L7.74424 7.34901L1.20198 1.99505C1.06733 1.87624 1 1.73762 1 1.57921C1 1.4703 1.0322 1.37129 1.0966 1.28218C1.15514 1.19307 1.2371 1.12376 1.34248 1.07426C1.44201 1.02475 1.55909 1 1.69374 1C1.87523 1 2.03622 1.05693 2.17673 1.17079L8.77168 6.56931C8.84779 6.62376 8.90633 6.68812 8.94731 6.76238C8.98244 6.83663 9 6.91584 9 7Z\" fill=\"#959595\" stroke=\"#959595\" stroke-width=\"0.5\"\/>\n                    <\/svg>\n\n                <\/a>\n            <\/li>\n                                <li class=\"term \">\n                <a class=\"term__link\" href=\"https:\/\/www.santafe.gob.ar\/ms\/santafeaca\/destinatario\/instituciones-empresas\/\" aria-label=\"Ver Instituciones\/Empresas\">\n\n                    <span class=\"term__title\">\n                        Instituciones\/Empresas                    <\/span>\n\n                    <svg class=\"term__icon\" width=\"10\" height=\"14\" viewBox=\"0 0 10 14\" fill=\"none\" xmlns=\"http:\/\/www.w3.org\/2000\/svg\">\n                        <path d=\"M9 7C9 7.16337 8.92682 7.30941 8.78046 7.43812L2.17673 12.8218C2.11233 12.8762 2.03915 12.9208 1.95719 12.9554C1.87523 12.9851 1.78741 13 1.69374 13C1.55909 13 1.44201 12.9752 1.34248 12.9257C1.2371 12.8713 1.15514 12.802 1.0966 12.7178C1.0322 12.6287 1 12.5297 1 12.4208C1 12.2624 1.06733 12.1262 1.20198 12.0124L7.74424 6.64356L7.74424 7.34901L1.20198 1.99505C1.06733 1.87624 1 1.73762 1 1.57921C1 1.4703 1.0322 1.37129 1.0966 1.28218C1.15514 1.19307 1.2371 1.12376 1.34248 1.07426C1.44201 1.02475 1.55909 1 1.69374 1C1.87523 1 2.03622 1.05693 2.17673 1.17079L8.77168 6.56931C8.84779 6.62376 8.90633 6.68812 8.94731 6.76238C8.98244 6.83663 9 6.91584 9 7Z\" fill=\"#959595\" stroke=\"#959595\" stroke-width=\"0.5\"\/>\n                    <\/svg>\n\n                <\/a>\n            <\/li>\n            <\/ul>\n<\/div>\n<\/div>\n<\/div>\n<\/main>\n","protected":false},"excerpt":{"rendered":"<p>Programas de impacto territorial En esta gu\u00eda vas a encontrar, ordenados por \u00e1rea de acci\u00f3n, los programas e iniciativas con impacto local del Gobierno de la Provincia de Santa Fe [&hellip;]<\/p>\n","protected":false},"author":2,"featured_media":0,"parent":0,"menu_order":0,"comment_status":"closed","ping_status":"closed","template":"","meta":{"_acf_changed":false,"_EventAllDay":false,"_EventTimezone":"","_EventStartDate":"","_EventEndDate":"","_EventStartDateUTC":"","_EventEndDateUTC":"","_EventShowMap":false,"_EventShowMapLink":false,"_EventURL":"","_EventCost":"","_EventCostDescription":"","_EventCurrencySymbol":"","_EventCurrencyCode":"","_EventCurrencyPosition":"","_EventDateTimeSeparator":"","_EventTimeRangeSeparator":"","_EventOrganizerID":[],"_EventVenueID":[],"_OrganizerEmail":"","_OrganizerPhone":"","_OrganizerWebsite":"","_VenueAddress":"","_VenueCity":"","_VenueCountry":"","_VenueProvince":"","_VenueState":"","_VenueZip":"","_VenuePhone":"","_VenueURL":"","_VenueStateProvince":"","_VenueLat":"","_VenueLng":"","_VenueShowMap":false,"_VenueShowMapLink":false,"footnotes":""},"class_list":["post-3911","page","type-page","status-publish","hentry"],"acf":[],"_links":{"self":[{"href":"https:\/\/www.santafe.gob.ar\/ms\/santafeaca\/wp-json\/wp\/v2\/pages\/3911","targetHints":{"allow":["GET"]}}],"collection":[{"href":"https:\/\/www.santafe.gob.ar\/ms\/santafeaca\/wp-json\/wp\/v2\/pages"}],"about":[{"href":"https:\/\/www.santafe.gob.ar\/ms\/santafeaca\/wp-json\/wp\/v2\/types\/page"}],"author":[{"embeddable":true,"href":"https:\/\/www.santafe.gob.ar\/ms\/santafeaca\/wp-json\/wp\/v2\/users\/2"}],"replies":[{"embeddable":true,"href":"https:\/\/www.santafe.gob.ar\/ms\/santafeaca\/wp-json\/wp\/v2\/comments?post=3911"}],"version-history":[{"count":1,"href":"https:\/\/www.santafe.gob.ar\/ms\/santafeaca\/wp-json\/wp\/v2\/pages\/3911\/revisions"}],"predecessor-version":[{"id":4403,"href":"https:\/\/www.santafe.gob.ar\/ms\/santafeaca\/wp-json\/wp\/v2\/pages\/3911\/revisions\/4403"}],"wp:attachment":[{"href":"https:\/\/www.santafe.gob.ar\/ms\/santafeaca\/wp-json\/wp\/v2\/media?parent=3911"}],"curies":[{"name":"wp","href":"https:\/\/api.w.org\/{rel}","templated":true}]}}