{"id":3912,"date":"2025-05-14T15:59:00","date_gmt":"2025-05-14T18:59:00","guid":{"rendered":"https:\/\/santafe.gob.ar\/ms\/santafeaca\/?page_id=3103"},"modified":"2025-05-14T15:59:00","modified_gmt":"2025-05-14T18:59:00","slug":"calendario","status":"publish","type":"page","link":"https:\/\/www.santafe.gob.ar\/ms\/santafeaca\/calendario\/","title":{"rendered":"Calendario"},"content":{"rendered":"\n<main class=\"wp-block-group main-calendario is-layout-constrained wp-block-group-is-layout-constrained\">\n<div class=\"wp-block-group alignwide px-1rem-mob is-content-justification-left is-layout-constrained wp-container-core-group-is-layout-c4cf76f1 wp-block-group-is-layout-constrained\" style=\"margin-bottom:3.125rem\">\n<div class=\"wp-block-group alignwide flex-col-mob items-start-mob pt-3rem-mob is-content-justification-space-between is-nowrap is-layout-flex wp-container-core-group-is-layout-e73cc9fb wp-block-group-is-layout-flex\" style=\"padding-top:80px\">\n<h1 class=\"wp-block-heading text-40px-mob has-text-color has-link-color wp-elements-3fa9060876b93459bc4f5ac86b17c0d6\" style=\"color:#494a61;font-size:50px\">Calendario de<br>pr\u00f3ximos eventos<\/h1>\n\n\n\n<p class=\"text-decoration-none eventos-enlace has-text-color has-link-color wp-elements-f86088d3af49ccc39d4875705e89cb4d\" style=\"color:#ee751d\"><a href=\"https:\/\/santafe.gob.ar\/ms\/santafeaca\/calendario\/eventos-pasados\" data-type=\"link\" data-id=\"https:\/\/santafe.gob.ar\/ms\/santafeaca\/calendario\/even\">Ver calendario<\/a><a href=\"https:\/\/santafe.gob.ar\/ms\/santafeaca\/calendario\/eventos-pasados\" data-type=\"link\" data-id=\"https:\/\/santafe.gob.ar\/ms\/santafeaca\/calendario\/even\"><\/a><\/p>\n<\/div>\n<\/div>\n\n\n\n<div class=\"wp-block-group alignwide px-1rem-mob is-layout-constrained wp-block-group-is-layout-constrained\" style=\"margin-top:0;margin-bottom:0\"><div class=\"calendario-eventos-lista\" style=\"padding-bottom:60px;\">\n<article class=\"card-evento reset-custom-block card__hover-horizontal\">\n    <a href=\"https:\/\/www.santafe.gob.ar\/ms\/santafeaca\/evento\/estacion-municipal-varadero-sarsotti-ciudad-de-santa-fe\/\" class=\"card__link\">\n\n        <div class=\"card__content\">\n\n                            <span class=\"card__volanta\">\n\n                    <svg width=\"17\" height=\"16\" viewBox=\"0 0 17 16\" fill=\"none\" xmlns=\"http:\/\/www.w3.org\/2000\/svg\">\n                        <path d=\"M2.66699 15.6084C1.81738 15.6084 1.17871 15.3975 0.750977 14.9756C0.329102 14.5596 0.118164 13.9326 0.118164 13.0947V2.93457C0.118164 2.09668 0.329102 1.46973 0.750977 1.05371C1.17871 0.631836 1.81738 0.420898 2.66699 0.420898H14.0928C14.9424 0.420898 15.5781 0.631836 16 1.05371C16.4277 1.47559 16.6416 2.10254 16.6416 2.93457V13.0947C16.6416 13.9268 16.4277 14.5537 16 14.9756C15.5781 15.3975 14.9424 15.6084 14.0928 15.6084H2.66699ZM2.56152 14.3955H14.1895C14.582 14.3955 14.8867 14.29 15.1035 14.0791C15.3203 13.874 15.4287 13.5664 15.4287 13.1562V5.42188C15.4287 5.00586 15.3203 4.69531 15.1035 4.49023C14.8867 4.2793 14.582 4.17383 14.1895 4.17383H2.56152C2.16309 4.17383 1.8584 4.2793 1.64746 4.49023C1.44238 4.69531 1.33984 5.00586 1.33984 5.42188V13.1562C1.33984 13.5664 1.44238 13.874 1.64746 14.0791C1.8584 14.29 2.16309 14.3955 2.56152 14.3955ZM6.75391 7.15332C6.61328 7.15332 6.51367 7.12988 6.45508 7.08301C6.40234 7.03027 6.37598 6.93359 6.37598 6.79297V6.30957C6.37598 6.16895 6.40234 6.0752 6.45508 6.02832C6.51367 5.98145 6.61328 5.95801 6.75391 5.95801H7.2373C7.37793 5.95801 7.47168 5.98145 7.51855 6.02832C7.57129 6.0752 7.59766 6.16895 7.59766 6.30957V6.79297C7.59766 6.93359 7.57129 7.03027 7.51855 7.08301C7.47168 7.12988 7.37793 7.15332 7.2373 7.15332H6.75391ZM9.53125 7.15332C9.39062 7.15332 9.29395 7.12988 9.24121 7.08301C9.19434 7.03027 9.1709 6.93359 9.1709 6.79297V6.30957C9.1709 6.16895 9.19434 6.0752 9.24121 6.02832C9.29395 5.98145 9.39062 5.95801 9.53125 5.95801H10.0234C10.1641 5.95801 10.2578 5.98145 10.3047 6.02832C10.3574 6.0752 10.3838 6.16895 10.3838 6.30957V6.79297C10.3838 6.93359 10.3574 7.03027 10.3047 7.08301C10.2578 7.12988 10.1641 7.15332 10.0234 7.15332H9.53125ZM12.3086 7.15332C12.1738 7.15332 12.0801 7.12988 12.0273 7.08301C11.9746 7.03027 11.9482 6.93359 11.9482 6.79297V6.30957C11.9482 6.16895 11.9746 6.0752 12.0273 6.02832C12.0801 5.98145 12.1738 5.95801 12.3086 5.95801H12.8008C12.9414 5.95801 13.0381 5.98145 13.0908 6.02832C13.1436 6.0752 13.1699 6.16895 13.1699 6.30957V6.79297C13.1699 6.93359 13.1436 7.03027 13.0908 7.08301C13.0381 7.12988 12.9414 7.15332 12.8008 7.15332H12.3086ZM3.95898 9.89551C3.82422 9.89551 3.73047 9.86914 3.67773 9.81641C3.625 9.76367 3.59863 9.66992 3.59863 9.53516V9.04297C3.59863 8.9082 3.625 8.81738 3.67773 8.77051C3.73047 8.71777 3.82422 8.69141 3.95898 8.69141H4.45117C4.5918 8.69141 4.68848 8.71777 4.74121 8.77051C4.79395 8.81738 4.82031 8.9082 4.82031 9.04297V9.53516C4.82031 9.66992 4.79395 9.76367 4.74121 9.81641C4.68848 9.86914 4.5918 9.89551 4.45117 9.89551H3.95898ZM6.75391 9.89551C6.61328 9.89551 6.51367 9.86914 6.45508 9.81641C6.40234 9.76367 6.37598 9.66992 6.37598 9.53516V9.04297C6.37598 8.9082 6.40234 8.81738 6.45508 8.77051C6.51367 8.71777 6.61328 8.69141 6.75391 8.69141H7.2373C7.37793 8.69141 7.47168 8.71777 7.51855 8.77051C7.57129 8.81738 7.59766 8.9082 7.59766 9.04297V9.53516C7.59766 9.66992 7.57129 9.76367 7.51855 9.81641C7.47168 9.86914 7.37793 9.89551 7.2373 9.89551H6.75391ZM9.53125 9.89551C9.39062 9.89551 9.29395 9.86914 9.24121 9.81641C9.19434 9.76367 9.1709 9.66992 9.1709 9.53516V9.04297C9.1709 8.9082 9.19434 8.81738 9.24121 8.77051C9.29395 8.71777 9.39062 8.69141 9.53125 8.69141H10.0234C10.1641 8.69141 10.2578 8.71777 10.3047 8.77051C10.3574 8.81738 10.3838 8.9082 10.3838 9.04297V9.53516C10.3838 9.66992 10.3574 9.76367 10.3047 9.81641C10.2578 9.86914 10.1641 9.89551 10.0234 9.89551H9.53125ZM12.3086 9.89551C12.1738 9.89551 12.0801 9.86914 12.0273 9.81641C11.9746 9.76367 11.9482 9.66992 11.9482 9.53516V9.04297C11.9482 8.9082 11.9746 8.81738 12.0273 8.77051C12.0801 8.71777 12.1738 8.69141 12.3086 8.69141H12.8008C12.9414 8.69141 13.0381 8.71777 13.0908 8.77051C13.1436 8.81738 13.1699 8.9082 13.1699 9.04297V9.53516C13.1699 9.66992 13.1436 9.76367 13.0908 9.81641C13.0381 9.86914 12.9414 9.89551 12.8008 9.89551H12.3086ZM3.95898 12.6289C3.82422 12.6289 3.73047 12.6055 3.67773 12.5586C3.625 12.5117 3.59863 12.418 3.59863 12.2773V11.7939C3.59863 11.6533 3.625 11.5596 3.67773 11.5127C3.73047 11.46 3.82422 11.4336 3.95898 11.4336H4.45117C4.5918 11.4336 4.68848 11.46 4.74121 11.5127C4.79395 11.5596 4.82031 11.6533 4.82031 11.7939V12.2773C4.82031 12.418 4.79395 12.5117 4.74121 12.5586C4.68848 12.6055 4.5918 12.6289 4.45117 12.6289H3.95898ZM6.75391 12.6289C6.61328 12.6289 6.51367 12.6055 6.45508 12.5586C6.40234 12.5117 6.37598 12.418 6.37598 12.2773V11.7939C6.37598 11.6533 6.40234 11.5596 6.45508 11.5127C6.51367 11.46 6.61328 11.4336 6.75391 11.4336H7.2373C7.37793 11.4336 7.47168 11.46 7.51855 11.5127C7.57129 11.5596 7.59766 11.6533 7.59766 11.7939V12.2773C7.59766 12.418 7.57129 12.5117 7.51855 12.5586C7.47168 12.6055 7.37793 12.6289 7.2373 12.6289H6.75391ZM9.53125 12.6289C9.39062 12.6289 9.29395 12.6055 9.24121 12.5586C9.19434 12.5117 9.1709 12.418 9.1709 12.2773V11.7939C9.1709 11.6533 9.19434 11.5596 9.24121 11.5127C9.29395 11.46 9.39062 11.4336 9.53125 11.4336H10.0234C10.1641 11.4336 10.2578 11.46 10.3047 11.5127C10.3574 11.5596 10.3838 11.6533 10.3838 11.7939V12.2773C10.3838 12.418 10.3574 12.5117 10.3047 12.5586C10.2578 12.6055 10.1641 12.6289 10.0234 12.6289H9.53125Z\" fill=\"var(--wp--preset--color--custom-magenta)\"\/>\n                    <\/svg>\n\n                    <span>\n                                                    <strong class=\"card__fecha\">\n                                9 de abril                            <\/strong>\n                        \n                                                    08:30 &#8211; 12:30 hs.                                            <\/span>\n\n                <\/span>\n                                            \n            <h4 class=\"card__title\">\n                Estaci\u00f3n Municipal Varadero Sarsotti, ciudad de Santa Fe            <\/h4>\n\n            \n                            <p class=\"card__excerpt\">\n                    El jueves 9 de abril nos encontramos en Estaci\u00f3n Municipal Varadero Sarsotti ubicada en Tacuaritas S\/N de la ciudad de Santa Fe con el Registro Civil Ac\u00e1 para facilitar el [&hellip;]                <\/p>\n            \n        <\/div>\n\n        <picture class=\"card__picture\" style=\"display: block;\">\n            <source srcset=\"https:\/\/www.santafe.gob.ar\/ms\/santafeaca\/wp-content\/uploads\/sites\/70\/2026\/02\/DSC_3910-768x513.jpg\" media=\"(min-width: 1024px)\">\n            <img decoding=\"async\"\n                class=\"\"\n                style=\"\n                    height: 100%;\n                    width: 100%;\n                    object-fit: cover;\n                    object-position: center;\n                \"\n                src=\"https:\/\/www.santafe.gob.ar\/ms\/santafeaca\/wp-content\/uploads\/sites\/70\/2026\/02\/DSC_3910-768x513.jpg\"\n                alt=\"Estaci\u00f3n Municipal Varadero Sarsotti, ciudad de Santa Fe\"\n                width=\"275\"\n                height=\"275\"\n                 loading=\"lazy\"                \n            >\n        <\/picture>\n\n    <\/a>\n<\/article>\n<article class=\"card-evento reset-custom-block card__hover-horizontal\">\n    <a href=\"https:\/\/www.santafe.gob.ar\/ms\/santafeaca\/evento\/barrio-la-roca-ciudad-de-rosario\/\" class=\"card__link\">\n\n        <div class=\"card__content\">\n\n                            <span class=\"card__volanta\">\n\n                    <svg width=\"17\" height=\"16\" viewBox=\"0 0 17 16\" fill=\"none\" xmlns=\"http:\/\/www.w3.org\/2000\/svg\">\n                        <path d=\"M2.66699 15.6084C1.81738 15.6084 1.17871 15.3975 0.750977 14.9756C0.329102 14.5596 0.118164 13.9326 0.118164 13.0947V2.93457C0.118164 2.09668 0.329102 1.46973 0.750977 1.05371C1.17871 0.631836 1.81738 0.420898 2.66699 0.420898H14.0928C14.9424 0.420898 15.5781 0.631836 16 1.05371C16.4277 1.47559 16.6416 2.10254 16.6416 2.93457V13.0947C16.6416 13.9268 16.4277 14.5537 16 14.9756C15.5781 15.3975 14.9424 15.6084 14.0928 15.6084H2.66699ZM2.56152 14.3955H14.1895C14.582 14.3955 14.8867 14.29 15.1035 14.0791C15.3203 13.874 15.4287 13.5664 15.4287 13.1562V5.42188C15.4287 5.00586 15.3203 4.69531 15.1035 4.49023C14.8867 4.2793 14.582 4.17383 14.1895 4.17383H2.56152C2.16309 4.17383 1.8584 4.2793 1.64746 4.49023C1.44238 4.69531 1.33984 5.00586 1.33984 5.42188V13.1562C1.33984 13.5664 1.44238 13.874 1.64746 14.0791C1.8584 14.29 2.16309 14.3955 2.56152 14.3955ZM6.75391 7.15332C6.61328 7.15332 6.51367 7.12988 6.45508 7.08301C6.40234 7.03027 6.37598 6.93359 6.37598 6.79297V6.30957C6.37598 6.16895 6.40234 6.0752 6.45508 6.02832C6.51367 5.98145 6.61328 5.95801 6.75391 5.95801H7.2373C7.37793 5.95801 7.47168 5.98145 7.51855 6.02832C7.57129 6.0752 7.59766 6.16895 7.59766 6.30957V6.79297C7.59766 6.93359 7.57129 7.03027 7.51855 7.08301C7.47168 7.12988 7.37793 7.15332 7.2373 7.15332H6.75391ZM9.53125 7.15332C9.39062 7.15332 9.29395 7.12988 9.24121 7.08301C9.19434 7.03027 9.1709 6.93359 9.1709 6.79297V6.30957C9.1709 6.16895 9.19434 6.0752 9.24121 6.02832C9.29395 5.98145 9.39062 5.95801 9.53125 5.95801H10.0234C10.1641 5.95801 10.2578 5.98145 10.3047 6.02832C10.3574 6.0752 10.3838 6.16895 10.3838 6.30957V6.79297C10.3838 6.93359 10.3574 7.03027 10.3047 7.08301C10.2578 7.12988 10.1641 7.15332 10.0234 7.15332H9.53125ZM12.3086 7.15332C12.1738 7.15332 12.0801 7.12988 12.0273 7.08301C11.9746 7.03027 11.9482 6.93359 11.9482 6.79297V6.30957C11.9482 6.16895 11.9746 6.0752 12.0273 6.02832C12.0801 5.98145 12.1738 5.95801 12.3086 5.95801H12.8008C12.9414 5.95801 13.0381 5.98145 13.0908 6.02832C13.1436 6.0752 13.1699 6.16895 13.1699 6.30957V6.79297C13.1699 6.93359 13.1436 7.03027 13.0908 7.08301C13.0381 7.12988 12.9414 7.15332 12.8008 7.15332H12.3086ZM3.95898 9.89551C3.82422 9.89551 3.73047 9.86914 3.67773 9.81641C3.625 9.76367 3.59863 9.66992 3.59863 9.53516V9.04297C3.59863 8.9082 3.625 8.81738 3.67773 8.77051C3.73047 8.71777 3.82422 8.69141 3.95898 8.69141H4.45117C4.5918 8.69141 4.68848 8.71777 4.74121 8.77051C4.79395 8.81738 4.82031 8.9082 4.82031 9.04297V9.53516C4.82031 9.66992 4.79395 9.76367 4.74121 9.81641C4.68848 9.86914 4.5918 9.89551 4.45117 9.89551H3.95898ZM6.75391 9.89551C6.61328 9.89551 6.51367 9.86914 6.45508 9.81641C6.40234 9.76367 6.37598 9.66992 6.37598 9.53516V9.04297C6.37598 8.9082 6.40234 8.81738 6.45508 8.77051C6.51367 8.71777 6.61328 8.69141 6.75391 8.69141H7.2373C7.37793 8.69141 7.47168 8.71777 7.51855 8.77051C7.57129 8.81738 7.59766 8.9082 7.59766 9.04297V9.53516C7.59766 9.66992 7.57129 9.76367 7.51855 9.81641C7.47168 9.86914 7.37793 9.89551 7.2373 9.89551H6.75391ZM9.53125 9.89551C9.39062 9.89551 9.29395 9.86914 9.24121 9.81641C9.19434 9.76367 9.1709 9.66992 9.1709 9.53516V9.04297C9.1709 8.9082 9.19434 8.81738 9.24121 8.77051C9.29395 8.71777 9.39062 8.69141 9.53125 8.69141H10.0234C10.1641 8.69141 10.2578 8.71777 10.3047 8.77051C10.3574 8.81738 10.3838 8.9082 10.3838 9.04297V9.53516C10.3838 9.66992 10.3574 9.76367 10.3047 9.81641C10.2578 9.86914 10.1641 9.89551 10.0234 9.89551H9.53125ZM12.3086 9.89551C12.1738 9.89551 12.0801 9.86914 12.0273 9.81641C11.9746 9.76367 11.9482 9.66992 11.9482 9.53516V9.04297C11.9482 8.9082 11.9746 8.81738 12.0273 8.77051C12.0801 8.71777 12.1738 8.69141 12.3086 8.69141H12.8008C12.9414 8.69141 13.0381 8.71777 13.0908 8.77051C13.1436 8.81738 13.1699 8.9082 13.1699 9.04297V9.53516C13.1699 9.66992 13.1436 9.76367 13.0908 9.81641C13.0381 9.86914 12.9414 9.89551 12.8008 9.89551H12.3086ZM3.95898 12.6289C3.82422 12.6289 3.73047 12.6055 3.67773 12.5586C3.625 12.5117 3.59863 12.418 3.59863 12.2773V11.7939C3.59863 11.6533 3.625 11.5596 3.67773 11.5127C3.73047 11.46 3.82422 11.4336 3.95898 11.4336H4.45117C4.5918 11.4336 4.68848 11.46 4.74121 11.5127C4.79395 11.5596 4.82031 11.6533 4.82031 11.7939V12.2773C4.82031 12.418 4.79395 12.5117 4.74121 12.5586C4.68848 12.6055 4.5918 12.6289 4.45117 12.6289H3.95898ZM6.75391 12.6289C6.61328 12.6289 6.51367 12.6055 6.45508 12.5586C6.40234 12.5117 6.37598 12.418 6.37598 12.2773V11.7939C6.37598 11.6533 6.40234 11.5596 6.45508 11.5127C6.51367 11.46 6.61328 11.4336 6.75391 11.4336H7.2373C7.37793 11.4336 7.47168 11.46 7.51855 11.5127C7.57129 11.5596 7.59766 11.6533 7.59766 11.7939V12.2773C7.59766 12.418 7.57129 12.5117 7.51855 12.5586C7.47168 12.6055 7.37793 12.6289 7.2373 12.6289H6.75391ZM9.53125 12.6289C9.39062 12.6289 9.29395 12.6055 9.24121 12.5586C9.19434 12.5117 9.1709 12.418 9.1709 12.2773V11.7939C9.1709 11.6533 9.19434 11.5596 9.24121 11.5127C9.29395 11.46 9.39062 11.4336 9.53125 11.4336H10.0234C10.1641 11.4336 10.2578 11.46 10.3047 11.5127C10.3574 11.5596 10.3838 11.6533 10.3838 11.7939V12.2773C10.3838 12.418 10.3574 12.5117 10.3047 12.5586C10.2578 12.6055 10.1641 12.6289 10.0234 12.6289H9.53125Z\" fill=\"var(--wp--preset--color--custom-magenta)\"\/>\n                    <\/svg>\n\n                    <span>\n                                                    <strong class=\"card__fecha\">\n                                9 de abril                            <\/strong>\n                        \n                                                    08:30 &#8211; 12:30 hs.                                            <\/span>\n\n                <\/span>\n                                            \n            <h4 class=\"card__title\">\n                Barrio La Roca, ciudad de Rosario            <\/h4>\n\n                            <span class=\"card__subtitle\">\n                    Barrio La Roca                <\/span>\n            \n                            <p class=\"card__excerpt\">\n                    El\u00a0jueves 9 de abril\u00a0de 8:30 a 12:30 hs nos encontramos en\u00a0Comando 602 y Dr. Rivas \u00a0de la ciudad de\u00a0Rosario con el Programa Santa Fe Ac\u00e1. Acercamos el Estado al territorio [&hellip;]                <\/p>\n            \n        <\/div>\n\n        <picture class=\"card__picture\" style=\"display: block;\">\n            <source srcset=\"https:\/\/www.santafe.gob.ar\/ms\/santafeaca\/wp-content\/uploads\/sites\/70\/2025\/02\/DSC_60571-768x512.jpg\" media=\"(min-width: 1024px)\">\n            <img decoding=\"async\"\n                class=\"\"\n                style=\"\n                    height: 100%;\n                    width: 100%;\n                    object-fit: cover;\n                    object-position: center;\n                \"\n                src=\"https:\/\/www.santafe.gob.ar\/ms\/santafeaca\/wp-content\/uploads\/sites\/70\/2025\/02\/DSC_60571-768x512.jpg\"\n                alt=\"Barrio La Roca, ciudad de Rosario\"\n                width=\"275\"\n                height=\"275\"\n                 loading=\"lazy\"                \n            >\n        <\/picture>\n\n    <\/a>\n<\/article>\n<article class=\"card-evento reset-custom-block card__hover-horizontal\">\n    <a href=\"https:\/\/www.santafe.gob.ar\/ms\/santafeaca\/evento\/localidad-de-villada\/\" class=\"card__link\">\n\n        <div class=\"card__content\">\n\n                            <span class=\"card__volanta\">\n\n                    <svg width=\"17\" height=\"16\" viewBox=\"0 0 17 16\" fill=\"none\" xmlns=\"http:\/\/www.w3.org\/2000\/svg\">\n                        <path d=\"M2.66699 15.6084C1.81738 15.6084 1.17871 15.3975 0.750977 14.9756C0.329102 14.5596 0.118164 13.9326 0.118164 13.0947V2.93457C0.118164 2.09668 0.329102 1.46973 0.750977 1.05371C1.17871 0.631836 1.81738 0.420898 2.66699 0.420898H14.0928C14.9424 0.420898 15.5781 0.631836 16 1.05371C16.4277 1.47559 16.6416 2.10254 16.6416 2.93457V13.0947C16.6416 13.9268 16.4277 14.5537 16 14.9756C15.5781 15.3975 14.9424 15.6084 14.0928 15.6084H2.66699ZM2.56152 14.3955H14.1895C14.582 14.3955 14.8867 14.29 15.1035 14.0791C15.3203 13.874 15.4287 13.5664 15.4287 13.1562V5.42188C15.4287 5.00586 15.3203 4.69531 15.1035 4.49023C14.8867 4.2793 14.582 4.17383 14.1895 4.17383H2.56152C2.16309 4.17383 1.8584 4.2793 1.64746 4.49023C1.44238 4.69531 1.33984 5.00586 1.33984 5.42188V13.1562C1.33984 13.5664 1.44238 13.874 1.64746 14.0791C1.8584 14.29 2.16309 14.3955 2.56152 14.3955ZM6.75391 7.15332C6.61328 7.15332 6.51367 7.12988 6.45508 7.08301C6.40234 7.03027 6.37598 6.93359 6.37598 6.79297V6.30957C6.37598 6.16895 6.40234 6.0752 6.45508 6.02832C6.51367 5.98145 6.61328 5.95801 6.75391 5.95801H7.2373C7.37793 5.95801 7.47168 5.98145 7.51855 6.02832C7.57129 6.0752 7.59766 6.16895 7.59766 6.30957V6.79297C7.59766 6.93359 7.57129 7.03027 7.51855 7.08301C7.47168 7.12988 7.37793 7.15332 7.2373 7.15332H6.75391ZM9.53125 7.15332C9.39062 7.15332 9.29395 7.12988 9.24121 7.08301C9.19434 7.03027 9.1709 6.93359 9.1709 6.79297V6.30957C9.1709 6.16895 9.19434 6.0752 9.24121 6.02832C9.29395 5.98145 9.39062 5.95801 9.53125 5.95801H10.0234C10.1641 5.95801 10.2578 5.98145 10.3047 6.02832C10.3574 6.0752 10.3838 6.16895 10.3838 6.30957V6.79297C10.3838 6.93359 10.3574 7.03027 10.3047 7.08301C10.2578 7.12988 10.1641 7.15332 10.0234 7.15332H9.53125ZM12.3086 7.15332C12.1738 7.15332 12.0801 7.12988 12.0273 7.08301C11.9746 7.03027 11.9482 6.93359 11.9482 6.79297V6.30957C11.9482 6.16895 11.9746 6.0752 12.0273 6.02832C12.0801 5.98145 12.1738 5.95801 12.3086 5.95801H12.8008C12.9414 5.95801 13.0381 5.98145 13.0908 6.02832C13.1436 6.0752 13.1699 6.16895 13.1699 6.30957V6.79297C13.1699 6.93359 13.1436 7.03027 13.0908 7.08301C13.0381 7.12988 12.9414 7.15332 12.8008 7.15332H12.3086ZM3.95898 9.89551C3.82422 9.89551 3.73047 9.86914 3.67773 9.81641C3.625 9.76367 3.59863 9.66992 3.59863 9.53516V9.04297C3.59863 8.9082 3.625 8.81738 3.67773 8.77051C3.73047 8.71777 3.82422 8.69141 3.95898 8.69141H4.45117C4.5918 8.69141 4.68848 8.71777 4.74121 8.77051C4.79395 8.81738 4.82031 8.9082 4.82031 9.04297V9.53516C4.82031 9.66992 4.79395 9.76367 4.74121 9.81641C4.68848 9.86914 4.5918 9.89551 4.45117 9.89551H3.95898ZM6.75391 9.89551C6.61328 9.89551 6.51367 9.86914 6.45508 9.81641C6.40234 9.76367 6.37598 9.66992 6.37598 9.53516V9.04297C6.37598 8.9082 6.40234 8.81738 6.45508 8.77051C6.51367 8.71777 6.61328 8.69141 6.75391 8.69141H7.2373C7.37793 8.69141 7.47168 8.71777 7.51855 8.77051C7.57129 8.81738 7.59766 8.9082 7.59766 9.04297V9.53516C7.59766 9.66992 7.57129 9.76367 7.51855 9.81641C7.47168 9.86914 7.37793 9.89551 7.2373 9.89551H6.75391ZM9.53125 9.89551C9.39062 9.89551 9.29395 9.86914 9.24121 9.81641C9.19434 9.76367 9.1709 9.66992 9.1709 9.53516V9.04297C9.1709 8.9082 9.19434 8.81738 9.24121 8.77051C9.29395 8.71777 9.39062 8.69141 9.53125 8.69141H10.0234C10.1641 8.69141 10.2578 8.71777 10.3047 8.77051C10.3574 8.81738 10.3838 8.9082 10.3838 9.04297V9.53516C10.3838 9.66992 10.3574 9.76367 10.3047 9.81641C10.2578 9.86914 10.1641 9.89551 10.0234 9.89551H9.53125ZM12.3086 9.89551C12.1738 9.89551 12.0801 9.86914 12.0273 9.81641C11.9746 9.76367 11.9482 9.66992 11.9482 9.53516V9.04297C11.9482 8.9082 11.9746 8.81738 12.0273 8.77051C12.0801 8.71777 12.1738 8.69141 12.3086 8.69141H12.8008C12.9414 8.69141 13.0381 8.71777 13.0908 8.77051C13.1436 8.81738 13.1699 8.9082 13.1699 9.04297V9.53516C13.1699 9.66992 13.1436 9.76367 13.0908 9.81641C13.0381 9.86914 12.9414 9.89551 12.8008 9.89551H12.3086ZM3.95898 12.6289C3.82422 12.6289 3.73047 12.6055 3.67773 12.5586C3.625 12.5117 3.59863 12.418 3.59863 12.2773V11.7939C3.59863 11.6533 3.625 11.5596 3.67773 11.5127C3.73047 11.46 3.82422 11.4336 3.95898 11.4336H4.45117C4.5918 11.4336 4.68848 11.46 4.74121 11.5127C4.79395 11.5596 4.82031 11.6533 4.82031 11.7939V12.2773C4.82031 12.418 4.79395 12.5117 4.74121 12.5586C4.68848 12.6055 4.5918 12.6289 4.45117 12.6289H3.95898ZM6.75391 12.6289C6.61328 12.6289 6.51367 12.6055 6.45508 12.5586C6.40234 12.5117 6.37598 12.418 6.37598 12.2773V11.7939C6.37598 11.6533 6.40234 11.5596 6.45508 11.5127C6.51367 11.46 6.61328 11.4336 6.75391 11.4336H7.2373C7.37793 11.4336 7.47168 11.46 7.51855 11.5127C7.57129 11.5596 7.59766 11.6533 7.59766 11.7939V12.2773C7.59766 12.418 7.57129 12.5117 7.51855 12.5586C7.47168 12.6055 7.37793 12.6289 7.2373 12.6289H6.75391ZM9.53125 12.6289C9.39062 12.6289 9.29395 12.6055 9.24121 12.5586C9.19434 12.5117 9.1709 12.418 9.1709 12.2773V11.7939C9.1709 11.6533 9.19434 11.5596 9.24121 11.5127C9.29395 11.46 9.39062 11.4336 9.53125 11.4336H10.0234C10.1641 11.4336 10.2578 11.46 10.3047 11.5127C10.3574 11.5596 10.3838 11.6533 10.3838 11.7939V12.2773C10.3838 12.418 10.3574 12.5117 10.3047 12.5586C10.2578 12.6055 10.1641 12.6289 10.0234 12.6289H9.53125Z\" fill=\"var(--wp--preset--color--custom-magenta)\"\/>\n                    <\/svg>\n\n                    <span>\n                                                    <strong class=\"card__fecha\">\n                                10 de abril                            <\/strong>\n                        \n                                                    08:30 &#8211; 12:30 hs.                                            <\/span>\n\n                <\/span>\n                                            \n            <h4 class=\"card__title\">\n                Localidad de Villada            <\/h4>\n\n                            <span class=\"card__subtitle\">\n                    Villada                <\/span>\n            \n                            <p class=\"card__excerpt\">\n                    El\u00a0viernes 10 de abril de\u00a08:15\u00a0 a 12:30 hs\u00a0nos encontramos en la localidad de\u00a0Villada \u00a0con el Registro Civil Ac\u00e1 para facilitar el acceso a tr\u00e1mites como la renovaci\u00f3n del DNI, pasaporte [&hellip;]                <\/p>\n            \n        <\/div>\n\n        <picture class=\"card__picture\" style=\"display: block;\">\n            <source srcset=\"https:\/\/www.santafe.gob.ar\/ms\/santafeaca\/wp-content\/uploads\/sites\/70\/2025\/11\/DSC_0962-768x512.jpeg\" media=\"(min-width: 1024px)\">\n            <img decoding=\"async\"\n                class=\"\"\n                style=\"\n                    height: 100%;\n                    width: 100%;\n                    object-fit: cover;\n                    object-position: center;\n                \"\n                src=\"https:\/\/www.santafe.gob.ar\/ms\/santafeaca\/wp-content\/uploads\/sites\/70\/2025\/11\/DSC_0962-768x512.jpeg\"\n                alt=\"Localidad de Villada\"\n                width=\"275\"\n                height=\"275\"\n                 loading=\"lazy\"                \n            >\n        <\/picture>\n\n    <\/a>\n<\/article><\/div><\/div>\n\n\n<\/main>\n","protected":false},"excerpt":{"rendered":"<p>Calendario depr\u00f3ximos eventos Ver calendario<\/p>\n","protected":false},"author":2,"featured_media":0,"parent":0,"menu_order":0,"comment_status":"closed","ping_status":"closed","template":"archive-events","meta":{"_acf_changed":false,"_EventAllDay":false,"_EventTimezone":"","_EventStartDate":"","_EventEndDate":"","_EventStartDateUTC":"","_EventEndDateUTC":"","_EventShowMap":false,"_EventShowMapLink":false,"_EventURL":"","_EventCost":"","_EventCostDescription":"","_EventCurrencySymbol":"","_EventCurrencyCode":"","_EventCurrencyPosition":"","_EventDateTimeSeparator":"","_EventTimeRangeSeparator":"","_EventOrganizerID":[],"_EventVenueID":[],"_OrganizerEmail":"","_OrganizerPhone":"","_OrganizerWebsite":"","_VenueAddress":"","_VenueCity":"","_VenueCountry":"","_VenueProvince":"","_VenueState":"","_VenueZip":"","_VenuePhone":"","_VenueURL":"","_VenueStateProvince":"","_VenueLat":"","_VenueLng":"","_VenueShowMap":false,"_VenueShowMapLink":false,"footnotes":""},"class_list":["post-3912","page","type-page","status-publish","hentry"],"acf":[],"_links":{"self":[{"href":"https:\/\/www.santafe.gob.ar\/ms\/santafeaca\/wp-json\/wp\/v2\/pages\/3912","targetHints":{"allow":["GET"]}}],"collection":[{"href":"https:\/\/www.santafe.gob.ar\/ms\/santafeaca\/wp-json\/wp\/v2\/pages"}],"about":[{"href":"https:\/\/www.santafe.gob.ar\/ms\/santafeaca\/wp-json\/wp\/v2\/types\/page"}],"author":[{"embeddable":true,"href":"https:\/\/www.santafe.gob.ar\/ms\/santafeaca\/wp-json\/wp\/v2\/users\/2"}],"replies":[{"embeddable":true,"href":"https:\/\/www.santafe.gob.ar\/ms\/santafeaca\/wp-json\/wp\/v2\/comments?post=3912"}],"version-history":[{"count":0,"href":"https:\/\/www.santafe.gob.ar\/ms\/santafeaca\/wp-json\/wp\/v2\/pages\/3912\/revisions"}],"wp:attachment":[{"href":"https:\/\/www.santafe.gob.ar\/ms\/santafeaca\/wp-json\/wp\/v2\/media?parent=3912"}],"curies":[{"name":"wp","href":"https:\/\/api.w.org\/{rel}","templated":true}]}}