{"id":27,"date":"2020-03-03T15:50:55","date_gmt":"2020-03-03T14:50:55","guid":{"rendered":"https:\/\/www.santafe.gob.ar\/ms\/spsf\/?page_id=27"},"modified":"2020-09-29T12:09:09","modified_gmt":"2020-09-29T15:09:09","slug":"i-a-p-i-p","status":"publish","type":"page","link":"https:\/\/www.santafe.gob.ar\/ms\/spsf\/i-a-p-i-p\/","title":{"rendered":"I.A.P.I.P"},"content":{"rendered":"<p class=\"has-colibri-color-6-color has-text-color\"><span style=\"color: #000000\"><strong>DIRECTOR PROVINCIAL DEL INSTITUTO AUT\u00c1RQUICO PROVINCIAL DE INDUSTRIAS PENITENCIARIAS<\/strong><\/span><\/p>\r\n<p><span style=\"color: #808080\"><!-- \/wp:post-content -->\r\n\r\n<!-- wp:paragraph --><\/span> <span style=\"color: #808080\">CLAUDIO MARINO<\/span><\/p>\r\n<hr \/>\r\n<p><span style=\"color: #333333\"><strong>LA INDUSTRIA PENITENCIARIA A PLENO EN \u00c9POCA DE PANDEMIA<\/strong><\/span><\/p>\r\n<p><span style=\"color: #808080\">Como hemos informado oportunamente, a ra\u00edz de la pandemia, la din\u00e1mica de trabajo en el Instituto Aut\u00e1rquico Provincial de Industrias Penitenciarias se vio afectada abruptamente. Desde la huelga de los internos hasta modalidades de trabajo flexible del personal que se desempe\u00f1a en las diferentes Unidades Penitenciarias de la provincia cambiaron la rutina diaria.<\/span> <span style=\"color: #808080\">Por otro lado, si bien costar\u00e1 recuperarnos de las tremendas secuelas sufridas en el \u00faltimo mot\u00edn en los talleres de la c\u00e1rcel de Coronda semanas atr\u00e1s, dicha situaci\u00f3n nos encontr\u00f3 fuertemente unidos y en pleno trabajo en equipo. Y concretamente esta pandemia mundial nos ha dado la oportunidad de dar a conocer a la sociedad los recursos humanos con los que cuenta este Instituto, con un estado presente ante la emergencia y que nos enorgullece profundamente.<\/span> <span style=\"color: #808080\">Muestra de ello es la producci\u00f3n que se realiza en los talleres del Iapip de la delegaci\u00f3n de Pi\u00f1ero y en domicilios particulares de empleados de Coronda. Se est\u00e1n confeccionando 500 juegos de s\u00e1banas, 500 juegos de toallas y toallones; 1000 colchones, 1000 almohadas para el Servicio Penitenciario y por otro lado se est\u00e1n fabricando, con tela especial para tal fin, 200 colchones y 200 almohadas sanitarias para el Ministerio de Salud. Adem\u00e1s de las 50 camas turcas para los sectores de alojamiento por <strong>Covid &#8211; 19<\/strong> leves para las comunas y municipios de la provincia.<\/span> <span style=\"color: #808080\">Seguimos trabajando desde el servicio por y para la comunidad.<\/span><\/p>\r\n<div id='gallery-1' class='gallery galleryid-27 gallery-columns-3 gallery-size-thumbnail'><figure class='gallery-item'>\n\t\t\t<div class='gallery-icon portrait'>\n\t\t\t\t<a href='https:\/\/www.santafe.gob.ar\/ms\/spsf\/wp-content\/uploads\/sites\/34\/2020\/04\/img_a.jpg'><img loading=\"lazy\" decoding=\"async\" width=\"150\" height=\"150\" src=\"https:\/\/www.santafe.gob.ar\/ms\/spsf\/wp-content\/uploads\/sites\/34\/2020\/04\/img_a-150x150.jpg\" class=\"attachment-thumbnail size-thumbnail\" alt=\"\" srcset=\"https:\/\/www.santafe.gob.ar\/ms\/spsf\/wp-content\/uploads\/sites\/34\/2020\/04\/img_a-150x150.jpg 150w, https:\/\/www.santafe.gob.ar\/ms\/spsf\/wp-content\/uploads\/sites\/34\/2020\/04\/img_a-100x100.jpg 100w\" sizes=\"auto, 100vw\" \/><\/a>\n\t\t\t<\/div><\/figure><figure class='gallery-item'>\n\t\t\t<div class='gallery-icon portrait'>\n\t\t\t\t<a href='https:\/\/www.santafe.gob.ar\/ms\/spsf\/wp-content\/uploads\/sites\/34\/2020\/04\/img_b.jpg'><img loading=\"lazy\" decoding=\"async\" width=\"150\" height=\"150\" src=\"https:\/\/www.santafe.gob.ar\/ms\/spsf\/wp-content\/uploads\/sites\/34\/2020\/04\/img_b-150x150.jpg\" class=\"attachment-thumbnail size-thumbnail\" alt=\"\" srcset=\"https:\/\/www.santafe.gob.ar\/ms\/spsf\/wp-content\/uploads\/sites\/34\/2020\/04\/img_b-150x150.jpg 150w, https:\/\/www.santafe.gob.ar\/ms\/spsf\/wp-content\/uploads\/sites\/34\/2020\/04\/img_b-100x100.jpg 100w\" sizes=\"auto, 100vw\" \/><\/a>\n\t\t\t<\/div><\/figure><figure class='gallery-item'>\n\t\t\t<div class='gallery-icon portrait'>\n\t\t\t\t<a href='https:\/\/www.santafe.gob.ar\/ms\/spsf\/wp-content\/uploads\/sites\/34\/2020\/04\/img_c.jpg'><img loading=\"lazy\" decoding=\"async\" width=\"150\" height=\"150\" src=\"https:\/\/www.santafe.gob.ar\/ms\/spsf\/wp-content\/uploads\/sites\/34\/2020\/04\/img_c-150x150.jpg\" class=\"attachment-thumbnail size-thumbnail\" alt=\"\" srcset=\"https:\/\/www.santafe.gob.ar\/ms\/spsf\/wp-content\/uploads\/sites\/34\/2020\/04\/img_c-150x150.jpg 150w, https:\/\/www.santafe.gob.ar\/ms\/spsf\/wp-content\/uploads\/sites\/34\/2020\/04\/img_c-100x100.jpg 100w\" sizes=\"auto, 100vw\" \/><\/a>\n\t\t\t<\/div><\/figure><figure class='gallery-item'>\n\t\t\t<div class='gallery-icon portrait'>\n\t\t\t\t<a href='https:\/\/www.santafe.gob.ar\/ms\/spsf\/wp-content\/uploads\/sites\/34\/2020\/04\/img_d.jpg'><img loading=\"lazy\" decoding=\"async\" width=\"150\" height=\"150\" src=\"https:\/\/www.santafe.gob.ar\/ms\/spsf\/wp-content\/uploads\/sites\/34\/2020\/04\/img_d-150x150.jpg\" class=\"attachment-thumbnail size-thumbnail\" alt=\"\" srcset=\"https:\/\/www.santafe.gob.ar\/ms\/spsf\/wp-content\/uploads\/sites\/34\/2020\/04\/img_d-150x150.jpg 150w, https:\/\/www.santafe.gob.ar\/ms\/spsf\/wp-content\/uploads\/sites\/34\/2020\/04\/img_d-100x100.jpg 100w\" sizes=\"auto, 100vw\" \/><\/a>\n\t\t\t<\/div><\/figure><figure class='gallery-item'>\n\t\t\t<div class='gallery-icon portrait'>\n\t\t\t\t<a href='https:\/\/www.santafe.gob.ar\/ms\/spsf\/wp-content\/uploads\/sites\/34\/2020\/04\/img_e.jpg'><img loading=\"lazy\" decoding=\"async\" width=\"150\" height=\"150\" src=\"https:\/\/www.santafe.gob.ar\/ms\/spsf\/wp-content\/uploads\/sites\/34\/2020\/04\/img_e-150x150.jpg\" class=\"attachment-thumbnail size-thumbnail\" alt=\"\" srcset=\"https:\/\/www.santafe.gob.ar\/ms\/spsf\/wp-content\/uploads\/sites\/34\/2020\/04\/img_e-150x150.jpg 150w, https:\/\/www.santafe.gob.ar\/ms\/spsf\/wp-content\/uploads\/sites\/34\/2020\/04\/img_e-100x100.jpg 100w\" sizes=\"auto, 100vw\" \/><\/a>\n\t\t\t<\/div><\/figure><figure class='gallery-item'>\n\t\t\t<div class='gallery-icon portrait'>\n\t\t\t\t<a href='https:\/\/www.santafe.gob.ar\/ms\/spsf\/wp-content\/uploads\/sites\/34\/2020\/04\/img_f.jpg'><img loading=\"lazy\" decoding=\"async\" width=\"150\" height=\"150\" src=\"https:\/\/www.santafe.gob.ar\/ms\/spsf\/wp-content\/uploads\/sites\/34\/2020\/04\/img_f-150x150.jpg\" class=\"attachment-thumbnail size-thumbnail\" alt=\"\" srcset=\"https:\/\/www.santafe.gob.ar\/ms\/spsf\/wp-content\/uploads\/sites\/34\/2020\/04\/img_f-150x150.jpg 150w, https:\/\/www.santafe.gob.ar\/ms\/spsf\/wp-content\/uploads\/sites\/34\/2020\/04\/img_f-100x100.jpg 100w\" sizes=\"auto, 100vw\" \/><\/a>\n\t\t\t<\/div><\/figure>\n\t\t<\/div>\n\r\n<hr \/>\r\n<p><span style=\"color: #333333\"><strong>RESTRICCIONES POR LA PANDEMIA DEL CORONAVIRUS<\/strong><\/span><\/p>\r\n<p><span style=\"color: #808080\">Ante la pandemia mundial del Coronavirus, el director provincial de Iapip, Claudio Marino, resolvi\u00f3 tomar medidas en concordancia con disposiciones del Ministerio de Salud que incluyen la restricci\u00f3n de internos\/as a los talleres de todas las unidades penitenciarias ya que la poblaci\u00f3n carcelaria en s\u00ed misma es de riesgo.<\/span> <span style=\"color: #808080\">Adem\u00e1s, las medidas de control en los penales rigen tambi\u00e9n para el personal perteneciente a los grupos vulnerables y desde la direcci\u00f3n se dispuso establecer modalidades de trabajo flexibles en sus hogares para responder a esta contingencia.<\/span> <span style=\"color: #808080\">En cuanto a la din\u00e1mica de trabajo en los talleres, la instituci\u00f3n informa que ha activado guardias m\u00ednimas de internos e internas y se encuentran en funcionamiento, con los cuidados pertinentes, los talleres de panader\u00eda, granja y sastrer\u00eda.<\/span> <span style=\"color: #808080\">Por otro lado, en los locales de exposici\u00f3n y venta del Instituto Aut\u00e1rquico (Coronda, Santa Fe y Rosario) el personal asiste con normalidad pero se desalienta la circulaci\u00f3n de personas, y por consultas se invita al p\u00fablico a hacerlo por v\u00eda telef\u00f3nica o internet.<\/span><\/p>\r\n<hr \/>\r\n<p style=\"text-align: left\"><span style=\"color: #333333\"><strong>LOCALES DE VENTA AL P\u00daBLICO<\/strong><\/span><\/p>\r\n<hr \/>\r\n<p><span style=\"color: #333333\"><strong>SANTA FE<\/strong><\/span> <span style=\"color: #808080\">Uruguay 2631 &#8211; tel\u00e9fono (0342) 457 2352<\/span> <img loading=\"lazy\" decoding=\"async\" class=\"alignnone wp-image-378 size-full\" src=\"https:\/\/www.santafe.gob.ar\/ms\/spsf\/wp-content\/uploads\/sites\/34\/2020\/03\/fachada_2.jpg\" alt=\"\" width=\"1123\" height=\"749\" srcset=\"https:\/\/www.santafe.gob.ar\/ms\/spsf\/wp-content\/uploads\/sites\/34\/2020\/03\/fachada_2.jpg 1123w, https:\/\/www.santafe.gob.ar\/ms\/spsf\/wp-content\/uploads\/sites\/34\/2020\/03\/fachada_2-300x200.jpg 300w, https:\/\/www.santafe.gob.ar\/ms\/spsf\/wp-content\/uploads\/sites\/34\/2020\/03\/fachada_2-768x512.jpg 768w, https:\/\/www.santafe.gob.ar\/ms\/spsf\/wp-content\/uploads\/sites\/34\/2020\/03\/fachada_2-1024x683.jpg 1024w\" sizes=\"auto, (max-width: 767px) 89vw, (max-width: 1000px) 54vw, (max-width: 1071px) 543px, 580px\" \/><\/p>\r\n<hr \/>\r\n<p><span style=\"color: #333333\"><strong>CORONDA<\/strong><\/span> <span style=\"color: #808080\">Belgrano 2421 &#8211; tel\u00e9fonos (0342) 491 0060 \u2013 491 2414<\/span> <img loading=\"lazy\" decoding=\"async\" class=\"alignnone wp-image-380 size-full\" src=\"https:\/\/www.santafe.gob.ar\/ms\/spsf\/wp-content\/uploads\/sites\/34\/2020\/03\/fachada_salon_coronda.jpg\" alt=\"\" width=\"512\" height=\"276\" srcset=\"https:\/\/www.santafe.gob.ar\/ms\/spsf\/wp-content\/uploads\/sites\/34\/2020\/03\/fachada_salon_coronda.jpg 512w, https:\/\/www.santafe.gob.ar\/ms\/spsf\/wp-content\/uploads\/sites\/34\/2020\/03\/fachada_salon_coronda-300x162.jpg 300w\" sizes=\"auto, (max-width: 512px) 100vw, 512px\" \/><\/p>\r\n<hr \/>\r\n<p><span style=\"color: #333333\"><strong>ROSARIO<\/strong><\/span> <span style=\"color: #808080\">G\u00fcemes 2830 &#8211; tel\u00e9fono (0341) 472 4650<\/span> <img loading=\"lazy\" decoding=\"async\" class=\"alignnone wp-image-381 size-full\" src=\"https:\/\/www.santafe.gob.ar\/ms\/spsf\/wp-content\/uploads\/sites\/34\/2020\/03\/fachada_salon_rosario.jpg\" alt=\"\" width=\"730\" height=\"502\" srcset=\"https:\/\/www.santafe.gob.ar\/ms\/spsf\/wp-content\/uploads\/sites\/34\/2020\/03\/fachada_salon_rosario.jpg 730w, https:\/\/www.santafe.gob.ar\/ms\/spsf\/wp-content\/uploads\/sites\/34\/2020\/03\/fachada_salon_rosario-300x206.jpg 300w\" sizes=\"auto, (max-width: 730px) 100vw, 730px\" \/><\/p>\r\n<hr \/>\r\n<p><span style=\"color: #808080\"><strong data-rich-text-format-boundary=\"true\">CONTACTO: <\/strong>secretaria_iapip@yahoo.com.ar\/<\/span> <a href=\"https:\/\/www.facebook.com\/institutoautarquicoprovincial\/?epa=SEARCH_BOX\"><img loading=\"lazy\" decoding=\"async\" class=\"alignnone wp-image-461\" src=\"https:\/\/www.santafe.gob.ar\/ms\/spsf\/wp-content\/uploads\/sites\/34\/2020\/03\/logos-redes-sociales-png-facebook-7-e1584541416870.png\" alt=\"\" width=\"42\" height=\"42\" \/><\/a><\/p>","protected":false},"excerpt":{"rendered":"<p>DIRECTOR PROVINCIAL DEL INSTITUTO AUT\u00c1RQUICO PROVINCIAL DE INDUSTRIAS PENITENCIARIAS CLAUDIO MARINO LA INDUSTRIA PENITENCIARIA A PLENO EN \u00c9POCA DE PANDEMIA Como hemos informado oportunamente, a ra\u00edz de la pandemia, la din\u00e1mica de trabajo en el Instituto Aut\u00e1rquico Provincial de Industrias Penitenciarias se vio afectada abruptamente. Desde la huelga de los internos hasta modalidades de trabajo &hellip; <\/p>\n<p class=\"link-more\"><a href=\"https:\/\/www.santafe.gob.ar\/ms\/spsf\/i-a-p-i-p\/\" class=\"more-link\">Continuar leyendo<span class=\"screen-reader-text\"> \u00abI.A.P.I.P\u00bb<\/span><\/a><\/p>\n","protected":false},"author":79,"featured_media":1185,"parent":0,"menu_order":0,"comment_status":"closed","ping_status":"closed","template":"","meta":{"_acf_changed":false,"footnotes":""},"class_list":["post-27","page","type-page","status-publish","has-post-thumbnail","hentry"],"acf":[],"_links":{"self":[{"href":"https:\/\/www.santafe.gob.ar\/ms\/spsf\/wp-json\/wp\/v2\/pages\/27","targetHints":{"allow":["GET"]}}],"collection":[{"href":"https:\/\/www.santafe.gob.ar\/ms\/spsf\/wp-json\/wp\/v2\/pages"}],"about":[{"href":"https:\/\/www.santafe.gob.ar\/ms\/spsf\/wp-json\/wp\/v2\/types\/page"}],"author":[{"embeddable":true,"href":"https:\/\/www.santafe.gob.ar\/ms\/spsf\/wp-json\/wp\/v2\/users\/79"}],"replies":[{"embeddable":true,"href":"https:\/\/www.santafe.gob.ar\/ms\/spsf\/wp-json\/wp\/v2\/comments?post=27"}],"version-history":[{"count":35,"href":"https:\/\/www.santafe.gob.ar\/ms\/spsf\/wp-json\/wp\/v2\/pages\/27\/revisions"}],"predecessor-version":[{"id":4298,"href":"https:\/\/www.santafe.gob.ar\/ms\/spsf\/wp-json\/wp\/v2\/pages\/27\/revisions\/4298"}],"wp:featuredmedia":[{"embeddable":true,"href":"https:\/\/www.santafe.gob.ar\/ms\/spsf\/wp-json\/wp\/v2\/media\/1185"}],"wp:attachment":[{"href":"https:\/\/www.santafe.gob.ar\/ms\/spsf\/wp-json\/wp\/v2\/media?parent=27"}],"curies":[{"name":"wp","href":"https:\/\/api.w.org\/{rel}","templated":true}]}}