{"id":3748,"date":"2024-03-27T12:30:05","date_gmt":"2024-03-27T15:30:05","guid":{"rendered":"https:\/\/www.santafe.gob.ar\/ms\/spsf\/?page_id=3748"},"modified":"2024-05-21T11:39:27","modified_gmt":"2024-05-21T14:39:27","slug":"promocion-lxii","status":"publish","type":"page","link":"https:\/\/www.santafe.gob.ar\/ms\/spsf\/promocion-lxii\/","title":{"rendered":"Promoci\u00f3n LXII"},"content":{"rendered":"<p><img loading=\"lazy\" decoding=\"async\" class=\"alignnone wp-image-3798 size-full\" src=\"https:\/\/www.santafe.gob.ar\/ms\/spsf\/wp-content\/uploads\/sites\/34\/2024\/05\/cabeceraFormGral_Mesa-de-trabajo-1.png\" alt=\"\" width=\"876\" height=\"213\" srcset=\"https:\/\/www.santafe.gob.ar\/ms\/spsf\/wp-content\/uploads\/sites\/34\/2024\/05\/cabeceraFormGral_Mesa-de-trabajo-1.png 876w, https:\/\/www.santafe.gob.ar\/ms\/spsf\/wp-content\/uploads\/sites\/34\/2024\/05\/cabeceraFormGral_Mesa-de-trabajo-1-300x73.png 300w, https:\/\/www.santafe.gob.ar\/ms\/spsf\/wp-content\/uploads\/sites\/34\/2024\/05\/cabeceraFormGral_Mesa-de-trabajo-1-768x187.png 768w\" sizes=\"auto, (max-width: 767px) 89vw, (max-width: 1000px) 54vw, (max-width: 1071px) 543px, 580px\" \/><\/p>\n<p><a href=\"https:\/\/docs.google.com\/forms\/d\/e\/1FAIpQLSex0Fr4SlYYrfotRqo2fmQU8wgawRVQKenAPsE6M-mMbLuQBA\/viewform?usp=sf_link\" target=\"_blank\" rel=\"noopener\"><img loading=\"lazy\" decoding=\"async\" class=\"alignnone wp-image-3799 size-full\" src=\"https:\/\/www.santafe.gob.ar\/ms\/spsf\/wp-content\/uploads\/sites\/34\/2024\/05\/btnBanner.png\" alt=\"\" width=\"1648\" height=\"122\" srcset=\"https:\/\/www.santafe.gob.ar\/ms\/spsf\/wp-content\/uploads\/sites\/34\/2024\/05\/btnBanner.png 1648w, https:\/\/www.santafe.gob.ar\/ms\/spsf\/wp-content\/uploads\/sites\/34\/2024\/05\/btnBanner-300x22.png 300w, https:\/\/www.santafe.gob.ar\/ms\/spsf\/wp-content\/uploads\/sites\/34\/2024\/05\/btnBanner-1024x76.png 1024w, https:\/\/www.santafe.gob.ar\/ms\/spsf\/wp-content\/uploads\/sites\/34\/2024\/05\/btnBanner-768x57.png 768w, https:\/\/www.santafe.gob.ar\/ms\/spsf\/wp-content\/uploads\/sites\/34\/2024\/05\/btnBanner-1536x114.png 1536w\" sizes=\"auto, (max-width: 767px) 89vw, (max-width: 1000px) 54vw, (max-width: 1071px) 543px, 580px\" \/><\/a><a href=\"https:\/\/docs.google.com\/forms\/d\/e\/1FAIpQLSctC-MMoKq-ZpsHS5rvoVP_6IOIPcg7k8OBZ_5e7FwSYLdSgg\/viewform\"><img loading=\"lazy\" decoding=\"async\" class=\"alignnone wp-image-3480 size-full\" src=\"https:\/\/www.santafe.gob.ar\/ms\/spsf\/wp-content\/uploads\/sites\/34\/2023\/04\/btnForm-2.png\" alt=\"\" width=\"1648\" height=\"122\" srcset=\"https:\/\/www.santafe.gob.ar\/ms\/spsf\/wp-content\/uploads\/sites\/34\/2023\/04\/btnForm-2.png 1648w, https:\/\/www.santafe.gob.ar\/ms\/spsf\/wp-content\/uploads\/sites\/34\/2023\/04\/btnForm-2-300x22.png 300w, https:\/\/www.santafe.gob.ar\/ms\/spsf\/wp-content\/uploads\/sites\/34\/2023\/04\/btnForm-2-1024x76.png 1024w, https:\/\/www.santafe.gob.ar\/ms\/spsf\/wp-content\/uploads\/sites\/34\/2023\/04\/btnForm-2-768x57.png 768w, https:\/\/www.santafe.gob.ar\/ms\/spsf\/wp-content\/uploads\/sites\/34\/2023\/04\/btnForm-2-1536x114.png 1536w\" sizes=\"auto, (max-width: 767px) 89vw, (max-width: 1000px) 54vw, (max-width: 1071px) 543px, 580px\" \/><\/a><a href=\"https:\/\/www.santafe.gob.ar\/ms\/spsf\/wp-content\/uploads\/sites\/34\/2024\/03\/DOCUMENTACION-A-PRESENTAR-POSTULANTES-PROMO-LXII.pdf\" target=\"_blank\" rel=\"noopener\"><img loading=\"lazy\" decoding=\"async\" class=\"alignnone wp-image-3752 size-full\" src=\"https:\/\/www.santafe.gob.ar\/ms\/spsf\/wp-content\/uploads\/sites\/34\/2024\/03\/btnBanner.png\" alt=\"\" width=\"1648\" height=\"122\" \/><\/a><a href=\"https:\/\/www.santafe.gob.ar\/ms\/spsf\/wp-content\/uploads\/sites\/34\/2024\/03\/MANUAL-DE-ESTUDIO-2024_Promo-62.pdf\" target=\"_blank\" rel=\"noopener\"><img loading=\"lazy\" decoding=\"async\" class=\"alignnone wp-image-3454 size-full\" src=\"https:\/\/www.santafe.gob.ar\/ms\/spsf\/wp-content\/uploads\/sites\/34\/2023\/04\/manual_de_estudio.png\" alt=\"\" width=\"1648\" height=\"122\" srcset=\"https:\/\/www.santafe.gob.ar\/ms\/spsf\/wp-content\/uploads\/sites\/34\/2023\/04\/manual_de_estudio.png 1648w, https:\/\/www.santafe.gob.ar\/ms\/spsf\/wp-content\/uploads\/sites\/34\/2023\/04\/manual_de_estudio-300x22.png 300w, https:\/\/www.santafe.gob.ar\/ms\/spsf\/wp-content\/uploads\/sites\/34\/2023\/04\/manual_de_estudio-1024x76.png 1024w, https:\/\/www.santafe.gob.ar\/ms\/spsf\/wp-content\/uploads\/sites\/34\/2023\/04\/manual_de_estudio-768x57.png 768w, https:\/\/www.santafe.gob.ar\/ms\/spsf\/wp-content\/uploads\/sites\/34\/2023\/04\/manual_de_estudio-1536x114.png 1536w\" sizes=\"auto, (max-width: 767px) 89vw, (max-width: 1000px) 54vw, (max-width: 1071px) 543px, 580px\" \/><\/a><a href=\"https:\/\/www.santafe.gob.ar\/ms\/spsf\/wp-content\/uploads\/sites\/34\/2024\/03\/PLANILLA-INSCRIPCION_-2024.pdf\" target=\"_blank\" rel=\"noopener\"><img loading=\"lazy\" decoding=\"async\" class=\"alignnone wp-image-3456 size-full\" src=\"https:\/\/www.santafe.gob.ar\/ms\/spsf\/wp-content\/uploads\/sites\/34\/2023\/04\/planilla_de_inscripcion.png\" alt=\"\" width=\"1648\" height=\"122\" srcset=\"https:\/\/www.santafe.gob.ar\/ms\/spsf\/wp-content\/uploads\/sites\/34\/2023\/04\/planilla_de_inscripcion.png 1648w, https:\/\/www.santafe.gob.ar\/ms\/spsf\/wp-content\/uploads\/sites\/34\/2023\/04\/planilla_de_inscripcion-300x22.png 300w, https:\/\/www.santafe.gob.ar\/ms\/spsf\/wp-content\/uploads\/sites\/34\/2023\/04\/planilla_de_inscripcion-1024x76.png 1024w, https:\/\/www.santafe.gob.ar\/ms\/spsf\/wp-content\/uploads\/sites\/34\/2023\/04\/planilla_de_inscripcion-768x57.png 768w, https:\/\/www.santafe.gob.ar\/ms\/spsf\/wp-content\/uploads\/sites\/34\/2023\/04\/planilla_de_inscripcion-1536x114.png 1536w\" sizes=\"auto, (max-width: 767px) 89vw, (max-width: 1000px) 54vw, (max-width: 1071px) 543px, 580px\" \/><\/a><a href=\"https:\/\/www.santafe.gob.ar\/ms\/spsf\/wp-content\/uploads\/sites\/34\/2024\/03\/PLANILLA-INCOMPATIBILIDAD-CARGOS.pdf\" target=\"_blank\" rel=\"noopener\"><img loading=\"lazy\" decoding=\"async\" class=\"alignnone wp-image-3458 size-full\" src=\"https:\/\/www.santafe.gob.ar\/ms\/spsf\/wp-content\/uploads\/sites\/34\/2023\/04\/planilla_incompatibilidad_de_cargos.png\" alt=\"\" width=\"1648\" height=\"122\" srcset=\"https:\/\/www.santafe.gob.ar\/ms\/spsf\/wp-content\/uploads\/sites\/34\/2023\/04\/planilla_incompatibilidad_de_cargos.png 1648w, https:\/\/www.santafe.gob.ar\/ms\/spsf\/wp-content\/uploads\/sites\/34\/2023\/04\/planilla_incompatibilidad_de_cargos-300x22.png 300w, https:\/\/www.santafe.gob.ar\/ms\/spsf\/wp-content\/uploads\/sites\/34\/2023\/04\/planilla_incompatibilidad_de_cargos-1024x76.png 1024w, https:\/\/www.santafe.gob.ar\/ms\/spsf\/wp-content\/uploads\/sites\/34\/2023\/04\/planilla_incompatibilidad_de_cargos-768x57.png 768w, https:\/\/www.santafe.gob.ar\/ms\/spsf\/wp-content\/uploads\/sites\/34\/2023\/04\/planilla_incompatibilidad_de_cargos-1536x114.png 1536w\" sizes=\"auto, (max-width: 767px) 89vw, (max-width: 1000px) 54vw, (max-width: 1071px) 543px, 580px\" \/><\/a><a href=\"https:\/\/www.santafe.gob.ar\/ms\/spsf\/wp-content\/uploads\/sites\/34\/2024\/03\/PLANILLA_-FICHA-MEDICA_-INGRESO-2024.pdf\" target=\"_blank\" rel=\"noopener\"><img loading=\"lazy\" decoding=\"async\" class=\"alignnone wp-image-3460 size-full\" src=\"https:\/\/www.santafe.gob.ar\/ms\/spsf\/wp-content\/uploads\/sites\/34\/2023\/04\/ficha_medica.png\" alt=\"\" width=\"1648\" height=\"122\" srcset=\"https:\/\/www.santafe.gob.ar\/ms\/spsf\/wp-content\/uploads\/sites\/34\/2023\/04\/ficha_medica.png 1648w, https:\/\/www.santafe.gob.ar\/ms\/spsf\/wp-content\/uploads\/sites\/34\/2023\/04\/ficha_medica-300x22.png 300w, https:\/\/www.santafe.gob.ar\/ms\/spsf\/wp-content\/uploads\/sites\/34\/2023\/04\/ficha_medica-1024x76.png 1024w, https:\/\/www.santafe.gob.ar\/ms\/spsf\/wp-content\/uploads\/sites\/34\/2023\/04\/ficha_medica-768x57.png 768w, https:\/\/www.santafe.gob.ar\/ms\/spsf\/wp-content\/uploads\/sites\/34\/2023\/04\/ficha_medica-1536x114.png 1536w\" sizes=\"auto, (max-width: 767px) 89vw, (max-width: 1000px) 54vw, (max-width: 1071px) 543px, 580px\" \/><\/a><a href=\"https:\/\/www.santafe.gob.ar\/ms\/spsf\/wp-content\/uploads\/sites\/34\/2024\/03\/SOLICITUD-DE-ANTECEDENTES-2024-art.-51.pdf\" target=\"_blank\" rel=\"noopener\"><img loading=\"lazy\" decoding=\"async\" class=\"alignnone wp-image-3462 size-full\" src=\"https:\/\/www.santafe.gob.ar\/ms\/spsf\/wp-content\/uploads\/sites\/34\/2023\/04\/solicitud_de_antecedentes.png\" alt=\"\" width=\"1648\" height=\"122\" srcset=\"https:\/\/www.santafe.gob.ar\/ms\/spsf\/wp-content\/uploads\/sites\/34\/2023\/04\/solicitud_de_antecedentes.png 1648w, https:\/\/www.santafe.gob.ar\/ms\/spsf\/wp-content\/uploads\/sites\/34\/2023\/04\/solicitud_de_antecedentes-300x22.png 300w, https:\/\/www.santafe.gob.ar\/ms\/spsf\/wp-content\/uploads\/sites\/34\/2023\/04\/solicitud_de_antecedentes-1024x76.png 1024w, https:\/\/www.santafe.gob.ar\/ms\/spsf\/wp-content\/uploads\/sites\/34\/2023\/04\/solicitud_de_antecedentes-768x57.png 768w, https:\/\/www.santafe.gob.ar\/ms\/spsf\/wp-content\/uploads\/sites\/34\/2023\/04\/solicitud_de_antecedentes-1536x114.png 1536w\" sizes=\"auto, (max-width: 767px) 89vw, (max-width: 1000px) 54vw, (max-width: 1071px) 543px, 580px\" \/><\/a><a href=\"https:\/\/www.santafe.gob.ar\/ms\/spsf\/wp-content\/uploads\/sites\/34\/2020\/03\/r0208059024.pdf\" target=\"_blank\" rel=\"noopener\"><img loading=\"lazy\" decoding=\"async\" class=\"alignnone wp-image-3763 size-full\" src=\"https:\/\/www.santafe.gob.ar\/ms\/spsf\/wp-content\/uploads\/sites\/34\/2024\/03\/btnBanner-1.png\" alt=\"\" width=\"1648\" height=\"122\" srcset=\"https:\/\/www.santafe.gob.ar\/ms\/spsf\/wp-content\/uploads\/sites\/34\/2024\/03\/btnBanner-1.png 1648w, https:\/\/www.santafe.gob.ar\/ms\/spsf\/wp-content\/uploads\/sites\/34\/2024\/03\/btnBanner-1-300x22.png 300w, https:\/\/www.santafe.gob.ar\/ms\/spsf\/wp-content\/uploads\/sites\/34\/2024\/03\/btnBanner-1-1024x76.png 1024w, https:\/\/www.santafe.gob.ar\/ms\/spsf\/wp-content\/uploads\/sites\/34\/2024\/03\/btnBanner-1-768x57.png 768w, https:\/\/www.santafe.gob.ar\/ms\/spsf\/wp-content\/uploads\/sites\/34\/2024\/03\/btnBanner-1-1536x114.png 1536w\" sizes=\"auto, (max-width: 767px) 89vw, (max-width: 1000px) 54vw, (max-width: 1071px) 543px, 580px\" \/><\/a><\/p>\n<p><strong>Constancia de Registro de Deudores Alimentarios Morosos: <\/strong><strong>para tramitarlo deber\u00e1<\/strong><\/p>\n<p>1- imprimir el formulario y completarlo con los datos personales.<\/p>\n<p><a href=\"https:\/\/www.santafe.gob.ar\/ms\/spsf\/wp-content\/uploads\/sites\/34\/2024\/04\/Formulario-certificado-deudor-alimentario.pdf\" target=\"_blank\" rel=\"noopener\"><img loading=\"lazy\" decoding=\"async\" class=\"alignnone wp-image-3774 size-full\" src=\"https:\/\/www.santafe.gob.ar\/ms\/spsf\/wp-content\/uploads\/sites\/34\/2024\/04\/btnBanner_formulario_deudor_alimentario.png\" alt=\"FORMULARIO CERTIFICADO DEUDOR ALIMENTARIO\" width=\"1648\" height=\"122\" srcset=\"https:\/\/www.santafe.gob.ar\/ms\/spsf\/wp-content\/uploads\/sites\/34\/2024\/04\/btnBanner_formulario_deudor_alimentario.png 1648w, https:\/\/www.santafe.gob.ar\/ms\/spsf\/wp-content\/uploads\/sites\/34\/2024\/04\/btnBanner_formulario_deudor_alimentario-300x22.png 300w, https:\/\/www.santafe.gob.ar\/ms\/spsf\/wp-content\/uploads\/sites\/34\/2024\/04\/btnBanner_formulario_deudor_alimentario-1024x76.png 1024w, https:\/\/www.santafe.gob.ar\/ms\/spsf\/wp-content\/uploads\/sites\/34\/2024\/04\/btnBanner_formulario_deudor_alimentario-768x57.png 768w, https:\/\/www.santafe.gob.ar\/ms\/spsf\/wp-content\/uploads\/sites\/34\/2024\/04\/btnBanner_formulario_deudor_alimentario-1536x114.png 1536w\" sizes=\"auto, (max-width: 767px) 89vw, (max-width: 1000px) 54vw, (max-width: 1071px) 543px, 580px\" \/><\/a><\/p>\n<p>2- Abonar el sellado judicial de $1.000.<\/p>\n<p>3- Por \u00faltimo presentar el formulario completo y sellado, personalmente y con DNI, en las sedes de cada RDAM (Santa Fe- San Jer\u00f3nimo 1551; Rosario- Balcarce 1651; Rafaela- Lavalle 139)<\/p>\n<p>&nbsp;<\/p>\n<p>&nbsp;<\/p>\n","protected":false},"excerpt":{"rendered":"<p>Constancia de Registro de Deudores Alimentarios Morosos: para tramitarlo deber\u00e1 1- imprimir el formulario y completarlo con los datos personales. 2- Abonar el sellado judicial de $1.000. 3- Por \u00faltimo presentar el formulario completo y sellado, personalmente y con DNI, en las sedes de cada RDAM (Santa Fe- San Jer\u00f3nimo 1551; Rosario- Balcarce 1651; Rafaela- &hellip; <\/p>\n<p class=\"link-more\"><a href=\"https:\/\/www.santafe.gob.ar\/ms\/spsf\/promocion-lxii\/\" class=\"more-link\">Continuar leyendo<span class=\"screen-reader-text\"> \u00abPromoci\u00f3n LXII\u00bb<\/span><\/a><\/p>\n","protected":false},"author":11234,"featured_media":0,"parent":0,"menu_order":0,"comment_status":"closed","ping_status":"closed","template":"","meta":{"_acf_changed":false,"footnotes":""},"class_list":["post-3748","page","type-page","status-publish","hentry"],"acf":[],"_links":{"self":[{"href":"https:\/\/www.santafe.gob.ar\/ms\/spsf\/wp-json\/wp\/v2\/pages\/3748","targetHints":{"allow":["GET"]}}],"collection":[{"href":"https:\/\/www.santafe.gob.ar\/ms\/spsf\/wp-json\/wp\/v2\/pages"}],"about":[{"href":"https:\/\/www.santafe.gob.ar\/ms\/spsf\/wp-json\/wp\/v2\/types\/page"}],"author":[{"embeddable":true,"href":"https:\/\/www.santafe.gob.ar\/ms\/spsf\/wp-json\/wp\/v2\/users\/11234"}],"replies":[{"embeddable":true,"href":"https:\/\/www.santafe.gob.ar\/ms\/spsf\/wp-json\/wp\/v2\/comments?post=3748"}],"version-history":[{"count":14,"href":"https:\/\/www.santafe.gob.ar\/ms\/spsf\/wp-json\/wp\/v2\/pages\/3748\/revisions"}],"predecessor-version":[{"id":3797,"href":"https:\/\/www.santafe.gob.ar\/ms\/spsf\/wp-json\/wp\/v2\/pages\/3748\/revisions\/3797"}],"wp:attachment":[{"href":"https:\/\/www.santafe.gob.ar\/ms\/spsf\/wp-json\/wp\/v2\/media?parent=3748"}],"curies":[{"name":"wp","href":"https:\/\/api.w.org\/{rel}","templated":true}]}}