{"id":4397,"date":"2025-06-13T09:19:46","date_gmt":"2025-06-13T12:19:46","guid":{"rendered":"https:\/\/www.santafe.gob.ar\/ms\/spsf\/?page_id=4397"},"modified":"2025-06-13T09:47:00","modified_gmt":"2025-06-13T12:47:00","slug":"capacitacion-3","status":"publish","type":"page","link":"https:\/\/www.santafe.gob.ar\/ms\/spsf\/capacitacion-3\/","title":{"rendered":"CAPACITACI\u00d3N"},"content":{"rendered":"\n<figure class=\"wp-block-image size-full\"><img loading=\"lazy\" decoding=\"async\" width=\"792\" height=\"44\" src=\"https:\/\/www.santafe.gob.ar\/ms\/spsf\/wp-content\/uploads\/sites\/34\/2025\/06\/Titulo-Gral_Mesa-de-trabajo-1.png\" alt=\"\" class=\"wp-image-4400\" srcset=\"https:\/\/www.santafe.gob.ar\/ms\/spsf\/wp-content\/uploads\/sites\/34\/2025\/06\/Titulo-Gral_Mesa-de-trabajo-1.png 792w, https:\/\/www.santafe.gob.ar\/ms\/spsf\/wp-content\/uploads\/sites\/34\/2025\/06\/Titulo-Gral_Mesa-de-trabajo-1-300x17.png 300w, https:\/\/www.santafe.gob.ar\/ms\/spsf\/wp-content\/uploads\/sites\/34\/2025\/06\/Titulo-Gral_Mesa-de-trabajo-1-768x43.png 768w\" sizes=\"auto, (max-width: 767px) 89vw, (max-width: 1000px) 54vw, (max-width: 1071px) 543px, 580px\" \/><\/figure>\n\n\n\n<p class=\"has-text-color has-link-color wp-elements-99436fafc4b2a36188b472671801ec50\" style=\"color:#0568a2\">Destinado a todos los agentes pertenecientes al escalaf\u00f3n Cuerpo General (Superior y Subalterno) que cumplen funciones en el \u00e1rea de Seguridad Externa o grupo operativo perteneciente a la Direcci\u00f3n General de Seguridad.<\/p>\n\n\n\n<figure class=\"wp-block-image size-full\"><a href=\"https:\/\/forms.gle\/d4WV3jUZAJCRRqJLA\" target=\"_blank\" rel=\" noreferrer noopener\"><img loading=\"lazy\" decoding=\"async\" width=\"791\" height=\"78\" src=\"https:\/\/www.santafe.gob.ar\/ms\/spsf\/wp-content\/uploads\/sites\/34\/2025\/06\/btn-Gral_Mesa-de-trabajo-1.png\" alt=\"\" class=\"wp-image-4401\" srcset=\"https:\/\/www.santafe.gob.ar\/ms\/spsf\/wp-content\/uploads\/sites\/34\/2025\/06\/btn-Gral_Mesa-de-trabajo-1.png 791w, https:\/\/www.santafe.gob.ar\/ms\/spsf\/wp-content\/uploads\/sites\/34\/2025\/06\/btn-Gral_Mesa-de-trabajo-1-300x30.png 300w, https:\/\/www.santafe.gob.ar\/ms\/spsf\/wp-content\/uploads\/sites\/34\/2025\/06\/btn-Gral_Mesa-de-trabajo-1-768x76.png 768w\" sizes=\"auto, (max-width: 767px) 89vw, (max-width: 1000px) 54vw, (max-width: 1071px) 543px, 580px\" \/><\/a><\/figure>\n\n\n\n<p><\/p>\n","protected":false},"excerpt":{"rendered":"<p>Destinado a todos los agentes pertenecientes al escalaf\u00f3n Cuerpo General (Superior y Subalterno) que cumplen funciones en el \u00e1rea de Seguridad Externa o grupo operativo perteneciente a la Direcci\u00f3n General de Seguridad.<\/p>\n","protected":false},"author":11234,"featured_media":0,"parent":0,"menu_order":0,"comment_status":"closed","ping_status":"closed","template":"","meta":{"_acf_changed":false,"footnotes":""},"class_list":["post-4397","page","type-page","status-publish","hentry"],"acf":[],"_links":{"self":[{"href":"https:\/\/www.santafe.gob.ar\/ms\/spsf\/wp-json\/wp\/v2\/pages\/4397","targetHints":{"allow":["GET"]}}],"collection":[{"href":"https:\/\/www.santafe.gob.ar\/ms\/spsf\/wp-json\/wp\/v2\/pages"}],"about":[{"href":"https:\/\/www.santafe.gob.ar\/ms\/spsf\/wp-json\/wp\/v2\/types\/page"}],"author":[{"embeddable":true,"href":"https:\/\/www.santafe.gob.ar\/ms\/spsf\/wp-json\/wp\/v2\/users\/11234"}],"replies":[{"embeddable":true,"href":"https:\/\/www.santafe.gob.ar\/ms\/spsf\/wp-json\/wp\/v2\/comments?post=4397"}],"version-history":[{"count":3,"href":"https:\/\/www.santafe.gob.ar\/ms\/spsf\/wp-json\/wp\/v2\/pages\/4397\/revisions"}],"predecessor-version":[{"id":4403,"href":"https:\/\/www.santafe.gob.ar\/ms\/spsf\/wp-json\/wp\/v2\/pages\/4397\/revisions\/4403"}],"wp:attachment":[{"href":"https:\/\/www.santafe.gob.ar\/ms\/spsf\/wp-json\/wp\/v2\/media?parent=4397"}],"curies":[{"name":"wp","href":"https:\/\/api.w.org\/{rel}","templated":true}]}}