{"id":4610,"date":"2025-09-25T08:30:10","date_gmt":"2025-09-25T11:30:10","guid":{"rendered":"https:\/\/www.santafe.gob.ar\/ms\/spsf\/?page_id=4610"},"modified":"2025-10-01T11:56:37","modified_gmt":"2025-10-01T14:56:37","slug":"inscripciones-aspirantes-2025","status":"publish","type":"page","link":"https:\/\/www.santafe.gob.ar\/ms\/spsf\/inscripciones-aspirantes-2025\/","title":{"rendered":"INSCRIPCIONES ASPIRANTES 2025 PROMOCI\u00d3N LXIV"},"content":{"rendered":"\n<h2 class=\"wp-block-heading\"><strong>IMPORTANTE LEER TODA LA DOCUMENTACI\u00d3N ANTES DE COMPLETAR :<\/strong><\/h2>\n\n\n\n<h3 class=\"wp-block-heading\"><strong>INGRESO AL PORTAL CIUDADANO<\/strong><\/h3>\n\n\n\n<ul class=\"wp-block-list\">\n<li>Para matricularse e ingresar al <strong>AULA VIRTUAL <\/strong>primero deber\u00e1 crear la<strong> Id Ciudadana<\/strong> :\n<ul class=\"wp-block-list\">\n<li><a href=\"https:\/\/www.santafe.gob.ar\/portalciudadano\" target=\"_blank\" rel=\"noreferrer noopener\">https:\/\/www.santafe.gob.ar\/portalciudadano<\/a>.<\/li>\n<\/ul>\n<\/li>\n\n\n\n<li>\u00a1Paso a paso para generar tu usuario de Identificaci\u00f3n Ciudadana! \n<ul class=\"wp-block-list\">\n<li><a href=\"https:\/\/www.youtube.com\/watch?v=nO9ZeTEBmjk\" target=\"_blank\" rel=\"noreferrer noopener\">https:\/\/www.youtube.com\/watch?v=nO9ZeTEBmjk<\/a><\/li>\n<\/ul>\n<\/li>\n\n\n\n<li>El tr\u00e1mite de <strong>Id Ciudadana<\/strong> es personal. Ante alg\u00fan inconveniente con la creaci\u00f3n de <strong>Id Ciudadana<\/strong> puede llamar al :\n<ul class=\"wp-block-list\">\n<li>Centro \u00danico de Contacto: 0800-777-0801<\/li>\n<\/ul>\n<\/li>\n\n\n\n<li>Con la Id Ciudadana usted podr\u00e1 ingresar al <strong>AULA VIRTUAL<\/strong> donde podr\u00e1 <strong>descargar el material, adjuntar la copia de su DNI legalizado, completar el formulario de inscripci\u00f3n y descargar el material de estudio :<\/strong>\n<ul class=\"wp-block-list\">\n<li><a href=\"https:\/\/www.santafe.gob.ar\/aulavirtual\/course\/view.php?id=1327\" target=\"_blank\" rel=\"noreferrer noopener\">https:\/\/www.santafe.gov.ar\/aulavirtual<\/a><\/li>\n<\/ul>\n<\/li>\n<\/ul>\n\n\n\n<h3 class=\"wp-block-heading\"><strong>INSTRUCTIVO AULA VIRTUAL:<\/strong><\/h3>\n\n\n\n<figure class=\"wp-block-video\"><video height=\"720\" style=\"aspect-ratio: 1280 \/ 720;\" width=\"1280\" controls src=\"https:\/\/www.santafe.gob.ar\/ms\/spsf\/wp-content\/uploads\/sites\/34\/2025\/09\/VIDEO-ESCUELA.mp4\"><\/video><\/figure>\n\n\n\n<h3 class=\"wp-block-heading\"><strong>DOCUMENTACI\u00d3N A PRESENTAR<\/strong><\/h3>\n\n\n\n<p><strong>Para tener en cuenta:<\/strong><\/p>\n\n\n\n<ul class=\"wp-block-list\">\n<li>Todos los formularios deber\u00e1n descargarse del <strong>AULA VIRTUAL<\/strong> una vez matriculado.<\/li>\n\n\n\n<li>Todos los datos a completar en la documentaci\u00f3n deber\u00e1n ser completados en <strong>MAY\u00daSCULAS Y LOS N\u00daMEROS SIN PUNTOS.<\/strong><\/li>\n\n\n\n<li><strong>El DOMICILIO ACTUAL Y LA LOCALIDAD DEBE COINCIDIR CON EL CERTIFICADO DE DOMICILIO <\/strong>solicitado ante la autoridad competente.<\/li>\n\n\n\n<li>Para completar y editar los formularios desde el celular deber\u00e1 abrir los archivos PDF con el <strong>NAVEGADOR WEB O LECTOR DE PDF QUE PERMITA LA EDICI\u00d3N DE FORMULARIOS PDF<\/strong>. Para mayor comodidad recomendamos realizar la edici\u00f3n de los archivo PDF desde una PC.<\/li>\n<\/ul>\n\n\n\n<p><strong>Como completar los formularios:<\/strong><\/p>\n\n\n\n<div data-wp-interactive=\"core\/file\" class=\"wp-block-file\"><object data-wp-bind--hidden=\"!state.hasPdfPreview\" hidden class=\"wp-block-file__embed\" data=\"https:\/\/www.santafe.gob.ar\/ms\/spsf\/wp-content\/uploads\/sites\/34\/2025\/09\/COMO-COMLETAR-LA-DOCUMENTACION.pdf\" type=\"application\/pdf\" style=\"width:100%;height:1320px\" aria-label=\"Incrustado de COMO COMPLETAR LA DOCUMENTACI\u00d3N.\"><\/object><a id=\"wp-block-file--media-64ca9142-ab6d-42d6-90ea-84a5a56c4c39\" href=\"https:\/\/www.santafe.gob.ar\/ms\/spsf\/wp-content\/uploads\/sites\/34\/2025\/09\/COMO-COMLETAR-LA-DOCUMENTACION.pdf\">COMO COMPLETAR LA DOCUMENTACI\u00d3N<\/a><a href=\"https:\/\/www.santafe.gob.ar\/ms\/spsf\/wp-content\/uploads\/sites\/34\/2025\/09\/COMO-COMLETAR-LA-DOCUMENTACION.pdf\" class=\"wp-block-file__button wp-element-button\" download aria-describedby=\"wp-block-file--media-64ca9142-ab6d-42d6-90ea-84a5a56c4c39\">Descarga<\/a><\/div>\n\n\n\n<p><strong>Listado de referencia de la documentaci\u00f3n a presentar:<\/strong><\/p>\n\n\n\n<ol class=\"wp-block-list\">\n<li>Formulario de Inscripci\u00f3n de ingreso<\/li>\n\n\n\n<li>Fotografi\u00e1 color 3&#215;3 de frente fondo blanco sin cubre cabezas.<\/li>\n\n\n\n<li>Fotocopia legalizada (en tribunales o ante escribano p\u00fablico) de Titulo secundario y \/o Constancia de titulo en tramite.<\/li>\n\n\n\n<li>Fotocopia legalizada (en tribunales o ante escribano p\u00fablico) de documento nacional de identidad anverso y reverso.<\/li>\n\n\n\n<li>Certificado de domicilio (expedido por autoridad competente). El tramite de domicilio puede realizarse en las siguiente oficinas\n<ul class=\"wp-block-list\">\n<li>Santa Fe:\n<ul class=\"wp-block-list\">\n<li>San Luis 2950 de lunes a viernes de 7:30 a 12:30<\/li>\n<\/ul>\n<\/li>\n\n\n\n<li>Rosario\n<ul class=\"wp-block-list\">\n<li>Salta 2752: Presencial por orden de llegada lunes a viernes de 7:30 a 12:30 hs.<\/li>\n\n\n\n<li>Distritos Rosario: de lunes a viernes de 8:30 a 13:30 sin turno previo\n<ul class=\"wp-block-list\">\n<li>Noroeste: Av Provincias Unidas 150bis<\/li>\n\n\n\n<li>Sur: Uriburu 637<\/li>\n\n\n\n<li>Sudoeste: Av. Francia 4435<\/li>\n\n\n\n<li>Oeste: Pte. Per\u00f3n 4602<\/li>\n\n\n\n<li>Norte: Warnes 1917<\/li>\n\n\n\n<li>Centro: Wheelwright 1486<\/li>\n<\/ul>\n<\/li>\n<\/ul>\n<\/li>\n\n\n\n<li>Otras localidades:\n<ul class=\"wp-block-list\">\n<li>Consulte en la Oficina del Registro Civil y\/o Juzgado Comunitario Correspondiente.<\/li>\n<\/ul>\n<\/li>\n<\/ul>\n<\/li>\n\n\n\n<li>Formulario Articulo 51 ( Autorizaci\u00f3n Solicitud de Antecedentes ). Completar en un PDF modificable y traer impreso.<\/li>\n\n\n\n<li>Certificado de antecedentes penales otorgado por el R.N.R. ( Registro Nacional de Reincidencia), para tramitarlo ingresar a la p\u00e1gina:\n<ul class=\"wp-block-list\">\n<li> <a href=\"https:\/\/www.argentina.gob.ar\/justicia\/reincidencia\" target=\"_blank\" rel=\"noreferrer noopener\">https:\/\/www.argentina.gob.ar\/justicia\/reincidencia<\/a><\/li>\n<\/ul>\n<\/li>\n\n\n\n<li>Constancia de CUIL ( Clave unica de identificaci\u00f3n laboral ) Traer Impresa. :\n<ul class=\"wp-block-list\">\n<li><a href=\"https:\/\/www.argentina.gob.ar\/descarga-constancia-cuil\" target=\"_blank\" rel=\"noreferrer noopener\">https:\/\/www.argentina.gob.ar\/descarga-constancia-cuil<\/a><\/li>\n<\/ul>\n<\/li>\n\n\n\n<li>Planilla de incompatibilidad de cargo. Completar en el PDF modificable y traerlo impreso. En caso de haber trabajado en dependencias del gobierno provincial traer constancia laboral. No se certifica en ninguna otra dependencia.<\/li>\n\n\n\n<li>Fotocopia de partida de nacimiento actualizada y legalizada.<\/li>\n\n\n\n<li>(01) copia de planilla FICHA MEDICA (Descargar de p\u00e1gina), completar por el postulante SOLO LA PRIMERA P\u00c1GINA, tiene car\u00e1cter de declaraci\u00f3n jurada.<\/li>\n<\/ol>\n","protected":false},"excerpt":{"rendered":"<p>IMPORTANTE LEER TODA LA DOCUMENTACI\u00d3N ANTES DE COMPLETAR : INGRESO AL PORTAL CIUDADANO INSTRUCTIVO AULA VIRTUAL: DOCUMENTACI\u00d3N A PRESENTAR Para tener en cuenta: Como completar los formularios: Listado de referencia de la documentaci\u00f3n a presentar:<\/p>\n","protected":false},"author":28739,"featured_media":0,"parent":0,"menu_order":0,"comment_status":"closed","ping_status":"closed","template":"","meta":{"_acf_changed":false,"footnotes":""},"class_list":["post-4610","page","type-page","status-publish","hentry"],"acf":[],"_links":{"self":[{"href":"https:\/\/www.santafe.gob.ar\/ms\/spsf\/wp-json\/wp\/v2\/pages\/4610","targetHints":{"allow":["GET"]}}],"collection":[{"href":"https:\/\/www.santafe.gob.ar\/ms\/spsf\/wp-json\/wp\/v2\/pages"}],"about":[{"href":"https:\/\/www.santafe.gob.ar\/ms\/spsf\/wp-json\/wp\/v2\/types\/page"}],"author":[{"embeddable":true,"href":"https:\/\/www.santafe.gob.ar\/ms\/spsf\/wp-json\/wp\/v2\/users\/28739"}],"replies":[{"embeddable":true,"href":"https:\/\/www.santafe.gob.ar\/ms\/spsf\/wp-json\/wp\/v2\/comments?post=4610"}],"version-history":[{"count":39,"href":"https:\/\/www.santafe.gob.ar\/ms\/spsf\/wp-json\/wp\/v2\/pages\/4610\/revisions"}],"predecessor-version":[{"id":4687,"href":"https:\/\/www.santafe.gob.ar\/ms\/spsf\/wp-json\/wp\/v2\/pages\/4610\/revisions\/4687"}],"wp:attachment":[{"href":"https:\/\/www.santafe.gob.ar\/ms\/spsf\/wp-json\/wp\/v2\/media?parent=4610"}],"curies":[{"name":"wp","href":"https:\/\/api.w.org\/{rel}","templated":true}]}}