{"id":918,"date":"2020-05-27T10:25:15","date_gmt":"2020-05-27T13:25:15","guid":{"rendered":"https:\/\/www.santafe.gob.ar\/ms\/spsf\/?page_id=918"},"modified":"2020-11-25T10:45:03","modified_gmt":"2020-11-25T13:45:03","slug":"personal-superior","status":"publish","type":"page","link":"https:\/\/www.santafe.gob.ar\/ms\/spsf\/personal-superior\/","title":{"rendered":"PERSONAL SUPERIOR"},"content":{"rendered":"<p><img loading=\"lazy\" decoding=\"async\" class=\"alignnone size-full wp-image-2064\" src=\"https:\/\/www.santafe.gob.ar\/ms\/spsf\/wp-content\/uploads\/sites\/34\/2020\/11\/cabOficiales.png\" alt=\"\" width=\"1348\" height=\"1871\" srcset=\"https:\/\/www.santafe.gob.ar\/ms\/spsf\/wp-content\/uploads\/sites\/34\/2020\/11\/cabOficiales.png 1348w, https:\/\/www.santafe.gob.ar\/ms\/spsf\/wp-content\/uploads\/sites\/34\/2020\/11\/cabOficiales-216x300.png 216w, https:\/\/www.santafe.gob.ar\/ms\/spsf\/wp-content\/uploads\/sites\/34\/2020\/11\/cabOficiales-768x1066.png 768w, https:\/\/www.santafe.gob.ar\/ms\/spsf\/wp-content\/uploads\/sites\/34\/2020\/11\/cabOficiales-738x1024.png 738w\" sizes=\"auto, (max-width: 767px) 89vw, (max-width: 1000px) 54vw, (max-width: 1071px) 543px, 580px\" \/><strong><img loading=\"lazy\" decoding=\"async\" class=\"alignnone size-full wp-image-2068\" src=\"https:\/\/www.santafe.gob.ar\/ms\/spsf\/wp-content\/uploads\/sites\/34\/2020\/11\/bodyOficiales.png\" alt=\"\" width=\"3659\" height=\"3613\" srcset=\"https:\/\/www.santafe.gob.ar\/ms\/spsf\/wp-content\/uploads\/sites\/34\/2020\/11\/bodyOficiales.png 3659w, https:\/\/www.santafe.gob.ar\/ms\/spsf\/wp-content\/uploads\/sites\/34\/2020\/11\/bodyOficiales-300x296.png 300w, https:\/\/www.santafe.gob.ar\/ms\/spsf\/wp-content\/uploads\/sites\/34\/2020\/11\/bodyOficiales-768x758.png 768w, https:\/\/www.santafe.gob.ar\/ms\/spsf\/wp-content\/uploads\/sites\/34\/2020\/11\/bodyOficiales-1024x1011.png 1024w, https:\/\/www.santafe.gob.ar\/ms\/spsf\/wp-content\/uploads\/sites\/34\/2020\/11\/bodyOficiales-100x100.png 100w\" sizes=\"auto, (max-width: 767px) 89vw, (max-width: 1000px) 54vw, (max-width: 1071px) 543px, 580px\" \/><\/strong><\/p>\n<hr \/>\n<p><strong>DOCUMENTACI\u00d3N A PRESENTAR:<\/strong><\/p>\n<hr \/>\n<ul>\n<li>Planilla de inscripci\u00f3n.<\/li>\n<li>Constancia de Preinscripci\u00f3n v\u00eda online (descargar del correo electr\u00f3nico declarado).<\/li>\n<li>Fotograf\u00eda (01) color 3 x 3 de frente fondo blanco sin cubrecabezas.<\/li>\n<li>Fotocopia del T\u00edtulo Secundario (certificada por autoridad judicial o escribano p\u00fablico), o en su defecto original de t\u00edtulo en tr\u00e1mite, expedido por el Ministerio de Educaci\u00f3n (no es v\u00e1lida la constancia que entrega la escuela).<\/li>\n<li>Certificado de vecindad original extendido por la autoridad policial o registro civil que coincida con el domicilio fijado en el D.N.I.<\/li>\n<li>Fotocopia de D.N.I de ambos lados, certificado por autoridad judicial o escribano p\u00fablico.<\/li>\n<li>Constancia de CUIL (Clave \u00danica de Identificaci\u00f3n Laboral) descargada de la web.<\/li>\n<li>Partida de Nacimiento legalizada en tribunales o actualizada (Registro Civil).<\/li>\n<li>Formulario de aptitud f\u00edsica (Ficha M\u00e9dica).<\/li>\n<li>Certificado de Antecedentes Penales otorgado por el R.N.R (Registro Nacional de Reincidencia).<\/li>\n<\/ul>\n","protected":false},"excerpt":{"rendered":"<p>DOCUMENTACI\u00d3N A PRESENTAR: Planilla de inscripci\u00f3n. Constancia de Preinscripci\u00f3n v\u00eda online (descargar del correo electr\u00f3nico declarado). Fotograf\u00eda (01) color 3 x 3 de frente fondo blanco sin cubrecabezas. Fotocopia del T\u00edtulo Secundario (certificada por autoridad judicial o escribano p\u00fablico), o en su defecto original de t\u00edtulo en tr\u00e1mite, expedido por el Ministerio de Educaci\u00f3n (no &hellip; <\/p>\n<p class=\"link-more\"><a href=\"https:\/\/www.santafe.gob.ar\/ms\/spsf\/personal-superior\/\" class=\"more-link\">Continuar leyendo<span class=\"screen-reader-text\"> \u00abPERSONAL SUPERIOR\u00bb<\/span><\/a><\/p>\n","protected":false},"author":11234,"featured_media":0,"parent":0,"menu_order":0,"comment_status":"closed","ping_status":"closed","template":"","meta":{"_acf_changed":false,"footnotes":""},"class_list":["post-918","page","type-page","status-publish","hentry"],"acf":[],"_links":{"self":[{"href":"https:\/\/www.santafe.gob.ar\/ms\/spsf\/wp-json\/wp\/v2\/pages\/918","targetHints":{"allow":["GET"]}}],"collection":[{"href":"https:\/\/www.santafe.gob.ar\/ms\/spsf\/wp-json\/wp\/v2\/pages"}],"about":[{"href":"https:\/\/www.santafe.gob.ar\/ms\/spsf\/wp-json\/wp\/v2\/types\/page"}],"author":[{"embeddable":true,"href":"https:\/\/www.santafe.gob.ar\/ms\/spsf\/wp-json\/wp\/v2\/users\/11234"}],"replies":[{"embeddable":true,"href":"https:\/\/www.santafe.gob.ar\/ms\/spsf\/wp-json\/wp\/v2\/comments?post=918"}],"version-history":[{"count":10,"href":"https:\/\/www.santafe.gob.ar\/ms\/spsf\/wp-json\/wp\/v2\/pages\/918\/revisions"}],"predecessor-version":[{"id":2069,"href":"https:\/\/www.santafe.gob.ar\/ms\/spsf\/wp-json\/wp\/v2\/pages\/918\/revisions\/2069"}],"wp:attachment":[{"href":"https:\/\/www.santafe.gob.ar\/ms\/spsf\/wp-json\/wp\/v2\/media?parent=918"}],"curies":[{"name":"wp","href":"https:\/\/api.w.org\/{rel}","templated":true}]}}