{"id":924,"date":"2020-05-27T10:58:35","date_gmt":"2020-05-27T13:58:35","guid":{"rendered":"https:\/\/www.santafe.gob.ar\/ms\/spsf\/?page_id=924"},"modified":"2020-09-22T10:32:48","modified_gmt":"2020-09-22T13:32:48","slug":"requisitos","status":"publish","type":"page","link":"https:\/\/www.santafe.gob.ar\/ms\/spsf\/requisitos\/","title":{"rendered":"PLATAFORMA EDUCATIVA"},"content":{"rendered":"<h2><span style=\"color: #000000\"><img loading=\"lazy\" decoding=\"async\" class=\"alignnone wp-image-1262 size-full\" src=\"https:\/\/www.santafe.gob.ar\/ms\/spsf\/wp-content\/uploads\/sites\/34\/2020\/07\/icono-aula-virtual.png\" alt=\"\" width=\"1017\" height=\"300\" srcset=\"https:\/\/www.santafe.gob.ar\/ms\/spsf\/wp-content\/uploads\/sites\/34\/2020\/07\/icono-aula-virtual.png 1017w, https:\/\/www.santafe.gob.ar\/ms\/spsf\/wp-content\/uploads\/sites\/34\/2020\/07\/icono-aula-virtual-300x88.png 300w, https:\/\/www.santafe.gob.ar\/ms\/spsf\/wp-content\/uploads\/sites\/34\/2020\/07\/icono-aula-virtual-768x227.png 768w\" sizes=\"auto, (max-width: 767px) 89vw, (max-width: 1000px) 54vw, (max-width: 1071px) 543px, 580px\" \/><\/span><\/h2>\n<hr \/>\n<p>El aula comenz\u00f3 a utilizarse con la Compa\u00f1\u00eda de Aspirantes Promoci\u00f3n LVIII mientras se encontraban realizando pr\u00e1cticas profesionalizantes en las Unidades Penitenciarias. La misma fue utilizada para complementar los conocimientos adquiridos en la Etapa \u00e1ulica presencial dictada en la Escuela.<\/p>\n<p>Actualmente, dicha Plataforma \u00a0fue la herramienta m\u00e1s id\u00f3nea para ser utilizada por el 2do a\u00f1o de la Compa\u00f1\u00eda de Cadetes &#8211; Promoci\u00f3n\u00a0 XXVIII, ello en raz\u00f3n al contexto actual\u00a0 de emergencia sanitaria originada por la pandemia COVID-19, ya que fue necesario buscar alguna alternativa al cursado presencial en este Centro de Formaci\u00f3n.<\/p>\n<div id='gallery-1' class='gallery galleryid-924 gallery-columns-2 gallery-size-full'><figure class='gallery-item'>\n\t\t\t<div class='gallery-icon landscape'>\n\t\t\t\t<a href='https:\/\/www.santafe.gob.ar\/ms\/spsf\/wp-content\/uploads\/sites\/34\/2020\/06\/AV_1.jpg'><img loading=\"lazy\" decoding=\"async\" width=\"699\" height=\"584\" src=\"https:\/\/www.santafe.gob.ar\/ms\/spsf\/wp-content\/uploads\/sites\/34\/2020\/06\/AV_1.jpg\" class=\"attachment-full size-full\" alt=\"\" srcset=\"https:\/\/www.santafe.gob.ar\/ms\/spsf\/wp-content\/uploads\/sites\/34\/2020\/06\/AV_1.jpg 699w, https:\/\/www.santafe.gob.ar\/ms\/spsf\/wp-content\/uploads\/sites\/34\/2020\/06\/AV_1-300x251.jpg 300w\" sizes=\"auto, 100vw\" \/><\/a>\n\t\t\t<\/div><\/figure><figure class='gallery-item'>\n\t\t\t<div class='gallery-icon landscape'>\n\t\t\t\t<a href='https:\/\/www.santafe.gob.ar\/ms\/spsf\/wp-content\/uploads\/sites\/34\/2020\/06\/AV_2.jpg'><img loading=\"lazy\" decoding=\"async\" width=\"699\" height=\"584\" src=\"https:\/\/www.santafe.gob.ar\/ms\/spsf\/wp-content\/uploads\/sites\/34\/2020\/06\/AV_2.jpg\" class=\"attachment-full size-full\" alt=\"\" srcset=\"https:\/\/www.santafe.gob.ar\/ms\/spsf\/wp-content\/uploads\/sites\/34\/2020\/06\/AV_2.jpg 699w, https:\/\/www.santafe.gob.ar\/ms\/spsf\/wp-content\/uploads\/sites\/34\/2020\/06\/AV_2-300x251.jpg 300w\" sizes=\"auto, 100vw\" \/><\/a>\n\t\t\t<\/div><\/figure><figure class='gallery-item'>\n\t\t\t<div class='gallery-icon landscape'>\n\t\t\t\t<a href='https:\/\/www.santafe.gob.ar\/ms\/spsf\/wp-content\/uploads\/sites\/34\/2020\/06\/AV_3.jpg'><img loading=\"lazy\" decoding=\"async\" width=\"699\" height=\"584\" src=\"https:\/\/www.santafe.gob.ar\/ms\/spsf\/wp-content\/uploads\/sites\/34\/2020\/06\/AV_3.jpg\" class=\"attachment-full size-full\" alt=\"\" srcset=\"https:\/\/www.santafe.gob.ar\/ms\/spsf\/wp-content\/uploads\/sites\/34\/2020\/06\/AV_3.jpg 699w, https:\/\/www.santafe.gob.ar\/ms\/spsf\/wp-content\/uploads\/sites\/34\/2020\/06\/AV_3-300x251.jpg 300w\" sizes=\"auto, 100vw\" \/><\/a>\n\t\t\t<\/div><\/figure><figure class='gallery-item'>\n\t\t\t<div class='gallery-icon landscape'>\n\t\t\t\t<a href='https:\/\/www.santafe.gob.ar\/ms\/spsf\/wp-content\/uploads\/sites\/34\/2020\/06\/AV_6.jpeg'><img loading=\"lazy\" decoding=\"async\" width=\"699\" height=\"584\" src=\"https:\/\/www.santafe.gob.ar\/ms\/spsf\/wp-content\/uploads\/sites\/34\/2020\/06\/AV_6.jpeg\" class=\"attachment-full size-full\" alt=\"\" srcset=\"https:\/\/www.santafe.gob.ar\/ms\/spsf\/wp-content\/uploads\/sites\/34\/2020\/06\/AV_6.jpeg 699w, https:\/\/www.santafe.gob.ar\/ms\/spsf\/wp-content\/uploads\/sites\/34\/2020\/06\/AV_6-300x251.jpeg 300w\" sizes=\"auto, 100vw\" \/><\/a>\n\t\t\t<\/div><\/figure>\n\t\t<\/div>\n\n","protected":false},"excerpt":{"rendered":"<p>El aula comenz\u00f3 a utilizarse con la Compa\u00f1\u00eda de Aspirantes Promoci\u00f3n LVIII mientras se encontraban realizando pr\u00e1cticas profesionalizantes en las Unidades Penitenciarias. La misma fue utilizada para complementar los conocimientos adquiridos en la Etapa \u00e1ulica presencial dictada en la Escuela. Actualmente, dicha Plataforma \u00a0fue la herramienta m\u00e1s id\u00f3nea para ser utilizada por el 2do a\u00f1o &hellip; <\/p>\n<p class=\"link-more\"><a href=\"https:\/\/www.santafe.gob.ar\/ms\/spsf\/requisitos\/\" class=\"more-link\">Continuar leyendo<span class=\"screen-reader-text\"> \u00abPLATAFORMA EDUCATIVA\u00bb<\/span><\/a><\/p>\n","protected":false},"author":11234,"featured_media":0,"parent":0,"menu_order":0,"comment_status":"closed","ping_status":"closed","template":"","meta":{"_acf_changed":false,"footnotes":""},"class_list":["post-924","page","type-page","status-publish","hentry"],"acf":[],"_links":{"self":[{"href":"https:\/\/www.santafe.gob.ar\/ms\/spsf\/wp-json\/wp\/v2\/pages\/924","targetHints":{"allow":["GET"]}}],"collection":[{"href":"https:\/\/www.santafe.gob.ar\/ms\/spsf\/wp-json\/wp\/v2\/pages"}],"about":[{"href":"https:\/\/www.santafe.gob.ar\/ms\/spsf\/wp-json\/wp\/v2\/types\/page"}],"author":[{"embeddable":true,"href":"https:\/\/www.santafe.gob.ar\/ms\/spsf\/wp-json\/wp\/v2\/users\/11234"}],"replies":[{"embeddable":true,"href":"https:\/\/www.santafe.gob.ar\/ms\/spsf\/wp-json\/wp\/v2\/comments?post=924"}],"version-history":[{"count":15,"href":"https:\/\/www.santafe.gob.ar\/ms\/spsf\/wp-json\/wp\/v2\/pages\/924\/revisions"}],"predecessor-version":[{"id":1741,"href":"https:\/\/www.santafe.gob.ar\/ms\/spsf\/wp-json\/wp\/v2\/pages\/924\/revisions\/1741"}],"wp:attachment":[{"href":"https:\/\/www.santafe.gob.ar\/ms\/spsf\/wp-json\/wp\/v2\/media?parent=924"}],"curies":[{"name":"wp","href":"https:\/\/api.w.org\/{rel}","templated":true}]}}