{"id":168,"date":"2024-11-12T10:53:10","date_gmt":"2024-11-12T09:53:10","guid":{"rendered":"https:\/\/www.santafe.gob.ar\/ms\/timbo\/?page_id=168"},"modified":"2026-04-22T15:34:50","modified_gmt":"2026-04-22T13:34:50","slug":"normativas","status":"publish","type":"page","link":"https:\/\/www.santafe.gob.ar\/ms\/timbo\/normativas\/","title":{"rendered":"Normativas"},"content":{"rendered":"<p>[et_pb_section fb_built=\u00bb1&#8243; _builder_version=\u00bb4.19.0&#8243; _module_preset=\u00bbdefault\u00bb background_enable_image=\u00bboff\u00bb parallax=\u00bbon\u00bb min_height=\u00bb620px\u00bb height_last_edited=\u00bboff|desktop\u00bb global_colors_info=\u00bb{}\u00bb][et_pb_row _builder_version=\u00bb4.19.0&#8243; _module_preset=\u00bbdefault\u00bb height=\u00bb100%\u00bb hover_enabled=\u00bb0&#8243; custom_css_main_element=\u00bbdisplay: flex;||flex-direction: column;||justify-content: center;\u00bb collapsed=\u00bboff\u00bb global_colors_info=\u00bb{}\u00bb sticky_enabled=\u00bb0&#8243;][et_pb_column type=\u00bb4_4&#8243; _builder_version=\u00bb4.19.0&#8243; _module_preset=\u00bbdefault\u00bb global_colors_info=\u00bb{}\u00bb][et_pb_text _builder_version=\u00bb4.19.0&#8243; _module_preset=\u00bbdefault\u00bb global_colors_info=\u00bb{}\u00bb custom_margin=\u00bb||-5px|||\u00bb]<\/p>\n<h1><strong>Normativas<\/strong><\/h1>\n<p>[\/et_pb_text][et_pb_text admin_label=\u00bbTexto\u00bb _builder_version=\u00bb4.19.0&#8243; _module_preset=\u00bbdefault\u00bb hover_enabled=\u00bb0&#8243; global_colors_info=\u00bb{}\u00bb sticky_enabled=\u00bb0&#8243;]<\/p>\n<p>&nbsp;<\/p>\n<ul>\n<li><b><a href=\"https:\/\/www.santafe.gob.ar\/normativa\/item.php?id=108960&amp;cod=9dcf25c3c6a83800fea6d2aff5a83aec\">Ley 12491<\/a>\u00a0<\/b>Adhesi\u00f3n de la Provincia a la Ley Nacional 25506 de Firma Digital.<\/li>\n<li><strong><a href=\"https:\/\/www.santafe.gob.ar\/normativa\/item.php?id=270748&amp;cod=3efa5f3bd9d5118bba72c4d11cd2e986\">Ley 14256 de Gobernanza de Datos y Acceso a la Informaci\u00f3n P\u00fablica<\/a> <\/strong>Define la gesti\u00f3n y protecci\u00f3n de datos p\u00fablicos, establecimiento en las pol\u00edticas de datos e interoperabilidad.<\/li>\n<li><a href=\"https:\/\/www.santafe.gob.ar\/normativa\/item.php?id=268930&amp;cod=f09a40577ad4909a3d3cf13727af1489\"><strong>Decreto 191\/2024<\/strong><\/a> Creaci\u00f3n del Programa Territorio 5.0<\/li>\n<li><a href=\"https:\/\/www.santafe.gob.ar\/normativa\/item.php?id=269666&amp;cod=ff25a70a287a8d088879ca163a657046\"><strong>Decreto 399\/2024<\/strong><\/a> Implementaci\u00f3n de la Firma Digital en Decretos.<\/li>\n<li><a href=\"https:\/\/www.santafe.gob.ar\/normativa\/item.php?id=269667&amp;cod=9840d443a780b79a4bca7ce74215f8ce\"><strong>Decreto 400\/2024<\/strong><\/a> Programa de Despapelizaci\u00f3n de la Administraci\u00f3n P\u00fablica, Reducci\u00f3n del uso de papel en procesos administrativos y simplificaci\u00f3n de tr\u00e1mites<\/li>\n<li><strong><a href=\"https:\/\/www.santafe.gob.ar\/normativa\/item.php?id=313390&amp;cod=0a86bd88090ff4d55623878b81a0a8a3\">Decreto 2518\/2025<\/a><\/strong> Plazo para implementar de manera definitiva y permanente la digitalizaci\u00f3n de todas las actuaciones administrativas.<\/li>\n<li><a href=\"https:\/\/www.santafe.gob.ar\/ms\/timbo\/wp-content\/uploads\/sites\/68\/2024\/09\/Circular-2-UG.pdf\"><strong>Circular 2\/2024 (UNIDAD DE GESTI\u00d3N \u201cTIMB\u00d3\u201d)<\/strong><\/a> Procedimiento aplicable para la firma de Resoluciones Ministeriales.<\/li>\n<li><a href=\"https:\/\/www.santafe.gob.ar\/ms\/timbo\/wp-content\/uploads\/sites\/68\/2024\/11\/Circular-03-Tramites-digitales-18_11_2024.docx.pdf\"><strong>Circular 3\/2024 (UNIDAD DE GESTI\u00d3N \u201cTIMB\u00d3\u201d)<\/strong><\/a> Nuevos tr\u00e1mites nativos digitales.<\/li>\n<li><a href=\"https:\/\/www.santafe.gob.ar\/ms\/timbo\/wp-content\/uploads\/sites\/68\/2024\/11\/Circular-04-Eliminacion-de-requisitos.pdf\"><strong>Circular 4\/2024 (UNIDAD DE GESTI\u00d3N \u201cTIMB\u00d3\u201d)<\/strong><\/a> Eliminaci\u00f3n de requisitos.<\/li>\n<li><a href=\"https:\/\/www.santafe.gob.ar\/ms\/timbo\/wp-content\/uploads\/sites\/68\/2024\/11\/Circular-05-Validacion-Firma-Digital-3.pdf\"><strong>Circular 5\/2024 (UNIDAD DE GESTI\u00d3N \u201cTIMB\u00d3\u201d)<\/strong><\/a> Validacio\u0301n Firma Digital.<\/li>\n<li><a href=\"https:\/\/www.santafe.gob.ar\/ms\/timbo\/wp-content\/uploads\/sites\/68\/2025\/03\/CIRCULAR-N1-25-UG-1.pdf\"><strong>Circular 1\/2025<\/strong> <strong>(UNIDAD DE GESTI\u00d3N \u201cTIMB\u00d3\u201d)<\/strong><\/a> Acerca de Gobernanza de Datos e Interoperabilidad.<\/li>\n<li><a href=\"https:\/\/www.santafe.gob.ar\/ms\/timbo\/wp-content\/uploads\/sites\/68\/2025\/07\/Circular-Nro-2-2025.pdf\"><strong>Circular 2\/2025<\/strong> <strong>(UNIDAD DE GESTI\u00d3N \u201cTIMB\u00d3\u201d)<\/strong><\/a> Nuevos tr\u00e1mites nativos digitales.<\/li>\n<li><a href=\"https:\/\/www.santafe.gob.ar\/ms\/timbo\/wp-content\/uploads\/sites\/68\/2025\/08\/3_2025-Circular-Pautas-Generales-para-la-Gestion-Digital-TIMBO.pdf\"><strong>Circular 3\/2025<\/strong> <strong>(UNIDAD DE GESTI\u00d3N \u201cTIMB\u00d3\u201d) <\/strong><\/a>Pautas Generales para la Gestio\u0301n Digital TIMBO\u0301.<\/li>\n<li><a href=\"https:\/\/www.santafe.gob.ar\/ms\/timbo\/wp-content\/uploads\/sites\/68\/2025\/08\/4_2025-Circular-Actos-administrativos.pdf\"><strong>Circular 4\/2025<\/strong> <strong>(UNIDAD DE GESTI\u00d3N \u201cTIMB\u00d3\u201d) <\/strong><\/a>Clasificaci\u00f3n y Denominaci\u00f3n de Actos Administrativos<\/li>\n<li><a href=\"https:\/\/www.santafe.gob.ar\/ms\/timbo\/wp-content\/uploads\/sites\/68\/2025\/10\/Circular-5_2025-Registro-Digital-Convenios.docx.pdf\"><strong>Circular5\/2025 (UNIDAD DE GESTI\u00d3N \u00abTIMBO\u00bb)<\/strong><\/a> Registro y protocolizaci\u00f3n digital del Registro de Tratados, Convenios y Contratos Interjurisdiccionales<\/li>\n<li><a href=\"https:\/\/www.santafe.gob.ar\/ms\/timbo\/wp-content\/uploads\/sites\/68\/2025\/11\/Circular-6-TCP-control-de-legalidad-3.pdf\"><strong>Circular6\/2025 (UNIDAD DE GESTI\u00d3N \u00abTIMBO\u00bb)<\/strong><\/a> Pautas para la comunicaci\u00f3n y gesti\u00f3n de los EE en el marco del control de legalidad del Tribunal de Cuentas de la Provincia de Santa Fe.<\/li>\n<li><a href=\"https:\/\/www.santafe.gob.ar\/ms\/timbo\/wp-content\/uploads\/sites\/68\/2026\/03\/Circular-7_2025-Prohibicion-de-solicitar-documentacion.pdf\" target=\"_blank\" rel=\"noopener\"><strong>Circular7\/2025 (UNIDAD DE GESTI\u00d3N \u00abTIMBO\u00bb)<\/strong><\/a> Prohibici\u00f3n a la Administraci\u00f3n P\u00fablica Provincial de solicitar documentaci\u00f3n de la que ya dispone el REGISTRO DE PERSONAS JUR\u00cdDICAS, EMPRESAS Y CONTRATOS (RPJEC)<\/li>\n<li><a href=\"https:\/\/www.santafe.gob.ar\/ms\/timbo\/wp-content\/uploads\/sites\/68\/2025\/12\/Circular-N8-2025-UG-timbo-1.pdf\"><strong>Circular8\/2025 (UNIDAD DE GESTI\u00d3N \u00abTIMBO\u00bb)<\/strong><\/a> Nuevo Protocolo para la publicaci\u00f3n de Leyes y Decretos en el Bolet\u00edn Oficial de la Provincia de Santa Fe.<\/li>\n<li><a href=\"https:\/\/www.santafe.gob.ar\/ms\/timbo\/wp-content\/uploads\/sites\/68\/2026\/01\/Circular-01-2026-Implementacion-TIMBO-COMPRAS.pdf\"><strong>Circular1\/2026 (UNIDAD DE GESTI\u00d3N \u00abTIMBO\u00bb)<\/strong><\/a> Uso obligatorio del M\u00f3dulo \u00abTIMB\u00d3 COMPRAS\u00bb para la gesti\u00f3n digital integral de los procedimientos de selecci\u00f3n de contratistas, en seis jurisdicciones del gobierno de Santa Fe.<\/li>\n<li><a href=\"https:\/\/www.santafe.gob.ar\/ms\/timbo\/wp-content\/uploads\/sites\/68\/2026\/03\/Circular-02-26.pdf\" target=\"_blank\" rel=\"noopener\"><strong>Circular 2\/2026 (UNIDAD DE GESTI\u00d3N \u200b\u201cTIMB\u00d3\u201d)<\/strong><\/a> Establecimiento del procedimiento digital de gesti\u00f3n de aptitud en el<br \/>Registro \u00danico de Proveedores y Contratistas (RUPC).<\/li>\n<li><a href=\"https:\/\/www.santafe.gob.ar\/ms\/timbo\/wp-content\/uploads\/sites\/68\/2026\/03\/Circular-03-26.pdf\" target=\"_blank\" rel=\"noopener\"><strong>Circular 3\/2026 (UNIDAD DE GESTI\u00d3N \u200b\u201cTIMB\u00d3\u201d)<\/strong><\/a> Uso obligatorio del M\u00f3dulo \u00abTIMB\u00d3 COMPRAS\u00bb para la gesti\u00f3n digital integral de los procedimientos de selecci\u00f3n de contratistas, en siete jurisdicciones del gobierno de Santa Fe.<\/li>\n<li><a href=\"https:\/\/www.santafe.gob.ar\/ms\/timbo\/wp-content\/uploads\/sites\/68\/2026\/03\/Circular-4-Nueva-gestion-digital.pdf\" target=\"_blank\" rel=\"noopener\"><strong>Circular 4\/2026 (UNIDAD DE GESTI\u00d3N \u200b\u201cTIMB\u00d3\u201d)<\/strong><\/a>\u00a0Incorporaci\u00f3n a EGD-TIMB\u00d3 de procedimientos administrativos a trav\u00e9s del m\u00f3dulo Atenci\u00f3n Virtual.<\/li>\n<li><a href=\"https:\/\/www.santafe.gob.ar\/ms\/timbo\/wp-content\/uploads\/sites\/68\/2026\/04\/Circular-5-2026.pdf\" target=\"_blank\" rel=\"noopener\"><strong>Circular 5\/2026 (UNIDAD DE GESTI\u00d3N \u200b\u201cTIMB\u00d3\u201d)<\/strong><\/a> Obligatoriedad de uso del Ecosistema TIMB\u00d3 para el Ministerio de Gobierno e<br \/>Innovaci\u00f3n P\u00fablica.<\/li>\n<li><a href=\"https:\/\/www.santafe.gob.ar\/ms\/timbo\/wp-content\/uploads\/sites\/68\/2026\/04\/Circular-6-2026.pdf\" target=\"_blank\" rel=\"noopener\"><strong>Circular 6\/2026 (UNIDAD DE GESTI\u00d3N \u200b\u201cTIMB\u00d3\u201d)<\/strong><\/a>\u00a0Canales digitales para notificaciones y comunicaciones oficiales en el Ecosistema TIMB\u00d3.<\/li>\n<\/ul>\n<p>[\/et_pb_text][\/et_pb_column][\/et_pb_row][\/et_pb_section]<\/p>\n","protected":false},"excerpt":{"rendered":"<p>Normativas &nbsp; Ley 12491\u00a0Adhesi\u00f3n de la Provincia a la Ley Nacional 25506 de Firma Digital. Ley 14256 de Gobernanza de Datos y Acceso a la Informaci\u00f3n P\u00fablica Define la gesti\u00f3n y protecci\u00f3n de datos p\u00fablicos, establecimiento en las pol\u00edticas de datos e interoperabilidad. Decreto 191\/2024 Creaci\u00f3n del Programa Territorio 5.0 Decreto 399\/2024 Implementaci\u00f3n de la [&hellip;]<\/p>\n","protected":false},"author":4,"featured_media":0,"parent":0,"menu_order":0,"comment_status":"closed","ping_status":"closed","template":"","meta":{"_acf_changed":false,"_et_pb_use_builder":"on","_et_pb_old_content":"","_et_gb_content_width":"","footnotes":""},"class_list":["post-168","page","type-page","status-publish","hentry"],"acf":[],"_links":{"self":[{"href":"https:\/\/www.santafe.gob.ar\/ms\/timbo\/wp-json\/wp\/v2\/pages\/168","targetHints":{"allow":["GET"]}}],"collection":[{"href":"https:\/\/www.santafe.gob.ar\/ms\/timbo\/wp-json\/wp\/v2\/pages"}],"about":[{"href":"https:\/\/www.santafe.gob.ar\/ms\/timbo\/wp-json\/wp\/v2\/types\/page"}],"author":[{"embeddable":true,"href":"https:\/\/www.santafe.gob.ar\/ms\/timbo\/wp-json\/wp\/v2\/users\/4"}],"replies":[{"embeddable":true,"href":"https:\/\/www.santafe.gob.ar\/ms\/timbo\/wp-json\/wp\/v2\/comments?post=168"}],"version-history":[{"count":5,"href":"https:\/\/www.santafe.gob.ar\/ms\/timbo\/wp-json\/wp\/v2\/pages\/168\/revisions"}],"predecessor-version":[{"id":455,"href":"https:\/\/www.santafe.gob.ar\/ms\/timbo\/wp-json\/wp\/v2\/pages\/168\/revisions\/455"}],"wp:attachment":[{"href":"https:\/\/www.santafe.gob.ar\/ms\/timbo\/wp-json\/wp\/v2\/media?parent=168"}],"curies":[{"name":"wp","href":"https:\/\/api.w.org\/{rel}","templated":true}]}}