{"id":45900,"date":"2024-12-05T15:48:07","date_gmt":"2024-12-05T18:48:07","guid":{"rendered":"https:\/\/onlines.ar\/tribunal-electoral-de-santa-fe\/?page_id=45900"},"modified":"2025-12-29T16:25:45","modified_gmt":"2025-12-29T15:25:45","slug":"tribunal-electoral-de-santa-fe","status":"publish","type":"page","link":"https:\/\/www.santafe.gob.ar\/ms\/tribunalelectoral\/","title":{"rendered":"Tribunal Electoral de Santa Fe"},"content":{"rendered":"\n<header class=\"wp-block-group data-block_header has-blanco-color has-azul-claro-background-color has-text-color has-background has-link-color wp-elements-099b36f5ec5a4d3625ee94d5ecf44ea2 is-layout-constrained wp-container-core-group-is-layout-639b5052 wp-block-group-is-layout-constrained\" style=\"padding-top:0;padding-right:0;padding-bottom:0;padding-left:0\">\n<div class=\"wp-block-group data-block_grid is-layout-constrained wp-block-group-is-layout-constrained\">\n<div class=\"wp-block-group data-area_container is-layout-constrained wp-block-group-is-layout-constrained\">\n<div class=\"wp-block-group data-block_logo is-layout-constrained wp-block-group-is-layout-constrained\">\n<figure class=\"wp-block-image size-full\"><a href=\"https:\/\/www.santafe.gob.ar\/ms\/tribunalelectoral\/\"><img decoding=\"async\" src=\"https:\/\/www.santafe.gob.ar\/ms\/tribunal-electoral-2025\/wp-content\/uploads\/sites\/84\/2024\/12\/logo-tribunal-electoral.svg\" alt=\"\" class=\"wp-image-46276\" \/><\/a><\/figure>\n<\/div>\n\n\n\n<div class=\"wp-block-group data-component_nav is-layout-constrained wp-block-group-is-layout-constrained\">\n<div class=\"wp-block-columns is-layout-flex wp-container-core-columns-is-layout-28f84493 wp-block-columns-is-layout-flex\">\n<div class=\"wp-block-column is-layout-flow wp-block-column-is-layout-flow\" style=\"flex-basis:100%\"><nav class=\"wp-block-navigation is-layout-flex wp-block-navigation-is-layout-flex\" aria-label=\"Navigation\"><ul class=\"wp-block-navigation__container  wp-block-navigation\"><li class=\" wp-block-navigation-item wp-block-navigation-link\"><a class=\"wp-block-navigation-item__content\"  href=\"https:\/\/www.santafe.gob.ar\/ms\/tribunalelectoral\/novedades\/\"><span class=\"wp-block-navigation-item__label\">Novedades<\/span><\/a><\/li><li class=\" wp-block-navigation-item wp-block-navigation-link\"><a class=\"wp-block-navigation-item__content\"  href=\"https:\/\/www.santafe.gob.ar\/ms\/tribunalelectoral\/elecciones\/\"><span class=\"wp-block-navigation-item__label\">Elecciones<\/span><\/a><\/li><li class=\" wp-block-navigation-item wp-block-navigation-link\"><a class=\"wp-block-navigation-item__content\"  href=\"https:\/\/www.santafe.gob.ar\/ms\/tribunalelectoral\/institucional\/\"><span class=\"wp-block-navigation-item__label\">Institucional<\/span><\/a><\/li><\/ul><\/nav><\/div>\n<\/div>\n<\/div>\n<\/div>\n<\/div>\n<\/header>\n\n\n\n<main class=\"wp-block-group data-page_home is-layout-constrained wp-block-group-is-layout-constrained\">\n<section class=\"wp-block-group data-section_hero is-layout-constrained wp-block-group-is-layout-constrained\">\n<div class=\"wp-block-cover\"><img loading=\"lazy\" decoding=\"async\" width=\"1024\" height=\"198\" class=\"wp-block-cover__image-background wp-image-46274 size-large\" alt=\"\" src=\"https:\/\/www.santafe.gob.ar\/ms\/tribunal-electoral-2025\/wp-content\/uploads\/sites\/84\/2025\/10\/background-electoral-1-1024x198.webp\" data-object-fit=\"cover\" srcset=\"https:\/\/www.santafe.gob.ar\/ms\/tribunalelectoral\/wp-content\/uploads\/sites\/84\/2025\/10\/background-electoral-1-1024x198.webp 1024w, https:\/\/www.santafe.gob.ar\/ms\/tribunalelectoral\/wp-content\/uploads\/sites\/84\/2025\/10\/background-electoral-1-300x58.webp 300w, https:\/\/www.santafe.gob.ar\/ms\/tribunalelectoral\/wp-content\/uploads\/sites\/84\/2025\/10\/background-electoral-1-768x148.webp 768w, https:\/\/www.santafe.gob.ar\/ms\/tribunalelectoral\/wp-content\/uploads\/sites\/84\/2025\/10\/background-electoral-1.webp 1512w\" sizes=\"auto, (max-width: 1024px) 100vw, 1024px\" \/><span aria-hidden=\"true\" class=\"wp-block-cover__background has-background-dim-0 has-background-dim\" style=\"background-color:#134d57\"><\/span><div class=\"wp-block-cover__inner-container is-layout-constrained wp-block-cover-is-layout-constrained\">\n<div class=\"wp-block-group data-block_grid is-layout-constrained wp-block-group-is-layout-constrained\">\n<div class=\"wp-block-group data-area_container is-layout-constrained wp-block-group-is-layout-constrained\">\n<div class=\"wp-block-group data-wrapper_left is-layout-constrained wp-block-group-is-layout-constrained\">\n<h2 class=\"wp-block-heading has-blanco-color has-text-color has-link-color has-2-x-large-font-size wp-elements-8afb5f2c00603925af716cfa8779d6a5\" style=\"font-style:normal;font-weight:400\">Elecciones Generales, Municipales y Comunales 2025<\/h2>\n<\/div>\n\n\n\n<div class=\"wp-block-group data-wrapper_images is-layout-constrained wp-block-group-is-layout-constrained\">\n<div class=\"wp-block-buttons is-layout-flex wp-block-buttons-is-layout-flex\">\n<div class=\"wp-block-button is-style-fill\"><a class=\"wp-block-button__link has-blanco-color has-azul-claro-background-color has-text-color has-background has-link-color wp-element-button\" href=\"https:\/\/www.santafe.gob.ar\/ms\/tribunalelectoral\/eleccion\/elecciones-2025\/\">Ver elecciones<\/a><\/div>\n<\/div>\n<\/div>\n<\/div>\n<\/div>\n<\/div><\/div>\n<\/section>\n\n\n\n<section class=\"wp-block-group data-section_novedades is-layout-constrained wp-block-group-is-layout-constrained\">\n<div class=\"wp-block-group data-block_grid is-layout-constrained wp-block-group-is-layout-constrained\">\n<div class=\"wp-block-group data-area_container is-layout-constrained wp-block-group-is-layout-constrained\">\n<div class=\"wp-block-group data-wrapper_left is-layout-constrained wp-block-group-is-layout-constrained\">\n<h2 class=\"wp-block-heading has-azul-color has-text-color has-link-color has-3-x-large-font-size wp-elements-d48c8a0b8c9532713f7fcdd2e3743843\" style=\"padding-bottom:1rem;font-style:normal;font-weight:900\">Novedades<\/h2>\n\n\n\n<p style=\"padding-bottom:3rem\"><\/p>\n\n\n\n<div class=\"wp-block-buttons is-layout-flex wp-block-buttons-is-layout-flex\">\n<div class=\"wp-block-button is-style-fill\"><a class=\"wp-block-button__link wp-element-button\" href=\"https:\/\/www.santafe.gob.ar\/ms\/tribunalelectoral\/novedades\/\">Ver todas las novedades<\/a><\/div>\n<\/div>\n<\/div>\n\n\n\n<div class=\"wp-block-group data-wrapper_right is-layout-constrained wp-block-group-is-layout-constrained\">\n<div class=\"wp-block-query data-component_entradas is-layout-flow wp-block-query-is-layout-flow\"><ul class=\"list-cards wp-block-post-template is-layout-flow wp-block-post-template-is-layout-flow\"><li class=\"wp-block-post post-54837 post type-post status-publish format-standard hentry category-sin-categoria\">\n<div style=\"color:#999999;\" class=\"has-link-color wp-elements-feeecb17bd9658717f0bdd961f441b1e wp-block-post-date has-text-color has-semi-normal-font-size\"><time datetime=\"2026-04-14T17:34:44+02:00\">14 de abril de 2026<\/time><\/div>\n\n<h2 style=\"padding-bottom:var(--wp--preset--spacing--70);\" class=\"has-link-color wp-elements-dd20056899de2e511f00ac4d46056053 wp-block-post-title has-text-color has-azul-color has-medium-font-size\"><a href=\"https:\/\/www.santafe.gob.ar\/ms\/tribunalelectoral\/informacion-para-partidos-politicos-vigentes\/\" target=\"_self\" >Informaci\u00f3n para Partidos Pol\u00edticos vigentes<\/a><\/h2>\n\n<div class=\"wp-block-post-excerpt\"><p class=\"wp-block-post-excerpt__excerpt\">La Secretar\u00eda Electoral les recuerda a las agrupaciones pol\u00edticas los plazos y requisitos vigentes para garantizar el normal funcionamiento institucional&hellip;<\/p><p class=\"wp-block-post-excerpt__more-text\"><a class=\"wp-block-post-excerpt__more-link\" href=\"https:\/\/www.santafe.gob.ar\/ms\/tribunalelectoral\/informacion-para-partidos-politicos-vigentes\/\">Seguir leyendo<\/a><\/p><\/div>\n<\/li><li class=\"wp-block-post post-54835 post type-post status-publish format-standard hentry category-sin-categoria\">\n<div style=\"color:#999999;\" class=\"has-link-color wp-elements-feeecb17bd9658717f0bdd961f441b1e wp-block-post-date has-text-color has-semi-normal-font-size\"><time datetime=\"2026-04-10T15:15:59+02:00\">10 de abril de 2026<\/time><\/div>\n\n<h2 style=\"padding-bottom:var(--wp--preset--spacing--70);\" class=\"has-link-color wp-elements-dd20056899de2e511f00ac4d46056053 wp-block-post-title has-text-color has-azul-color has-medium-font-size\"><a href=\"https:\/\/www.santafe.gob.ar\/ms\/tribunalelectoral\/solicitud-de-formacion-de-partidos-politicos-4\/\" target=\"_self\" >Solicitud de formaci\u00f3n de Partidos Pol\u00edticos<\/a><\/h2>\n\n<div class=\"wp-block-post-excerpt\"><p class=\"wp-block-post-excerpt__excerpt\">La Secretar\u00eda del Tribunal Electoral de Santa Fe informa a la ciudadan\u00eda sobre las distintas solicitudes de formaci\u00f3n de partidos&hellip;<\/p><p class=\"wp-block-post-excerpt__more-text\"><a class=\"wp-block-post-excerpt__more-link\" href=\"https:\/\/www.santafe.gob.ar\/ms\/tribunalelectoral\/solicitud-de-formacion-de-partidos-politicos-4\/\">Seguir leyendo<\/a><\/p><\/div>\n<\/li><li class=\"wp-block-post post-54826 post type-post status-publish format-standard hentry category-sin-categoria\">\n<div style=\"color:#999999;\" class=\"has-link-color wp-elements-feeecb17bd9658717f0bdd961f441b1e wp-block-post-date has-text-color has-semi-normal-font-size\"><time datetime=\"2026-04-01T15:25:08+02:00\">1 de abril de 2026<\/time><\/div>\n\n<h2 style=\"padding-bottom:var(--wp--preset--spacing--70);\" class=\"has-link-color wp-elements-dd20056899de2e511f00ac4d46056053 wp-block-post-title has-text-color has-azul-color has-medium-font-size\"><a href=\"https:\/\/www.santafe.gob.ar\/ms\/tribunalelectoral\/solicitud-de-formacion-de-partidos-politicos-2\/\" target=\"_self\" >Solicitud de formaci\u00f3n de Partidos Pol\u00edticos<\/a><\/h2>\n\n<div class=\"wp-block-post-excerpt\"><p class=\"wp-block-post-excerpt__excerpt\">La Secretar\u00eda del Tribunal Electoral de Santa Fe informa a la ciudadan\u00eda sobre las distintas solicitudes de formaci\u00f3n de partidos&hellip;<\/p><p class=\"wp-block-post-excerpt__more-text\"><a class=\"wp-block-post-excerpt__more-link\" href=\"https:\/\/www.santafe.gob.ar\/ms\/tribunalelectoral\/solicitud-de-formacion-de-partidos-politicos-2\/\">Seguir leyendo<\/a><\/p><\/div>\n<\/li><li class=\"wp-block-post post-54821 post type-post status-publish format-standard hentry category-sin-categoria\">\n<div style=\"color:#999999;\" class=\"has-link-color wp-elements-feeecb17bd9658717f0bdd961f441b1e wp-block-post-date has-text-color has-semi-normal-font-size\"><time datetime=\"2026-03-26T16:34:01+01:00\">26 de marzo de 2026<\/time><\/div>\n\n<h2 style=\"padding-bottom:var(--wp--preset--spacing--70);\" class=\"has-link-color wp-elements-dd20056899de2e511f00ac4d46056053 wp-block-post-title has-text-color has-azul-color has-medium-font-size\"><a href=\"https:\/\/www.santafe.gob.ar\/ms\/tribunalelectoral\/nueva-modalidad-de-gestion-de-tramites-y-notificaciones-oficiales-para-municipios-y-comunas\/\" target=\"_self\" >Nueva modalidad de gesti\u00f3n de tr\u00e1mites y notificaciones oficiales para Municipios y Comunas<\/a><\/h2>\n\n<div class=\"wp-block-post-excerpt\"><p class=\"wp-block-post-excerpt__excerpt\">La Secretar\u00eda del Tribunal Electoral de la Provincia de Santa Fe informa que, con el objetivo de optimizar la gesti\u00f3n&hellip;<\/p><p class=\"wp-block-post-excerpt__more-text\"><a class=\"wp-block-post-excerpt__more-link\" href=\"https:\/\/www.santafe.gob.ar\/ms\/tribunalelectoral\/nueva-modalidad-de-gestion-de-tramites-y-notificaciones-oficiales-para-municipios-y-comunas\/\">Seguir leyendo<\/a><\/p><\/div>\n<\/li><\/ul><\/div>\n<\/div>\n<\/div>\n<\/div>\n<\/section>\n\n\n\n<section class=\"wp-block-group data-section_enlaces is-layout-constrained wp-block-group-is-layout-constrained\">\n<div class=\"wp-block-group data-block_grid is-layout-constrained wp-block-group-is-layout-constrained\">\n<div class=\"wp-block-group data-area_container is-layout-constrained wp-block-group-is-layout-constrained\">\n<div class=\"wp-block-group data-wrapper_left is-layout-constrained wp-block-group-is-layout-constrained\">\n<h2 class=\"wp-block-heading has-blanco-color has-text-color has-link-color has-3-x-large-font-size wp-elements-01d715f2b782907ef5a056d5e6bca0d7\" style=\"padding-bottom:1rem;font-style:normal;font-weight:900\">Enlaces<\/h2>\n\n\n\n<p class=\"has-claro-color has-text-color has-link-color wp-elements-69fd9c7b55455b0060d7a5312494eeee\" style=\"padding-bottom:3rem\">Enlaces relevantes proporcionados por el Tribunal Electoral de la Provincia de Santa Fe.<\/p>\n<\/div>\n\n\n\n<div class=\"wp-block-group data-wrapper_right is-layout-constrained wp-block-group-is-layout-constrained\">\n<ul style=\"font-style:normal;font-weight:500\" class=\"wp-block-list data-component_enlaces has-blanco-color has-text-color has-link-color wp-elements-041b47fd789881b8ab2e7f8cc1c41ab9\">\n<li><a href=\"#\" target=\"_blank\" rel=\"noreferrer noopener\">Padr\u00f3n Definitivo<\/a><\/li>\n\n\n\n<li><a href=\"https:\/\/www.santafe.gob.ar\/ms\/tribunalelectoral\/leyes-y-decretos\/\" data-type=\"link\" data-id=\"https:\/\/www.santafe.gob.ar\/ms\/tribunalelectoral\/leyes-y-decretos\/\">Leyes y Decretos<\/a><\/li>\n\n\n\n<li><a href=\"https:\/\/www.santafe.gob.ar\/ms\/tribunalelectoral\/partidos-politicos\/\" data-type=\"page\" data-id=\"45939\">Partidos Pol\u00edticos<\/a><\/li>\n<\/ul>\n<\/div>\n<\/div>\n<\/div>\n<\/section>\n<\/main>\n\n\n\n<footer class=\"wp-block-group data-block_footer is-layout-constrained wp-block-group-is-layout-constrained\">\n<div class=\"wp-block-group data-block_grid is-layout-constrained wp-block-group-is-layout-constrained\">\n<div class=\"wp-block-group data-area_container is-layout-constrained wp-block-group-is-layout-constrained\">\n<div class=\"wp-block-group data-block_logo is-layout-constrained wp-block-group-is-layout-constrained\">\n<figure class=\"wp-block-image size-full\"><a href=\"https:\/\/www.santafe.gob.ar\/ms\/tribunal-electoral-2025\/\"><img decoding=\"async\" src=\"https:\/\/www.santafe.gob.ar\/ms\/tribunal-electoral-2025\/wp-content\/uploads\/sites\/84\/2024\/12\/logo-tribunal-electoral-1.svg\" alt=\"\" class=\"wp-image-46287\" \/><\/a><\/figure>\n<\/div>\n\n\n\n<div class=\"wp-block-group data-wrapper_data is-horizontal is-content-justification-left is-nowrap is-layout-flex wp-container-core-group-is-layout-5ebe7bbc wp-block-group-is-layout-flex\">\n<ul class=\"wp-block-list\">\n<li><strong>Direcci\u00f3n Postal Santa Fe<\/strong><\/li>\n\n\n\n<li>1 de Mayo 1565 &#8211; (S3000ADF) Santa Fe.<\/li>\n\n\n\n<li>54 342 481-5751<\/li>\n\n\n\n<li>secretariaelectoral@santafe.gov.ar<\/li>\n\n\n\n<li>Lunes a Viernes: 7 a 13 hs<\/li>\n<\/ul>\n\n\n\n<ul class=\"wp-block-list\">\n<li><strong>Direcci\u00f3n Postal Rosario<\/strong><\/li>\n\n\n\n<li>Av. San Lorenzo 1949 &#8211; (S2000ADF) Rosario.<\/li>\n\n\n\n<li>54 341 472-1813 \/ 20 Int. 45745<\/li>\n\n\n\n<li>Lunes a Viernes: 7 a 13 hs<\/li>\n<\/ul>\n<\/div>\n<\/div>\n<\/div>\n<\/footer>\n","protected":false},"excerpt":{"rendered":"<p>Novedades Enlaces Enlaces relevantes proporcionados por el Tribunal Electoral de la Provincia de Santa Fe.<\/p>\n","protected":false},"author":2,"featured_media":0,"parent":0,"menu_order":0,"comment_status":"closed","ping_status":"closed","template":"","meta":{"_acf_changed":false,"footnotes":""},"class_list":["post-45900","page","type-page","status-publish","hentry"],"acf":[],"_links":{"self":[{"href":"https:\/\/www.santafe.gob.ar\/ms\/tribunalelectoral\/wp-json\/wp\/v2\/pages\/45900","targetHints":{"allow":["GET"]}}],"collection":[{"href":"https:\/\/www.santafe.gob.ar\/ms\/tribunalelectoral\/wp-json\/wp\/v2\/pages"}],"about":[{"href":"https:\/\/www.santafe.gob.ar\/ms\/tribunalelectoral\/wp-json\/wp\/v2\/types\/page"}],"author":[{"embeddable":true,"href":"https:\/\/www.santafe.gob.ar\/ms\/tribunalelectoral\/wp-json\/wp\/v2\/users\/2"}],"replies":[{"embeddable":true,"href":"https:\/\/www.santafe.gob.ar\/ms\/tribunalelectoral\/wp-json\/wp\/v2\/comments?post=45900"}],"version-history":[{"count":19,"href":"https:\/\/www.santafe.gob.ar\/ms\/tribunalelectoral\/wp-json\/wp\/v2\/pages\/45900\/revisions"}],"predecessor-version":[{"id":54665,"href":"https:\/\/www.santafe.gob.ar\/ms\/tribunalelectoral\/wp-json\/wp\/v2\/pages\/45900\/revisions\/54665"}],"wp:attachment":[{"href":"https:\/\/www.santafe.gob.ar\/ms\/tribunalelectoral\/wp-json\/wp\/v2\/media?parent=45900"}],"curies":[{"name":"wp","href":"https:\/\/api.w.org\/{rel}","templated":true}]}}