{"id":45904,"date":"2024-12-05T15:48:59","date_gmt":"2024-12-05T18:48:59","guid":{"rendered":"https:\/\/onlines.ar\/tribunal-electoral-de-santa-fe\/?page_id=45904"},"modified":"2025-12-29T16:24:36","modified_gmt":"2025-12-29T15:24:36","slug":"novedades","status":"publish","type":"page","link":"https:\/\/www.santafe.gob.ar\/ms\/tribunalelectoral\/novedades\/","title":{"rendered":"Novedades"},"content":{"rendered":"\n<header class=\"wp-block-group data-block_header has-blanco-color has-azul-claro-background-color has-text-color has-background has-link-color wp-elements-099b36f5ec5a4d3625ee94d5ecf44ea2 is-layout-constrained wp-container-core-group-is-layout-639b5052 wp-block-group-is-layout-constrained\" style=\"padding-top:0;padding-right:0;padding-bottom:0;padding-left:0\">\n<div class=\"wp-block-group data-block_grid is-layout-constrained wp-block-group-is-layout-constrained\">\n<div class=\"wp-block-group data-area_container is-layout-constrained wp-block-group-is-layout-constrained\">\n<div class=\"wp-block-group data-block_logo is-layout-constrained wp-block-group-is-layout-constrained\">\n<figure class=\"wp-block-image size-full\"><a href=\"https:\/\/www.santafe.gob.ar\/ms\/tribunalelectoral\/\"><img decoding=\"async\" src=\"https:\/\/www.santafe.gob.ar\/ms\/tribunal-electoral-2025\/wp-content\/uploads\/sites\/84\/2024\/12\/logo-tribunal-electoral.svg\" alt=\"\" class=\"wp-image-46276\" \/><\/a><\/figure>\n<\/div>\n\n\n\n<div class=\"wp-block-group data-component_nav is-layout-constrained wp-block-group-is-layout-constrained\">\n<div class=\"wp-block-columns is-layout-flex wp-container-core-columns-is-layout-28f84493 wp-block-columns-is-layout-flex\">\n<div class=\"wp-block-column is-layout-flow wp-block-column-is-layout-flow\" style=\"flex-basis:100%\"><nav class=\"wp-block-navigation is-layout-flex wp-block-navigation-is-layout-flex\" aria-label=\"Navigation\"><ul class=\"wp-block-navigation__container  wp-block-navigation\"><li class=\" wp-block-navigation-item wp-block-navigation-link\"><a class=\"wp-block-navigation-item__content\"  href=\"https:\/\/www.santafe.gob.ar\/ms\/tribunalelectoral\/novedades\/\"><span class=\"wp-block-navigation-item__label\">Novedades<\/span><\/a><\/li><li class=\" wp-block-navigation-item wp-block-navigation-link\"><a class=\"wp-block-navigation-item__content\"  href=\"https:\/\/www.santafe.gob.ar\/ms\/tribunalelectoral\/elecciones\/\"><span class=\"wp-block-navigation-item__label\">Elecciones<\/span><\/a><\/li><li class=\" wp-block-navigation-item wp-block-navigation-link\"><a class=\"wp-block-navigation-item__content\"  href=\"https:\/\/www.santafe.gob.ar\/ms\/tribunalelectoral\/institucional\/\"><span class=\"wp-block-navigation-item__label\">Institucional<\/span><\/a><\/li><\/ul><\/nav><\/div>\n<\/div>\n<\/div>\n<\/div>\n<\/div>\n<\/header>\n\n\n\n<main class=\"wp-block-group data-page_novedades is-layout-constrained wp-block-group-is-layout-constrained\">\n<section class=\"wp-block-group data-section_novedades is-layout-constrained wp-block-group-is-layout-constrained\">\n<div class=\"wp-block-group data-block_grid is-layout-constrained wp-block-group-is-layout-constrained\">\n<div class=\"wp-block-group data-area_container is-layout-constrained wp-block-group-is-layout-constrained\">\n<div class=\"wp-block-group data-wrapper_left is-layout-constrained wp-block-group-is-layout-constrained\">\n<h2 class=\"wp-block-heading has-azul-color has-text-color has-link-color has-3-x-large-font-size wp-elements-d48c8a0b8c9532713f7fcdd2e3743843\" style=\"padding-bottom:1rem;font-style:normal;font-weight:900\">Novedades<\/h2>\n\n\n\n<p style=\"padding-bottom:3rem\"><\/p>\n<\/div>\n\n\n\n<div class=\"wp-block-group data-wrapper_right is-layout-constrained wp-block-group-is-layout-constrained\">\n<div class=\"wp-block-query data-component_entradas is-layout-flow wp-block-query-is-layout-flow\"><ul class=\"wp-block-post-template is-layout-flow wp-block-post-template-is-layout-flow\"><li class=\"wp-block-post post-54837 post type-post status-publish format-standard hentry category-sin-categoria\">\n<div class=\"has-link-color wp-elements-55250f8cedd28cf60c4b537e6e44127c wp-block-post-date has-text-color has-custom-gris-medio-color has-semi-normal-font-size\"><time datetime=\"2026-04-14T17:34:44+02:00\">14 de abril de 2026<\/time><\/div>\n\n<h2 style=\"padding-bottom:var(--wp--preset--spacing--70);margin-bottom:0;\" class=\"has-link-color wp-elements-5d031ef564a2acc44abaad0f061e6962 wp-block-post-title has-text-color has-azul-color has-medium-font-size\"><a href=\"https:\/\/www.santafe.gob.ar\/ms\/tribunalelectoral\/informacion-para-partidos-politicos-vigentes\/\" target=\"_self\" >Informaci\u00f3n para Partidos Pol\u00edticos vigentes<\/a><\/h2>\n\n<div class=\"wp-block-post-excerpt\"><p class=\"wp-block-post-excerpt__excerpt\">La Secretar\u00eda Electoral les recuerda a las agrupaciones pol\u00edticas los plazos y requisitos vigentes para garantizar el normal funcionamiento institucional&hellip;<\/p><p class=\"wp-block-post-excerpt__more-text\"><a class=\"wp-block-post-excerpt__more-link\" href=\"https:\/\/www.santafe.gob.ar\/ms\/tribunalelectoral\/informacion-para-partidos-politicos-vigentes\/\">Seguir leyendo<\/a><\/p><\/div>\n<\/li><li class=\"wp-block-post post-54835 post type-post status-publish format-standard hentry category-sin-categoria\">\n<div class=\"has-link-color wp-elements-55250f8cedd28cf60c4b537e6e44127c wp-block-post-date has-text-color has-custom-gris-medio-color has-semi-normal-font-size\"><time datetime=\"2026-04-10T15:15:59+02:00\">10 de abril de 2026<\/time><\/div>\n\n<h2 style=\"padding-bottom:var(--wp--preset--spacing--70);margin-bottom:0;\" class=\"has-link-color wp-elements-5d031ef564a2acc44abaad0f061e6962 wp-block-post-title has-text-color has-azul-color has-medium-font-size\"><a href=\"https:\/\/www.santafe.gob.ar\/ms\/tribunalelectoral\/solicitud-de-formacion-de-partidos-politicos-4\/\" target=\"_self\" >Solicitud de formaci\u00f3n de Partidos Pol\u00edticos<\/a><\/h2>\n\n<div class=\"wp-block-post-excerpt\"><p class=\"wp-block-post-excerpt__excerpt\">La Secretar\u00eda del Tribunal Electoral de Santa Fe informa a la ciudadan\u00eda sobre las distintas solicitudes de formaci\u00f3n de partidos&hellip;<\/p><p class=\"wp-block-post-excerpt__more-text\"><a class=\"wp-block-post-excerpt__more-link\" href=\"https:\/\/www.santafe.gob.ar\/ms\/tribunalelectoral\/solicitud-de-formacion-de-partidos-politicos-4\/\">Seguir leyendo<\/a><\/p><\/div>\n<\/li><li class=\"wp-block-post post-54826 post type-post status-publish format-standard hentry category-sin-categoria\">\n<div class=\"has-link-color wp-elements-55250f8cedd28cf60c4b537e6e44127c wp-block-post-date has-text-color has-custom-gris-medio-color has-semi-normal-font-size\"><time datetime=\"2026-04-01T15:25:08+02:00\">1 de abril de 2026<\/time><\/div>\n\n<h2 style=\"padding-bottom:var(--wp--preset--spacing--70);margin-bottom:0;\" class=\"has-link-color wp-elements-5d031ef564a2acc44abaad0f061e6962 wp-block-post-title has-text-color has-azul-color has-medium-font-size\"><a href=\"https:\/\/www.santafe.gob.ar\/ms\/tribunalelectoral\/solicitud-de-formacion-de-partidos-politicos-2\/\" target=\"_self\" >Solicitud de formaci\u00f3n de Partidos Pol\u00edticos<\/a><\/h2>\n\n<div class=\"wp-block-post-excerpt\"><p class=\"wp-block-post-excerpt__excerpt\">La Secretar\u00eda del Tribunal Electoral de Santa Fe informa a la ciudadan\u00eda sobre las distintas solicitudes de formaci\u00f3n de partidos&hellip;<\/p><p class=\"wp-block-post-excerpt__more-text\"><a class=\"wp-block-post-excerpt__more-link\" href=\"https:\/\/www.santafe.gob.ar\/ms\/tribunalelectoral\/solicitud-de-formacion-de-partidos-politicos-2\/\">Seguir leyendo<\/a><\/p><\/div>\n<\/li><li class=\"wp-block-post post-54821 post type-post status-publish format-standard hentry category-sin-categoria\">\n<div class=\"has-link-color wp-elements-55250f8cedd28cf60c4b537e6e44127c wp-block-post-date has-text-color has-custom-gris-medio-color has-semi-normal-font-size\"><time datetime=\"2026-03-26T16:34:01+01:00\">26 de marzo de 2026<\/time><\/div>\n\n<h2 style=\"padding-bottom:var(--wp--preset--spacing--70);margin-bottom:0;\" class=\"has-link-color wp-elements-5d031ef564a2acc44abaad0f061e6962 wp-block-post-title has-text-color has-azul-color has-medium-font-size\"><a href=\"https:\/\/www.santafe.gob.ar\/ms\/tribunalelectoral\/nueva-modalidad-de-gestion-de-tramites-y-notificaciones-oficiales-para-municipios-y-comunas\/\" target=\"_self\" >Nueva modalidad de gesti\u00f3n de tr\u00e1mites y notificaciones oficiales para Municipios y Comunas<\/a><\/h2>\n\n<div class=\"wp-block-post-excerpt\"><p class=\"wp-block-post-excerpt__excerpt\">La Secretar\u00eda del Tribunal Electoral de la Provincia de Santa Fe informa que, con el objetivo de optimizar la gesti\u00f3n&hellip;<\/p><p class=\"wp-block-post-excerpt__more-text\"><a class=\"wp-block-post-excerpt__more-link\" href=\"https:\/\/www.santafe.gob.ar\/ms\/tribunalelectoral\/nueva-modalidad-de-gestion-de-tramites-y-notificaciones-oficiales-para-municipios-y-comunas\/\">Seguir leyendo<\/a><\/p><\/div>\n<\/li><li class=\"wp-block-post post-54811 post type-post status-publish format-standard hentry category-sin-categoria\">\n<div class=\"has-link-color wp-elements-55250f8cedd28cf60c4b537e6e44127c wp-block-post-date has-text-color has-custom-gris-medio-color has-semi-normal-font-size\"><time datetime=\"2026-03-17T12:59:51+01:00\">17 de marzo de 2026<\/time><\/div>\n\n<h2 style=\"padding-bottom:var(--wp--preset--spacing--70);margin-bottom:0;\" class=\"has-link-color wp-elements-5d031ef564a2acc44abaad0f061e6962 wp-block-post-title has-text-color has-azul-color has-medium-font-size\"><a href=\"https:\/\/www.santafe.gob.ar\/ms\/tribunalelectoral\/solicitud-de-ultimo-domicilio-de-electores-2\/\" target=\"_self\" >Solicitud de \u00faltimo domicilio de electores<\/a><\/h2>\n\n<div class=\"wp-block-post-excerpt\"><p class=\"wp-block-post-excerpt__excerpt\">La Secretar\u00eda del Tribunal Electoral de Santa Fe informa a los requirentes que los oficios -SOLICITUD DE \u00daLTIMO DOMICILIO DE&hellip;<\/p><p class=\"wp-block-post-excerpt__more-text\"><a class=\"wp-block-post-excerpt__more-link\" href=\"https:\/\/www.santafe.gob.ar\/ms\/tribunalelectoral\/solicitud-de-ultimo-domicilio-de-electores-2\/\">Seguir leyendo<\/a><\/p><\/div>\n<\/li><li class=\"wp-block-post post-54806 post type-post status-publish format-standard hentry category-sin-categoria\">\n<div class=\"has-link-color wp-elements-55250f8cedd28cf60c4b537e6e44127c wp-block-post-date has-text-color has-custom-gris-medio-color has-semi-normal-font-size\"><time datetime=\"2026-03-10T13:51:06+01:00\">10 de marzo de 2026<\/time><\/div>\n\n<h2 style=\"padding-bottom:var(--wp--preset--spacing--70);margin-bottom:0;\" class=\"has-link-color wp-elements-5d031ef564a2acc44abaad0f061e6962 wp-block-post-title has-text-color has-azul-color has-medium-font-size\"><a href=\"https:\/\/www.santafe.gob.ar\/ms\/tribunalelectoral\/solicitud-de-formacion-de-partidos-politicos-3\/\" target=\"_self\" >Solicitud de formaci\u00f3n de Partidos Pol\u00edticos<\/a><\/h2>\n\n<div class=\"wp-block-post-excerpt\"><p class=\"wp-block-post-excerpt__excerpt\">La Secretar\u00eda del Tribunal Electoral de Santa Fe informa a la ciudadan\u00eda sobre las distintas solicitudes de formaci\u00f3n de partidos&hellip;<\/p><p class=\"wp-block-post-excerpt__more-text\"><a class=\"wp-block-post-excerpt__more-link\" href=\"https:\/\/www.santafe.gob.ar\/ms\/tribunalelectoral\/solicitud-de-formacion-de-partidos-politicos-3\/\">Seguir leyendo<\/a><\/p><\/div>\n<\/li><li class=\"wp-block-post post-54795 post type-post status-publish format-standard hentry category-sin-categoria\">\n<div class=\"has-link-color wp-elements-55250f8cedd28cf60c4b537e6e44127c wp-block-post-date has-text-color has-custom-gris-medio-color has-semi-normal-font-size\"><time datetime=\"2026-01-19T12:08:02+01:00\">19 de enero de 2026<\/time><\/div>\n\n<h2 style=\"padding-bottom:var(--wp--preset--spacing--70);margin-bottom:0;\" class=\"has-link-color wp-elements-5d031ef564a2acc44abaad0f061e6962 wp-block-post-title has-text-color has-azul-color has-medium-font-size\"><a href=\"https:\/\/www.santafe.gob.ar\/ms\/tribunalelectoral\/domicilio-digital\/\" target=\"_self\" >Domicilio digital<\/a><\/h2>\n\n<div class=\"wp-block-post-excerpt\"><p class=\"wp-block-post-excerpt__excerpt\">Se recuerda a los partidos pol\u00edticos que a\u00fan no han cumplido con la obligaci\u00f3n de presentar la declaraci\u00f3n jurada correspondiente,&hellip;<\/p><p class=\"wp-block-post-excerpt__more-text\"><a class=\"wp-block-post-excerpt__more-link\" href=\"https:\/\/www.santafe.gob.ar\/ms\/tribunalelectoral\/domicilio-digital\/\">Seguir leyendo<\/a><\/p><\/div>\n<\/li><li class=\"wp-block-post post-54747 post type-post status-publish format-standard hentry category-sin-categoria\">\n<div class=\"has-link-color wp-elements-55250f8cedd28cf60c4b537e6e44127c wp-block-post-date has-text-color has-custom-gris-medio-color has-semi-normal-font-size\"><time datetime=\"2026-01-05T16:33:27+01:00\">5 de enero de 2026<\/time><\/div>\n\n<h2 style=\"padding-bottom:var(--wp--preset--spacing--70);margin-bottom:0;\" class=\"has-link-color wp-elements-5d031ef564a2acc44abaad0f061e6962 wp-block-post-title has-text-color has-azul-color has-medium-font-size\"><a href=\"https:\/\/www.santafe.gob.ar\/ms\/tribunalelectoral\/balances-2025\/\" target=\"_self\" >Balances 2025<\/a><\/h2>\n\n<div class=\"wp-block-post-excerpt\"><p class=\"wp-block-post-excerpt__excerpt\">H\u00e1gase saber a los partidos pol\u00edticos que, en virtud de lo dispuesto por el art\u00edculo 42, inciso b) del Cap\u00edtulo&hellip;<\/p><p class=\"wp-block-post-excerpt__more-text\"><a class=\"wp-block-post-excerpt__more-link\" href=\"https:\/\/www.santafe.gob.ar\/ms\/tribunalelectoral\/balances-2025\/\">Seguir leyendo<\/a><\/p><\/div>\n<\/li><li class=\"wp-block-post post-54638 post type-post status-publish format-standard hentry category-sin-categoria\">\n<div class=\"has-link-color wp-elements-55250f8cedd28cf60c4b537e6e44127c wp-block-post-date has-text-color has-custom-gris-medio-color has-semi-normal-font-size\"><time datetime=\"2025-11-18T19:40:32+01:00\">18 de noviembre de 2025<\/time><\/div>\n\n<h2 style=\"padding-bottom:var(--wp--preset--spacing--70);margin-bottom:0;\" class=\"has-link-color wp-elements-5d031ef564a2acc44abaad0f061e6962 wp-block-post-title has-text-color has-azul-color has-medium-font-size\"><a href=\"https:\/\/www.santafe.gob.ar\/ms\/tribunalelectoral\/pago-autoridades-elecciones-provinciales-2025\/\" target=\"_self\" >PAGO AUTORIDADES &#8211; Elecciones Provinciales 2025.<\/a><\/h2>\n\n<div class=\"wp-block-post-excerpt\"><p class=\"wp-block-post-excerpt__excerpt\">Comicios Provinciales 2025<\/p><p class=\"wp-block-post-excerpt__more-text\"><a class=\"wp-block-post-excerpt__more-link\" href=\"https:\/\/www.santafe.gob.ar\/ms\/tribunalelectoral\/pago-autoridades-elecciones-provinciales-2025\/\">Seguir leyendo<\/a><\/p><\/div>\n<\/li><li class=\"wp-block-post post-54619 post type-post status-publish format-standard hentry category-sin-categoria\">\n<div class=\"has-link-color wp-elements-55250f8cedd28cf60c4b537e6e44127c wp-block-post-date has-text-color has-custom-gris-medio-color has-semi-normal-font-size\"><time datetime=\"2025-11-18T19:34:00+01:00\">18 de noviembre de 2025<\/time><\/div>\n\n<h2 style=\"padding-bottom:var(--wp--preset--spacing--70);margin-bottom:0;\" class=\"has-link-color wp-elements-5d031ef564a2acc44abaad0f061e6962 wp-block-post-title has-text-color has-azul-color has-medium-font-size\"><a href=\"https:\/\/www.santafe.gob.ar\/ms\/tribunalelectoral\/escrutinio-definitivo-2025-sorteos-helvecia-villa-minetti-alvear-san-jose-de-la-esquina-y-teodelina\/\" target=\"_self\" >Escrutinio definitivo 2025 \u2013 Sorteos Helvecia, Villa Minetti, Alvear; San Jos\u00e9 de la Esquina y Teodelina<\/a><\/h2>\n\n<div class=\"wp-block-post-excerpt\"><p class=\"wp-block-post-excerpt__excerpt\">El d\u00eda 8 de julio en la sede de la Secretar\u00eda Electoral de la Provincia se realiz\u00f3 el sorteo para&hellip;<\/p><p class=\"wp-block-post-excerpt__more-text\"><a class=\"wp-block-post-excerpt__more-link\" href=\"https:\/\/www.santafe.gob.ar\/ms\/tribunalelectoral\/escrutinio-definitivo-2025-sorteos-helvecia-villa-minetti-alvear-san-jose-de-la-esquina-y-teodelina\/\">Seguir leyendo<\/a><\/p><\/div>\n<\/li><\/ul>\n\n<nav class=\"wp-block-query-pagination is-content-justification-center is-layout-flex wp-container-core-query-pagination-is-layout-a89b3969 wp-block-query-pagination-is-layout-flex\" aria-label=\"Paginaci\u00f3n\">\n\n\n<div class=\"wp-block-query-pagination-numbers\"><span aria-current=\"page\" class=\"page-numbers current\">1<\/span>\n<a class=\"page-numbers\" href=\"?query-1-page=2\">2<\/a>\n<a class=\"page-numbers\" href=\"?query-1-page=3\">3<\/a><\/div>\n\n<a href=\"\/ms\/tribunalelectoral\/wp-json\/wp\/v2\/pages\/45904?query-1-page=2\" class=\"wp-block-query-pagination-next\">Siguiente<\/a>\n<\/nav><\/div>\n<\/div>\n<\/div>\n<\/div>\n<\/section>\n<\/main>\n\n\n\n<footer class=\"wp-block-group data-block_footer is-layout-constrained wp-block-group-is-layout-constrained\">\n<div class=\"wp-block-group data-block_grid is-layout-constrained wp-block-group-is-layout-constrained\">\n<div class=\"wp-block-group data-area_container is-layout-constrained wp-block-group-is-layout-constrained\">\n<div class=\"wp-block-group data-block_logo is-layout-constrained wp-block-group-is-layout-constrained\">\n<figure class=\"wp-block-image size-full\"><a href=\"https:\/\/www.santafe.gob.ar\/ms\/tribunal-electoral-2025\/\"><img decoding=\"async\" src=\"https:\/\/www.santafe.gob.ar\/ms\/tribunal-electoral-2025\/wp-content\/uploads\/sites\/84\/2024\/12\/logo-tribunal-electoral-1.svg\" alt=\"\" class=\"wp-image-46287\" \/><\/a><\/figure>\n<\/div>\n\n\n\n<div class=\"wp-block-group data-wrapper_data is-horizontal is-content-justification-left is-nowrap is-layout-flex wp-container-core-group-is-layout-5ebe7bbc wp-block-group-is-layout-flex\">\n<ul class=\"wp-block-list\">\n<li><strong>Direcci\u00f3n Postal Santa Fe<\/strong><\/li>\n\n\n\n<li>1 de Mayo 1565 &#8211; (S3000ADF) Santa Fe.<\/li>\n\n\n\n<li>54 342 481-5751<\/li>\n\n\n\n<li>secretariaelectoral@santafe.gov.ar<\/li>\n\n\n\n<li>Lunes a Viernes: 7 a 13 hs<\/li>\n<\/ul>\n\n\n\n<ul class=\"wp-block-list\">\n<li><strong>Direcci\u00f3n Postal Rosario<\/strong><\/li>\n\n\n\n<li>Av. San Lorenzo 1949 &#8211; (S2000ADF) Rosario.<\/li>\n\n\n\n<li>54 341 472-1813 \/ 20 Int. 45745<\/li>\n\n\n\n<li>Lunes a Viernes: 7 a 13 hs<\/li>\n<\/ul>\n<\/div>\n<\/div>\n<\/div>\n<\/footer>\n","protected":false},"excerpt":{"rendered":"<p>Novedades<\/p>\n","protected":false},"author":2,"featured_media":0,"parent":0,"menu_order":1,"comment_status":"closed","ping_status":"closed","template":"","meta":{"_acf_changed":false,"footnotes":""},"class_list":["post-45904","page","type-page","status-publish","hentry"],"acf":[],"_links":{"self":[{"href":"https:\/\/www.santafe.gob.ar\/ms\/tribunalelectoral\/wp-json\/wp\/v2\/pages\/45904","targetHints":{"allow":["GET"]}}],"collection":[{"href":"https:\/\/www.santafe.gob.ar\/ms\/tribunalelectoral\/wp-json\/wp\/v2\/pages"}],"about":[{"href":"https:\/\/www.santafe.gob.ar\/ms\/tribunalelectoral\/wp-json\/wp\/v2\/types\/page"}],"author":[{"embeddable":true,"href":"https:\/\/www.santafe.gob.ar\/ms\/tribunalelectoral\/wp-json\/wp\/v2\/users\/2"}],"replies":[{"embeddable":true,"href":"https:\/\/www.santafe.gob.ar\/ms\/tribunalelectoral\/wp-json\/wp\/v2\/comments?post=45904"}],"version-history":[{"count":2,"href":"https:\/\/www.santafe.gob.ar\/ms\/tribunalelectoral\/wp-json\/wp\/v2\/pages\/45904\/revisions"}],"predecessor-version":[{"id":54802,"href":"https:\/\/www.santafe.gob.ar\/ms\/tribunalelectoral\/wp-json\/wp\/v2\/pages\/45904\/revisions\/54802"}],"wp:attachment":[{"href":"https:\/\/www.santafe.gob.ar\/ms\/tribunalelectoral\/wp-json\/wp\/v2\/media?parent=45904"}],"curies":[{"name":"wp","href":"https:\/\/api.w.org\/{rel}","templated":true}]}}