{"id":45908,"date":"2024-12-05T15:49:48","date_gmt":"2024-12-05T18:49:48","guid":{"rendered":"https:\/\/onlines.ar\/tribunal-electoral-de-santa-fe\/?page_id=45908"},"modified":"2025-12-03T12:58:05","modified_gmt":"2025-12-03T11:58:05","slug":"elecciones","status":"publish","type":"page","link":"https:\/\/www.santafe.gob.ar\/ms\/tribunalelectoral\/elecciones\/","title":{"rendered":"Elecciones"},"content":{"rendered":"\n<header class=\"wp-block-group data-block_header has-blanco-color has-azul-claro-background-color has-text-color has-background has-link-color wp-elements-099b36f5ec5a4d3625ee94d5ecf44ea2 is-layout-constrained wp-container-core-group-is-layout-639b5052 wp-block-group-is-layout-constrained\" style=\"padding-top:0;padding-right:0;padding-bottom:0;padding-left:0\">\n<div class=\"wp-block-group data-block_grid is-layout-constrained wp-block-group-is-layout-constrained\">\n<div class=\"wp-block-group data-area_container is-layout-constrained wp-block-group-is-layout-constrained\">\n<div class=\"wp-block-group data-block_logo is-layout-constrained wp-block-group-is-layout-constrained\">\n<figure class=\"wp-block-image size-full\"><a href=\"https:\/\/www.santafe.gob.ar\/ms\/tribunalelectoral\/\"><img decoding=\"async\" src=\"https:\/\/www.santafe.gob.ar\/ms\/tribunal-electoral-2025\/wp-content\/uploads\/sites\/84\/2024\/12\/logo-tribunal-electoral.svg\" alt=\"\" class=\"wp-image-46276\" \/><\/a><\/figure>\n<\/div>\n\n\n\n<div class=\"wp-block-group data-component_nav is-layout-constrained wp-block-group-is-layout-constrained\">\n<div class=\"wp-block-columns is-layout-flex wp-container-core-columns-is-layout-28f84493 wp-block-columns-is-layout-flex\">\n<div class=\"wp-block-column is-layout-flow wp-block-column-is-layout-flow\" style=\"flex-basis:100%\"><nav class=\"wp-block-navigation is-layout-flex wp-block-navigation-is-layout-flex\" aria-label=\"Navigation\"><ul class=\"wp-block-navigation__container  wp-block-navigation\"><li class=\" wp-block-navigation-item wp-block-navigation-link\"><a class=\"wp-block-navigation-item__content\"  href=\"https:\/\/www.santafe.gob.ar\/ms\/tribunalelectoral\/novedades\/\"><span class=\"wp-block-navigation-item__label\">Novedades<\/span><\/a><\/li><li class=\" wp-block-navigation-item wp-block-navigation-link\"><a class=\"wp-block-navigation-item__content\"  href=\"https:\/\/www.santafe.gob.ar\/ms\/tribunalelectoral\/elecciones\/\"><span class=\"wp-block-navigation-item__label\">Elecciones<\/span><\/a><\/li><li class=\" wp-block-navigation-item wp-block-navigation-link\"><a class=\"wp-block-navigation-item__content\"  href=\"https:\/\/www.santafe.gob.ar\/ms\/tribunalelectoral\/institucional\/\"><span class=\"wp-block-navigation-item__label\">Institucional<\/span><\/a><\/li><\/ul><\/nav><\/div>\n<\/div>\n<\/div>\n<\/div>\n<\/div>\n<\/header>\n\n\n\n<main class=\"wp-block-group data-page_elecciones is-layout-constrained wp-block-group-is-layout-constrained\">\n<section class=\"wp-block-group data-section_elecciones is-layout-constrained wp-block-group-is-layout-constrained\">\n<div class=\"wp-block-group data-block_grid is-layout-constrained wp-block-group-is-layout-constrained\">\n<div class=\"wp-block-group data-area_container is-layout-constrained wp-block-group-is-layout-constrained\">\n<div class=\"wp-block-group data-wrapper_left is-layout-constrained wp-block-group-is-layout-constrained\">\n<h2 class=\"wp-block-heading has-azul-color has-text-color has-link-color has-3-x-large-font-size wp-elements-5ae484970e0fb15129ea152c5b679207\" style=\"padding-bottom:1rem;font-style:normal;font-weight:900\">Elecciones<\/h2>\n\n\n\n<p style=\"padding-bottom:3rem\">Informaci\u00f3n relacionada con los procesos electorales de la Provincia de Santa Fe.<\/p>\n<\/div>\n\n\n\n<div class=\"wp-block-group data-wrapper_right is-layout-constrained wp-block-group-is-layout-constrained\">\n<div class=\"wp-block-query data-component_entradas is-layout-flow wp-block-query-is-layout-flow\">\n<div class=\"wp-block-group is-layout-constrained wp-block-group-is-layout-constrained\"><ul class=\"wp-block-post-template is-layout-flow wp-block-post-template-is-layout-flow\"><li class=\"wp-block-post post-46294 eleccion type-eleccion status-publish hentry\">\n<h2 class=\"has-link-color wp-elements-1875907f159d0647f1caabf161b09a7a wp-block-post-title has-text-color has-azul-color has-medium-font-size\">Elecciones 2025<\/h2>\n\n<div class=\"wp-block-post-excerpt\"><p class=\"wp-block-post-excerpt__excerpt\">Generales, Municipales y Comunales Resultados Escrutinio Definitivo Archivos de descarga Candidatos Electos Resultados Escrutinio definitivo 2025 \u2013 Sorteos Helvecia, Villa&hellip;<\/p><p class=\"wp-block-post-excerpt__more-text\"><a class=\"wp-block-post-excerpt__more-link\" href=\"https:\/\/www.santafe.gob.ar\/ms\/tribunalelectoral\/eleccion\/elecciones-2025\/\">M\u00e1s informaci\u00f3n<\/a><\/p><\/div>\n<\/li><li class=\"wp-block-post post-46293 eleccion type-eleccion status-publish hentry\">\n<h2 class=\"has-link-color wp-elements-1875907f159d0647f1caabf161b09a7a wp-block-post-title has-text-color has-azul-color has-medium-font-size\">Elecciones extraordinarias 2024<\/h2>\n\n<div class=\"wp-block-post-excerpt\"><p class=\"wp-block-post-excerpt__excerpt\">Generales Resultados escrutinio definitivo Boleta general Primarias Resultado escrutinio definitivo Boleta PASO Otros Alianzas reconocidas Formularios e instructivos Formularios \u2013&hellip;<\/p><p class=\"wp-block-post-excerpt__more-text\"><a class=\"wp-block-post-excerpt__more-link\" href=\"https:\/\/www.santafe.gob.ar\/ms\/tribunalelectoral\/eleccion\/elecciones-extraordinarias-2024\/\">M\u00e1s informaci\u00f3n<\/a><\/p><\/div>\n<\/li><li class=\"wp-block-post post-54764 eleccion type-eleccion status-publish hentry\">\n<h2 class=\"has-link-color wp-elements-1875907f159d0647f1caabf161b09a7a wp-block-post-title has-text-color has-azul-color has-medium-font-size\">Elecciones 2023<\/h2>\n\n<div class=\"wp-block-post-excerpt\"><p class=\"wp-block-post-excerpt__excerpt\">Generales Resultados cargos Gobernador, Diputados, Senador, Intendente, Concejal y Comisi\u00f3n Comunal Boletas Archivos de descarga Candidatos Electos Resultados Primarias Resultados&hellip;<\/p><p class=\"wp-block-post-excerpt__more-text\"><a class=\"wp-block-post-excerpt__more-link\" href=\"https:\/\/www.santafe.gob.ar\/ms\/tribunalelectoral\/eleccion\/elecciones-2023\/\">M\u00e1s informaci\u00f3n<\/a><\/p><\/div>\n<\/li><li class=\"wp-block-post post-46236 eleccion type-eleccion status-publish hentry\">\n<h2 class=\"has-link-color wp-elements-1875907f159d0647f1caabf161b09a7a wp-block-post-title has-text-color has-azul-color has-medium-font-size\">Elecciones Avellaneda 2022<\/h2>\n\n<div class=\"wp-block-post-excerpt\"><p class=\"wp-block-post-excerpt__excerpt\">Generales Resultados escrutinio definitivo Boleta general Primarias Resultado escrutinio definitivo Boleta PASO Informaci\u00f3n Sorteo de ubicaci\u00f3n En el d\u00eda de&hellip;<\/p><p class=\"wp-block-post-excerpt__more-text\"><a class=\"wp-block-post-excerpt__more-link\" href=\"https:\/\/www.santafe.gob.ar\/ms\/tribunalelectoral\/eleccion\/elecciones-avellaneda-2022\/\">M\u00e1s informaci\u00f3n<\/a><\/p><\/div>\n<\/li><li class=\"wp-block-post post-46183 eleccion type-eleccion status-publish hentry\">\n<h2 class=\"has-link-color wp-elements-1875907f159d0647f1caabf161b09a7a wp-block-post-title has-text-color has-azul-color has-medium-font-size\">Elecciones 2021<\/h2>\n\n<div class=\"wp-block-post-excerpt\"><p class=\"wp-block-post-excerpt__excerpt\">Elecciones Generales 2021 Resultados cargos distritales: Intendente, Concejal y Comisi\u00f3n Comunal Detalle de mesas Visualizaci\u00f3n de Boletas \u00danicas Generales 2021&hellip;<\/p><p class=\"wp-block-post-excerpt__more-text\"><a class=\"wp-block-post-excerpt__more-link\" href=\"https:\/\/www.santafe.gob.ar\/ms\/tribunalelectoral\/eleccion\/elecciones-2021\/\">M\u00e1s informaci\u00f3n<\/a><\/p><\/div>\n<\/li><li class=\"wp-block-post post-46182 eleccion type-eleccion status-publish hentry\">\n<h2 class=\"has-link-color wp-elements-1875907f159d0647f1caabf161b09a7a wp-block-post-title has-text-color has-azul-color has-medium-font-size\">Elecciones San Guillermo 2019<\/h2>\n\n<div class=\"wp-block-post-excerpt\"><p class=\"wp-block-post-excerpt__excerpt\">Cronograma Electoral Decreto Convocatoria<\/p><p class=\"wp-block-post-excerpt__more-text\"><a class=\"wp-block-post-excerpt__more-link\" href=\"https:\/\/www.santafe.gob.ar\/ms\/tribunalelectoral\/eleccion\/elecciones-san-guillermo-2019\/\">M\u00e1s informaci\u00f3n<\/a><\/p><\/div>\n<\/li><li class=\"wp-block-post post-46180 eleccion type-eleccion status-publish hentry\">\n<h2 class=\"has-link-color wp-elements-1875907f159d0647f1caabf161b09a7a wp-block-post-title has-text-color has-azul-color has-medium-font-size\">Elecciones 2019<\/h2>\n\n<div class=\"wp-block-post-excerpt\"><p class=\"wp-block-post-excerpt__excerpt\">Archivos para descarga Primarias Candidatos Electos Resultados Generales Candidatos Electos Resultados Elecciones Generales 2019 Acta Proclamaci\u00f3n Escrutinio Definitivo Resultados de&hellip;<\/p><p class=\"wp-block-post-excerpt__more-text\"><a class=\"wp-block-post-excerpt__more-link\" href=\"https:\/\/www.santafe.gob.ar\/ms\/tribunalelectoral\/eleccion\/elecciones-2019\/\">M\u00e1s informaci\u00f3n<\/a><\/p><\/div>\n<\/li><li class=\"wp-block-post post-46179 eleccion type-eleccion status-publish hentry\">\n<h2 class=\"has-link-color wp-elements-1875907f159d0647f1caabf161b09a7a wp-block-post-title has-text-color has-azul-color has-medium-font-size\">Elecciones 2017<\/h2>\n\n<div class=\"wp-block-post-excerpt\"><p class=\"wp-block-post-excerpt__excerpt\">Generales, Municipales y Comunales Archivos de descarga Candidatos Electos Resultados P.A.S.O. Archivos de descarga Candidatos Electos Resultados<\/p><p class=\"wp-block-post-excerpt__more-text\"><a class=\"wp-block-post-excerpt__more-link\" href=\"https:\/\/www.santafe.gob.ar\/ms\/tribunalelectoral\/eleccion\/elecciones-2017\/\">M\u00e1s informaci\u00f3n<\/a><\/p><\/div>\n<\/li><li class=\"wp-block-post post-46177 eleccion type-eleccion status-publish hentry\">\n<h2 class=\"has-link-color wp-elements-1875907f159d0647f1caabf161b09a7a wp-block-post-title has-text-color has-azul-color has-medium-font-size\">Elecciones 2015<\/h2>\n\n<div class=\"wp-block-post-excerpt\"><p class=\"wp-block-post-excerpt__excerpt\">Resultados Escrutinio Definitivo Elecciones Generales 2015 Resultados Gobernador y Vicegobernador Resultados Diputados Resultados Departamentales Resultados Intendente Resultados cargos Concejal\/Comisi\u00f3n Comunal&hellip;<\/p><p class=\"wp-block-post-excerpt__more-text\"><a class=\"wp-block-post-excerpt__more-link\" href=\"https:\/\/www.santafe.gob.ar\/ms\/tribunalelectoral\/eleccion\/elecciones-2015\/\">M\u00e1s informaci\u00f3n<\/a><\/p><\/div>\n<\/li><li class=\"wp-block-post post-46176 eleccion type-eleccion status-publish hentry\">\n<h2 class=\"has-link-color wp-elements-1875907f159d0647f1caabf161b09a7a wp-block-post-title has-text-color has-azul-color has-medium-font-size\">Elecciones 2013<\/h2>\n\n<div class=\"wp-block-post-excerpt\"><p class=\"wp-block-post-excerpt__excerpt\">Primarias Candidatos Electos Resultados Generales Candidatos Electos Resultados<\/p><p class=\"wp-block-post-excerpt__more-text\"><a class=\"wp-block-post-excerpt__more-link\" href=\"https:\/\/www.santafe.gob.ar\/ms\/tribunalelectoral\/eleccion\/elecciones-2013\/\">M\u00e1s informaci\u00f3n<\/a><\/p><\/div>\n<\/li><\/ul><\/div>\n\n\n<nav style=\"color:#ababab;\" class=\"has-link-color wp-elements-335a58de157c4c44b20455eac147a85c wp-block-query-pagination has-text-color is-content-justification-center is-layout-flex wp-container-core-query-pagination-is-layout-a89b3969 wp-block-query-pagination-is-layout-flex\" aria-label=\"Paginaci\u00f3n\">\n\n\n<div class=\"wp-block-query-pagination-numbers\"><span aria-current=\"page\" class=\"page-numbers current\">1<\/span>\n<a class=\"page-numbers\" href=\"?query-1-page=2\">2<\/a>\n<a class=\"page-numbers\" href=\"?query-1-page=3\">3<\/a><\/div>\n\n<a href=\"\/ms\/tribunalelectoral\/wp-json\/wp\/v2\/pages\/45908?query-1-page=2\" class=\"wp-block-query-pagination-next\">Siguiente<\/a>\n<\/nav><\/div>\n<\/div>\n<\/div>\n<\/div>\n<\/section>\n<\/main>\n\n\n\n<footer class=\"wp-block-group data-block_footer is-layout-constrained wp-block-group-is-layout-constrained\">\n<div class=\"wp-block-group data-block_grid is-layout-constrained wp-block-group-is-layout-constrained\">\n<div class=\"wp-block-group data-area_container is-layout-constrained wp-block-group-is-layout-constrained\">\n<div class=\"wp-block-group data-block_logo is-layout-constrained wp-block-group-is-layout-constrained\">\n<figure class=\"wp-block-image size-full\"><a href=\"https:\/\/www.santafe.gob.ar\/ms\/tribunal-electoral-2025\/\"><img decoding=\"async\" src=\"https:\/\/www.santafe.gob.ar\/ms\/tribunal-electoral-2025\/wp-content\/uploads\/sites\/84\/2024\/12\/logo-tribunal-electoral-1.svg\" alt=\"\" class=\"wp-image-46287\" \/><\/a><\/figure>\n<\/div>\n\n\n\n<div class=\"wp-block-group data-wrapper_data is-horizontal is-content-justification-left is-nowrap is-layout-flex wp-container-core-group-is-layout-5ebe7bbc wp-block-group-is-layout-flex\">\n<ul class=\"wp-block-list\">\n<li><strong>Direcci\u00f3n Postal Santa Fe<\/strong><\/li>\n\n\n\n<li>1 de Mayo 1565 &#8211; (S3000ADF) Santa Fe.<\/li>\n\n\n\n<li>54 342 481-5751<\/li>\n\n\n\n<li>secretariaelectoral@santafe.gov.ar<\/li>\n\n\n\n<li>Lunes a Viernes: 7 a 13 hs<\/li>\n<\/ul>\n\n\n\n<ul class=\"wp-block-list\">\n<li><strong>Direcci\u00f3n Postal Rosario<\/strong><\/li>\n\n\n\n<li>Av. San Lorenzo 1949 &#8211; (S2000ADF) Rosario.<\/li>\n\n\n\n<li>54 341 472-1813 \/ 20 Int. 45745<\/li>\n\n\n\n<li>Lunes a Viernes: 7 a 13 hs<\/li>\n<\/ul>\n<\/div>\n<\/div>\n<\/div>\n<\/footer>\n","protected":false},"excerpt":{"rendered":"<p>Elecciones Informaci\u00f3n relacionada con los procesos electorales de la Provincia de Santa Fe.<\/p>\n","protected":false},"author":2,"featured_media":0,"parent":0,"menu_order":3,"comment_status":"closed","ping_status":"closed","template":"","meta":{"_acf_changed":false,"footnotes":""},"class_list":["post-45908","page","type-page","status-publish","hentry"],"acf":[],"_links":{"self":[{"href":"https:\/\/www.santafe.gob.ar\/ms\/tribunalelectoral\/wp-json\/wp\/v2\/pages\/45908","targetHints":{"allow":["GET"]}}],"collection":[{"href":"https:\/\/www.santafe.gob.ar\/ms\/tribunalelectoral\/wp-json\/wp\/v2\/pages"}],"about":[{"href":"https:\/\/www.santafe.gob.ar\/ms\/tribunalelectoral\/wp-json\/wp\/v2\/types\/page"}],"author":[{"embeddable":true,"href":"https:\/\/www.santafe.gob.ar\/ms\/tribunalelectoral\/wp-json\/wp\/v2\/users\/2"}],"replies":[{"embeddable":true,"href":"https:\/\/www.santafe.gob.ar\/ms\/tribunalelectoral\/wp-json\/wp\/v2\/comments?post=45908"}],"version-history":[{"count":6,"href":"https:\/\/www.santafe.gob.ar\/ms\/tribunalelectoral\/wp-json\/wp\/v2\/pages\/45908\/revisions"}],"predecessor-version":[{"id":54648,"href":"https:\/\/www.santafe.gob.ar\/ms\/tribunalelectoral\/wp-json\/wp\/v2\/pages\/45908\/revisions\/54648"}],"wp:attachment":[{"href":"https:\/\/www.santafe.gob.ar\/ms\/tribunalelectoral\/wp-json\/wp\/v2\/media?parent=45908"}],"curies":[{"name":"wp","href":"https:\/\/api.w.org\/{rel}","templated":true}]}}