{"id":45910,"date":"2024-12-05T15:50:09","date_gmt":"2024-12-05T18:50:09","guid":{"rendered":"https:\/\/onlines.ar\/tribunal-electoral-de-santa-fe\/?page_id=45910"},"modified":"2026-01-28T15:47:17","modified_gmt":"2026-01-28T14:47:17","slug":"leyes-y-decretos","status":"publish","type":"page","link":"https:\/\/www.santafe.gob.ar\/ms\/tribunalelectoral\/leyes-y-decretos\/","title":{"rendered":"Leyes y Decretos"},"content":{"rendered":"\n<header class=\"wp-block-group data-block_header has-blanco-color has-azul-claro-background-color has-text-color has-background has-link-color wp-elements-099b36f5ec5a4d3625ee94d5ecf44ea2 is-layout-constrained wp-container-core-group-is-layout-639b5052 wp-block-group-is-layout-constrained\" style=\"padding-top:0;padding-right:0;padding-bottom:0;padding-left:0\">\n<div class=\"wp-block-group data-block_grid is-layout-constrained wp-block-group-is-layout-constrained\">\n<div class=\"wp-block-group data-area_container is-layout-constrained wp-block-group-is-layout-constrained\">\n<div class=\"wp-block-group data-block_logo is-layout-constrained wp-block-group-is-layout-constrained\">\n<figure class=\"wp-block-image size-full\"><a href=\"https:\/\/www.santafe.gob.ar\/ms\/tribunalelectoral\/\"><img decoding=\"async\" src=\"https:\/\/www.santafe.gob.ar\/ms\/tribunal-electoral-2025\/wp-content\/uploads\/sites\/84\/2024\/12\/logo-tribunal-electoral.svg\" alt=\"\" class=\"wp-image-46276\" \/><\/a><\/figure>\n<\/div>\n\n\n\n<div class=\"wp-block-group data-component_nav is-layout-constrained wp-block-group-is-layout-constrained\">\n<div class=\"wp-block-columns is-layout-flex wp-container-core-columns-is-layout-28f84493 wp-block-columns-is-layout-flex\">\n<div class=\"wp-block-column is-layout-flow wp-block-column-is-layout-flow\" style=\"flex-basis:100%\"><nav class=\"wp-block-navigation is-layout-flex wp-block-navigation-is-layout-flex\" aria-label=\"Navigation\"><ul class=\"wp-block-navigation__container  wp-block-navigation\"><li class=\" wp-block-navigation-item wp-block-navigation-link\"><a class=\"wp-block-navigation-item__content\"  href=\"https:\/\/www.santafe.gob.ar\/ms\/tribunalelectoral\/novedades\/\"><span class=\"wp-block-navigation-item__label\">Novedades<\/span><\/a><\/li><li class=\" wp-block-navigation-item wp-block-navigation-link\"><a class=\"wp-block-navigation-item__content\"  href=\"https:\/\/www.santafe.gob.ar\/ms\/tribunalelectoral\/elecciones\/\"><span class=\"wp-block-navigation-item__label\">Elecciones<\/span><\/a><\/li><li class=\" wp-block-navigation-item wp-block-navigation-link\"><a class=\"wp-block-navigation-item__content\"  href=\"https:\/\/www.santafe.gob.ar\/ms\/tribunalelectoral\/institucional\/\"><span class=\"wp-block-navigation-item__label\">Institucional<\/span><\/a><\/li><\/ul><\/nav><\/div>\n<\/div>\n<\/div>\n<\/div>\n<\/div>\n<\/header>\n\n\n\n<main class=\"wp-block-group data-page_leyes-decretos is-layout-constrained wp-block-group-is-layout-constrained\">\n<section class=\"wp-block-group data-section_leyes-decretos is-layout-constrained wp-block-group-is-layout-constrained\">\n<div class=\"wp-block-group data-block_grid is-layout-constrained wp-block-group-is-layout-constrained\">\n<div class=\"wp-block-group data-area_container is-layout-constrained wp-block-group-is-layout-constrained\">\n<div class=\"wp-block-group data-wrapper_left is-layout-constrained wp-block-group-is-layout-constrained\">\n<h2 class=\"wp-block-heading has-azul-color has-text-color has-link-color has-3-x-large-font-size wp-elements-270a992270337d9139c38a04249c2bf0\" style=\"padding-bottom:1rem;font-style:normal;font-weight:900\">Leyes y Decretos<\/h2>\n\n\n\n<p>Lista de enlaces de descarga para Leyes y Decretos<\/p>\n<\/div>\n\n\n\n<div class=\"wp-block-group data-wrapper_right is-layout-constrained wp-block-group-is-layout-constrained\">\n<ul class=\"wp-block-list data-component_enlaces has-azul-color has-text-color has-link-color wp-elements-537b15dbf36179c99cd55a17829d8b36\">\n<li><a href=\"http:\/\/www.santafe.gob.ar\/ms\/tribunalelectoral\/wp-content\/uploads\/sites\/84\/2025\/11\/CONSTITUCION-DE-LA-PROV-DE-SF-2025_VF-WEB.pdf\" target=\"_blank\" rel=\"noreferrer noopener nofollow\">Constituci\u00f3n de la Provincia de Santa Fe<\/a><\/li>\n\n\n\n<li><a href=\"http:\/\/www.santafe.gob.ar\/ms\/tribunalelectoral\/wp-content\/uploads\/sites\/84\/2024\/12\/ORGANICA-DE-COMUNAS-Ley-N\u00b0-2439.pdf\" target=\"_blank\" rel=\"noreferrer noopener nofollow\">Ley N\u00b0 2439 \u2013 Org\u00e1nica de las Comunas \u2013 Actualizado hasta Ley N\u00b0 14.179<\/a><\/li>\n\n\n\n<li><a href=\"http:\/\/www.santafe.gob.ar\/ms\/tribunalelectoral\/wp-content\/uploads\/sites\/84\/2024\/12\/Ley-N\u00b0-2600.pdf\" target=\"_blank\" rel=\"noreferrer noopener nofollow\">Ley N\u00b0 2600 \u2013 Ley Electoral \u2013 Actualizado hasta Ley N\u00b0 4990<\/a><\/li>\n\n\n\n<li><a href=\"http:\/\/www.santafe.gob.ar\/ms\/tribunalelectoral\/wp-content\/uploads\/sites\/84\/2024\/12\/Ley-N\u00b0-2756.pdf\" target=\"_blank\" rel=\"noreferrer noopener nofollow\">Ley N\u00b0 2756 \u2013 Org\u00e1nica de las Municipalidades \u2013 Actualizado hasta Ley N\u00b0 13.460<\/a><\/li>\n\n\n\n<li><a href=\"https:\/\/www.santafe.gov.ar\/tribunalelectoral\/wp-content\/uploads\/sites\/84\/2022\/11\/Ley-N%C2%B0-4990.pdf\">Ley N\u00b0 4990 \u2013 Ley Electoral \u2013 Actualizado hasta Ley N\u00b0 13.156<\/a><\/li>\n\n\n\n<li><a href=\"https:\/\/www.santafe.gov.ar\/tribunalelectoral\/wp-content\/uploads\/sites\/84\/2022\/11\/Decreto-N%C2%B0-768-2009.pdf\">Decreto 768\/2009 &#8211; Reglamenta art. 4 de la Ley nro 4990<\/a><\/li>\n\n\n\n<li><a href=\"https:\/\/www.santafe.gov.ar\/tribunalelectoral\/wp-content\/uploads\/sites\/84\/2024\/03\/Texto-Actualizado-Ley-N%C2%B0-6808.pdf\">Ley N\u00b0 6808 \u2013 Org\u00e1nica de los Partidos Pol\u00edticos \u2013 Actualizado hasta Ley N\u00b0 14.180<\/a><\/li>\n\n\n\n<li><a href=\"https:\/\/www.santafe.gov.ar\/tribunalelectoral\/wp-content\/uploads\/sites\/84\/2022\/11\/Ley-N%C2%B0-9280.pdf\">Ley 9280 \u2013 Ley Electoral<\/a><\/li>\n\n\n\n<li><a href=\"http:\/\/www.santafe.gob.ar\/ms\/tribunalelectoral\/wp-content\/uploads\/sites\/84\/2024\/12\/Ley-N\u00b0-11627.pdf\" target=\"_blank\" rel=\"noreferrer noopener nofollow\">Ley N\u00b0 11.627 \u2013 Elecciones, Listas Provinciales: Exhibici\u00f3n de listas provisionales. Plazos \u2013 Actualizado hasta Ley N\u00b0 13.461<\/a><\/li>\n\n\n\n<li><a href=\"http:\/\/www.santafe.gob.ar\/ms\/tribunalelectoral\/wp-content\/uploads\/sites\/84\/2024\/12\/Ley-N\u00b0-11679.pdf\" target=\"_blank\" rel=\"noreferrer noopener nofollow\">Ley 11.679 \u2013 Escrutinio Provisorio<\/a><\/li>\n\n\n\n<li><a href=\"http:\/\/www.santafe.gob.ar\/ms\/tribunalelectoral\/wp-content\/uploads\/sites\/84\/2024\/12\/Decreto-N\u00b0-136-2020.pdf\" target=\"_blank\" rel=\"noreferrer noopener nofollow\">Decreto Reglamentario 136\/2020 (Ley N\u00b0 11.679)<\/a><\/li>\n\n\n\n<li><a href=\"http:\/\/www.santafe.gob.ar\/ms\/tribunalelectoral\/wp-content\/uploads\/sites\/84\/2024\/12\/Ley-N\u00b0-11945.pdf\" target=\"_blank\" rel=\"noreferrer noopener nofollow\">Ley N\u00b0 11.945 \u2013 Deudores Alimentarios Morosos<\/a><\/li>\n\n\n\n<li><a href=\"http:\/\/www.santafe.gob.ar\/ms\/tribunalelectoral\/wp-content\/uploads\/sites\/84\/2024\/12\/Ley-N\u00b0-12080.pdf\" target=\"_blank\" rel=\"noreferrer noopener nofollow\">Ley N\u00b012.080 \u2013 Campa\u00f1as Electorales de los Partidos Pol\u00edticos \u2013 Actualizado hasta Ley N\u00b0 13.461<\/a><\/li>\n\n\n\n<li><a href=\"http:\/\/www.santafe.gob.ar\/ms\/tribunalelectoral\/wp-content\/uploads\/sites\/84\/2024\/12\/Decreto-N\u00b0-3052-2018.pdf\" target=\"_blank\" rel=\"noreferrer noopener nofollow\">Decreto Reglamentario 3052\/2018 (Leyes Nros. 6808 y 12.080) \u2013 Actualizado hasta Decreto 279\/2021<\/a><\/li>\n\n\n\n<li><a href=\"http:\/\/www.santafe.gob.ar\/ms\/tribunalelectoral\/wp-content\/uploads\/sites\/84\/2024\/12\/Texto-Actualizado-Ley-N\u00b0-12367.pdf\" target=\"_blank\" rel=\"noreferrer noopener nofollow\">Ley N\u00b0 12.367 \u2013 Sistema Electoral \u2013 Actualizado hasta Ley N\u00b0 14.180<\/a><\/li>\n\n\n\n<li><a href=\"http:\/\/www.santafe.gob.ar\/ms\/tribunalelectoral\/wp-content\/uploads\/sites\/84\/2024\/12\/Decreto-N\u00b0-428-2005.pdf\" target=\"_blank\" rel=\"noreferrer noopener nofollow\">Decreto Reglamentario 428\/2005 (Ley N\u00b0 12.367) \u2013 Actualizado hasta Decreto 279\/2021<\/a><\/li>\n\n\n\n<li><a href=\"http:\/\/www.santafe.gob.ar\/ms\/tribunalelectoral\/wp-content\/uploads\/sites\/84\/2024\/12\/Decreto-N\u00b0-479-2007.pdf\" target=\"_blank\" rel=\"noreferrer noopener nofollow\">Decreto Reglamentario 479\/2007 (Ley N\u00b0 12.367)<\/a><\/li>\n\n\n\n<li><a href=\"http:\/\/www.santafe.gob.ar\/ms\/tribunalelectoral\/wp-content\/uploads\/sites\/84\/2024\/12\/Ley-N\u00b0-12886.pdf\" target=\"_blank\" rel=\"noreferrer noopener nofollow\">Ley N\u00b0 12.886 \u2013 Sustituye los art\u00edculos 4\u00ba, 5\u00ba y 6\u00ba de la Ley N\u00b0 4990<\/a><\/li>\n\n\n\n<li><a href=\"http:\/\/www.santafe.gob.ar\/ms\/tribunalelectoral\/wp-content\/uploads\/sites\/84\/2024\/12\/Ley-N\u00b0-13035.pdf\" target=\"_blank\" rel=\"noreferrer noopener nofollow\">Ley N\u00b0 13.035 \u2013 Condenados o procesados, con resoluci\u00f3n firme, por cr\u00edmenes de lesa humanidad<\/a><\/li>\n\n\n\n<li><a href=\"http:\/\/www.santafe.gob.ar\/ms\/tribunalelectoral\/wp-content\/uploads\/sites\/84\/2024\/12\/Ley-N\u00b0-13156.pdf\" target=\"_blank\" rel=\"noreferrer noopener nofollow\">Ley N\u00b0 13.156 \u2013 Sistema de boleta \u00fanica y unificaci\u00f3n del padr\u00f3n electoral- Actualizado hasta Ley N\u00b0 13.461<\/a><\/li>\n\n\n\n<li><a href=\"http:\/\/www.santafe.gob.ar\/ms\/tribunalelectoral\/wp-content\/uploads\/sites\/84\/2024\/12\/Decreto-N\u00b0-86-2011.pdf\" target=\"_blank\" rel=\"noreferrer noopener nofollow\">Decreto Reglamentario 086\/2011 (Ley N\u00b0 13.156) \u2013 Actualizado hasta Decreto 524\/2011<\/a><\/li>\n\n\n\n<li><a href=\"http:\/\/www.santafe.gob.ar\/ms\/tribunalelectoral\/wp-content\/uploads\/sites\/84\/2024\/12\/Ley-N\u00b0-13243.pdf\" target=\"_blank\" rel=\"noreferrer noopener nofollow\">Ley N\u00b0 13.243 \u2013 Se modifica el Art\u00edculo 23\u00b0 Ley N\u00b0 2756 \u2013 cantidad y duraci\u00f3n del mandato de los concejales<\/a><\/li>\n\n\n\n<li><a href=\"http:\/\/www.santafe.gob.ar\/ms\/tribunalelectoral\/wp-content\/uploads\/sites\/84\/2024\/12\/Ley-N\u00b0-13333.pdf\" target=\"_blank\" rel=\"noreferrer noopener nofollow\">Ley N\u00b0 13.333 \u2013 Elecciones de autoridades Municipales y Comunales<\/a><\/li>\n\n\n\n<li><a href=\"http:\/\/www.santafe.gob.ar\/ms\/tribunalelectoral\/wp-content\/uploads\/sites\/84\/2024\/12\/Ley-N\u00b0-13336.pdf\" target=\"_blank\" rel=\"noreferrer noopener nofollow\">Ley N\u00b0 13.336 \u2013 Aprueba Censo Nacional de Poblaci\u00f3n, Hogares y Viviendas del a\u00f1o 2001, a efectos de ampliar el n\u00famero de miembros de las comisiones comunales e integrantes de concejos municipales<\/a><\/li>\n\n\n\n<li><a href=\"http:\/\/www.santafe.gob.ar\/ms\/tribunalelectoral\/wp-content\/uploads\/sites\/84\/2024\/12\/Ley-N\u00b0-13337.pdf\" target=\"_blank\" rel=\"noreferrer noopener nofollow\">Ley N\u00b0 13.337 \u2013 Modifica los art\u00edculos 2\u00b0, 4\u00b0, 5\u00b0 y 6\u00b0 de la Ley N\u00ba 12.367; y el art\u00edculo 11\u00b0 de la Ley N\u00b0 6808<\/a><\/li>\n\n\n\n<li><a href=\"http:\/\/www.santafe.gob.ar\/ms\/tribunalelectoral\/wp-content\/uploads\/sites\/84\/2024\/12\/Ley-N\u00b0-13461.pdf\" target=\"_blank\" rel=\"noreferrer noopener nofollow\">Ley N\u00b0 13.461 \u2013 Espacios de publicidad electoral en medios de comunicaci\u00f3n audiovisual<\/a><\/li>\n\n\n\n<li><a href=\"http:\/\/www.santafe.gob.ar\/ms\/tribunalelectoral\/wp-content\/uploads\/sites\/84\/2024\/12\/Decreto-N\u00b0-644-2015.pdf\" target=\"_blank\" rel=\"noreferrer noopener nofollow\">Decreto Reglamentario 644\/2015 (Ley N\u00b0 13.461) \u2013 Actualizado hasta Decreto 464\/2019<\/a><\/li>\n\n\n\n<li><a href=\"http:\/\/www.santafe.gob.ar\/ms\/tribunalelectoral\/wp-content\/uploads\/sites\/84\/2024\/12\/Decreto-N\u00b0-1711-2017.pdf\" target=\"_blank\" rel=\"noreferrer noopener nofollow\">Decreto Reglamentario 1711\/2017 (Ley N\u00b0 13.461) \u2013 Actualizado hasta Decreto 465\/2019<\/a><\/li>\n\n\n\n<li><a href=\"http:\/\/www.santafe.gob.ar\/ms\/tribunalelectoral\/wp-content\/uploads\/sites\/84\/2024\/12\/Ley-N\u00b0-14002.pdf\" target=\"_blank\" rel=\"noreferrer noopener nofollow\">Ley N\u00b0 14. 002 \u2013 Paridad de G\u00e9nero<\/a><\/li>\n\n\n\n<li><a href=\"http:\/\/www.santafe.gob.ar\/ms\/tribunalelectoral\/wp-content\/uploads\/sites\/84\/2024\/12\/Decreto-N\u00b0-279-2021.pdf\" target=\"_blank\" rel=\"noreferrer noopener nofollow\">Decreto Reglamentario 279\/2021 (Ley N\u00b0 14.002)<\/a><\/li>\n<\/ul>\n<\/div>\n<\/div>\n<\/div>\n<\/section>\n<\/main>\n\n\n\n<footer class=\"wp-block-group data-block_footer is-layout-constrained wp-block-group-is-layout-constrained\">\n<div class=\"wp-block-group data-block_grid is-layout-constrained wp-block-group-is-layout-constrained\">\n<div class=\"wp-block-group data-area_container is-layout-constrained wp-block-group-is-layout-constrained\">\n<div class=\"wp-block-group data-block_logo is-layout-constrained wp-block-group-is-layout-constrained\">\n<figure class=\"wp-block-image size-full\"><a href=\"https:\/\/www.santafe.gob.ar\/ms\/tribunal-electoral-2025\/\"><img decoding=\"async\" src=\"https:\/\/www.santafe.gob.ar\/ms\/tribunal-electoral-2025\/wp-content\/uploads\/sites\/84\/2024\/12\/logo-tribunal-electoral-1.svg\" alt=\"\" class=\"wp-image-46287\" \/><\/a><\/figure>\n<\/div>\n\n\n\n<div class=\"wp-block-group data-wrapper_data is-horizontal is-content-justification-left is-nowrap is-layout-flex wp-container-core-group-is-layout-5ebe7bbc wp-block-group-is-layout-flex\">\n<ul class=\"wp-block-list\">\n<li><strong>Direcci\u00f3n Postal Santa Fe<\/strong><\/li>\n\n\n\n<li>1 de Mayo 1565 &#8211; (S3000ADF) Santa Fe.<\/li>\n\n\n\n<li>54 342 481-5751<\/li>\n\n\n\n<li>secretariaelectoral@santafe.gov.ar<\/li>\n\n\n\n<li>Lunes a Viernes: 7 a 13 hs<\/li>\n<\/ul>\n\n\n\n<ul class=\"wp-block-list\">\n<li><strong>Direcci\u00f3n Postal Rosario<\/strong><\/li>\n\n\n\n<li>Av. San Lorenzo 1949 &#8211; (S2000ADF) Rosario.<\/li>\n\n\n\n<li>54 341 472-1813 \/ 20 Int. 45745<\/li>\n\n\n\n<li>Lunes a Viernes: 7 a 13 hs<\/li>\n<\/ul>\n<\/div>\n<\/div>\n<\/div>\n<\/footer>\n","protected":false},"excerpt":{"rendered":"<p>Leyes y Decretos Lista de enlaces de descarga para Leyes y Decretos<\/p>\n","protected":false},"author":2,"featured_media":0,"parent":0,"menu_order":4,"comment_status":"closed","ping_status":"closed","template":"","meta":{"_acf_changed":false,"footnotes":""},"class_list":["post-45910","page","type-page","status-publish","hentry"],"acf":[],"_links":{"self":[{"href":"https:\/\/www.santafe.gob.ar\/ms\/tribunalelectoral\/wp-json\/wp\/v2\/pages\/45910","targetHints":{"allow":["GET"]}}],"collection":[{"href":"https:\/\/www.santafe.gob.ar\/ms\/tribunalelectoral\/wp-json\/wp\/v2\/pages"}],"about":[{"href":"https:\/\/www.santafe.gob.ar\/ms\/tribunalelectoral\/wp-json\/wp\/v2\/types\/page"}],"author":[{"embeddable":true,"href":"https:\/\/www.santafe.gob.ar\/ms\/tribunalelectoral\/wp-json\/wp\/v2\/users\/2"}],"replies":[{"embeddable":true,"href":"https:\/\/www.santafe.gob.ar\/ms\/tribunalelectoral\/wp-json\/wp\/v2\/comments?post=45910"}],"version-history":[{"count":9,"href":"https:\/\/www.santafe.gob.ar\/ms\/tribunalelectoral\/wp-json\/wp\/v2\/pages\/45910\/revisions"}],"predecessor-version":[{"id":54799,"href":"https:\/\/www.santafe.gob.ar\/ms\/tribunalelectoral\/wp-json\/wp\/v2\/pages\/45910\/revisions\/54799"}],"wp:attachment":[{"href":"https:\/\/www.santafe.gob.ar\/ms\/tribunalelectoral\/wp-json\/wp\/v2\/media?parent=45910"}],"curies":[{"name":"wp","href":"https:\/\/api.w.org\/{rel}","templated":true}]}}