{"id":45939,"date":"2024-12-05T17:25:01","date_gmt":"2024-12-05T20:25:01","guid":{"rendered":"https:\/\/onlines.ar\/tribunal-electoral-de-santa-fe\/?page_id=45939"},"modified":"2026-03-17T16:49:42","modified_gmt":"2026-03-17T15:49:42","slug":"partidos-politicos","status":"publish","type":"page","link":"https:\/\/www.santafe.gob.ar\/ms\/tribunalelectoral\/partidos-politicos\/","title":{"rendered":"Partidos Pol\u00edticos"},"content":{"rendered":"\n<header class=\"wp-block-group data-block_header has-blanco-color has-azul-claro-background-color has-text-color has-background has-link-color wp-elements-099b36f5ec5a4d3625ee94d5ecf44ea2 is-layout-constrained wp-container-core-group-is-layout-639b5052 wp-block-group-is-layout-constrained\" style=\"padding-top:0;padding-right:0;padding-bottom:0;padding-left:0\">\n<div class=\"wp-block-group data-block_grid is-layout-constrained wp-block-group-is-layout-constrained\">\n<div class=\"wp-block-group data-area_container is-layout-constrained wp-block-group-is-layout-constrained\">\n<div class=\"wp-block-group data-block_logo is-layout-constrained wp-block-group-is-layout-constrained\">\n<figure class=\"wp-block-image size-full\"><a href=\"https:\/\/www.santafe.gob.ar\/ms\/tribunalelectoral\/\"><img decoding=\"async\" src=\"https:\/\/www.santafe.gob.ar\/ms\/tribunal-electoral-2025\/wp-content\/uploads\/sites\/84\/2024\/12\/logo-tribunal-electoral.svg\" alt=\"\" class=\"wp-image-46276\" \/><\/a><\/figure>\n<\/div>\n\n\n\n<div class=\"wp-block-group data-component_nav is-layout-constrained wp-block-group-is-layout-constrained\">\n<div class=\"wp-block-columns is-layout-flex wp-container-core-columns-is-layout-28f84493 wp-block-columns-is-layout-flex\">\n<div class=\"wp-block-column is-layout-flow wp-block-column-is-layout-flow\" style=\"flex-basis:100%\"><nav class=\"wp-block-navigation is-layout-flex wp-block-navigation-is-layout-flex\" aria-label=\"Navigation\"><ul class=\"wp-block-navigation__container  wp-block-navigation\"><li class=\" wp-block-navigation-item wp-block-navigation-link\"><a class=\"wp-block-navigation-item__content\"  href=\"https:\/\/www.santafe.gob.ar\/ms\/tribunalelectoral\/novedades\/\"><span class=\"wp-block-navigation-item__label\">Novedades<\/span><\/a><\/li><li class=\" wp-block-navigation-item wp-block-navigation-link\"><a class=\"wp-block-navigation-item__content\"  href=\"https:\/\/www.santafe.gob.ar\/ms\/tribunalelectoral\/elecciones\/\"><span class=\"wp-block-navigation-item__label\">Elecciones<\/span><\/a><\/li><li class=\" wp-block-navigation-item wp-block-navigation-link\"><a class=\"wp-block-navigation-item__content\"  href=\"https:\/\/www.santafe.gob.ar\/ms\/tribunalelectoral\/institucional\/\"><span class=\"wp-block-navigation-item__label\">Institucional<\/span><\/a><\/li><\/ul><\/nav><\/div>\n<\/div>\n<\/div>\n<\/div>\n<\/div>\n<\/header>\n\n\n\n<main class=\"wp-block-group data-page_partidos-politicos is-layout-constrained wp-block-group-is-layout-constrained\">\n<section class=\"wp-block-group data-section_partidos-politicos is-layout-constrained wp-block-group-is-layout-constrained\">\n<div class=\"wp-block-group data-block_grid is-layout-constrained wp-block-group-is-layout-constrained\">\n<div class=\"wp-block-group data-area_container is-layout-constrained wp-block-group-is-layout-constrained\">\n<div class=\"wp-block-group data-wrapper_left is-layout-constrained wp-block-group-is-layout-constrained\">\n<h2 class=\"wp-block-heading has-azul-color has-text-color has-link-color has-3-x-large-font-size wp-elements-ade410d8c4ea8ee1b4384774e3280720\" style=\"padding-bottom:1rem;font-style:normal;font-weight:900\">Partidos Pol\u00edticos<\/h2>\n\n\n\n<p>En esta secci\u00f3n se ofrece informaci\u00f3n sobre los partidos pol\u00edticos reconocidos en la Provincia de Santa Fe.<\/p>\n<\/div>\n\n\n\n<div class=\"wp-block-group data-wrapper_right is-layout-constrained wp-block-group-is-layout-constrained\" style=\"padding-top:10px\">\n<div class=\"wp-block-group is-layout-constrained wp-block-group-is-layout-constrained\">\n<h3 class=\"wp-block-heading has-azul-color has-text-color has-link-color has-normal-font-size wp-elements-5fb83fb6ecc1d5bf3a86274e9f21b3c7\">Tr\u00e1mites<\/h3>\n\n\n\n<ul class=\"wp-block-list data-component_enlaces has-azul-color has-text-color has-link-color wp-elements-9b150036b23d3048797a92ea2398059f\">\n<li><a href=\"https:\/\/www.santafe.gob.ar\/ms\/tribunalelectoral\/partidos-politicos\/reconocimiento\/\">Reconocimiento<\/a><\/li>\n\n\n\n<li><a href=\"https:\/\/www.santafe.gob.ar\/ms\/tribunalelectoral\/partidos-politicos\/apertura-cuentas-bancarias\/\">Apertura cuentas bancarias<\/a><\/li>\n\n\n\n<li><a href=\"https:\/\/www.santafe.gob.ar\/ms\/tribunalelectoral\/partidos-politicos\/rendicion-de-cuentas-de-gastos-de-campana\/\" data-type=\"page\" data-id=\"46219\">Rendici\u00f3n de cuentas de gastos de campa\u00f1as<\/a><\/li>\n\n\n\n<li><\/li>\n<\/ul>\n<\/div>\n\n\n\n<div class=\"wp-block-group is-layout-constrained wp-block-group-is-layout-constrained\">\n<h3 class=\"wp-block-heading has-azul-color has-text-color has-link-color has-normal-font-size wp-elements-9a120e5d9afd122e4baa1c7cf81c39c6\">Listado de Partidos Pol\u00edticos<\/h3>\n\n\n\n<ul class=\"wp-block-list data-component_enlaces has-azul-color has-text-color has-link-color wp-elements-4a0638f51c8edf241532390674c367bd\">\n<li><a href=\"https:\/\/www.santafe.gob.ar\/ms\/tribunalelectoral\/wp-content\/uploads\/sites\/84\/2026\/03\/partido-nacionales-17-03-26.pdf\" target=\"_blank\" rel=\"noreferrer noopener\">Nacionales, con reconocimiento provincial<\/a><\/li>\n\n\n\n<li><a href=\"https:\/\/www.santafe.gob.ar\/ms\/tribunalelectoral\/wp-content\/uploads\/sites\/84\/2026\/03\/partidos-provinciales-17-03-26.pdf\" target=\"_blank\" rel=\"noreferrer noopener\">Provinciales<\/a><\/li>\n\n\n\n<li><a href=\"https:\/\/www.santafe.gob.ar\/ms\/tribunalelectoral\/wp-content\/uploads\/sites\/84\/2026\/03\/partidos-distritales-17-03-26.pdf\" target=\"_blank\" rel=\"noreferrer noopener\">Distritales<\/a><\/li>\n<\/ul>\n<\/div>\n\n\n\n<div class=\"wp-block-group is-layout-constrained wp-block-group-is-layout-constrained\">\n<ul class=\"wp-block-list data-component_enlaces has-azul-color has-text-color has-link-color wp-elements-e505c034bcb2d4847db2839fe17d71e0\">\n<li><a href=\"https:\/\/www.santafe.gob.ar\/ms\/tribunalelectoral\/partidos-politicos\/preguntas-frecuentes-partidos-politicos\/\">Preguntas frecuentes<\/a><\/li>\n<\/ul>\n<\/div>\n<\/div>\n<\/div>\n<\/div>\n<\/section>\n<\/main>\n\n\n\n<footer class=\"wp-block-group data-block_footer is-layout-constrained wp-block-group-is-layout-constrained\">\n<div class=\"wp-block-group data-block_grid is-layout-constrained wp-block-group-is-layout-constrained\">\n<div class=\"wp-block-group data-area_container is-layout-constrained wp-block-group-is-layout-constrained\">\n<div class=\"wp-block-group data-block_logo is-layout-constrained wp-block-group-is-layout-constrained\">\n<figure class=\"wp-block-image size-full\"><a href=\"https:\/\/www.santafe.gob.ar\/ms\/tribunal-electoral-2025\/\"><img decoding=\"async\" src=\"https:\/\/www.santafe.gob.ar\/ms\/tribunal-electoral-2025\/wp-content\/uploads\/sites\/84\/2024\/12\/logo-tribunal-electoral-1.svg\" alt=\"\" class=\"wp-image-46287\" \/><\/a><\/figure>\n<\/div>\n\n\n\n<div class=\"wp-block-group data-wrapper_data is-horizontal is-content-justification-left is-nowrap is-layout-flex wp-container-core-group-is-layout-5ebe7bbc wp-block-group-is-layout-flex\">\n<ul class=\"wp-block-list\">\n<li><strong>Direcci\u00f3n Postal Santa Fe<\/strong><\/li>\n\n\n\n<li>1 de Mayo 1565 &#8211; (S3000ADF) Santa Fe.<\/li>\n\n\n\n<li>54 342 481-5751<\/li>\n\n\n\n<li>secretariaelectoral@santafe.gov.ar<\/li>\n\n\n\n<li>Lunes a Viernes: 7 a 13 hs<\/li>\n<\/ul>\n\n\n\n<ul class=\"wp-block-list\">\n<li><strong>Direcci\u00f3n Postal Rosario<\/strong><\/li>\n\n\n\n<li>Av. San Lorenzo 1949 &#8211; (S2000ADF) Rosario.<\/li>\n\n\n\n<li>54 341 472-1813 \/ 20 Int. 45745<\/li>\n\n\n\n<li>Lunes a Viernes: 7 a 13 hs<\/li>\n<\/ul>\n<\/div>\n<\/div>\n<\/div>\n<\/footer>\n","protected":false},"excerpt":{"rendered":"<p>Partidos Pol\u00edticos En esta secci\u00f3n se ofrece informaci\u00f3n sobre los partidos pol\u00edticos reconocidos en la Provincia de Santa Fe. Tr\u00e1mites Listado de Partidos Pol\u00edticos<\/p>\n","protected":false},"author":2,"featured_media":0,"parent":0,"menu_order":5,"comment_status":"closed","ping_status":"closed","template":"","meta":{"_acf_changed":false,"footnotes":""},"class_list":["post-45939","page","type-page","status-publish","hentry"],"acf":[],"_links":{"self":[{"href":"https:\/\/www.santafe.gob.ar\/ms\/tribunalelectoral\/wp-json\/wp\/v2\/pages\/45939","targetHints":{"allow":["GET"]}}],"collection":[{"href":"https:\/\/www.santafe.gob.ar\/ms\/tribunalelectoral\/wp-json\/wp\/v2\/pages"}],"about":[{"href":"https:\/\/www.santafe.gob.ar\/ms\/tribunalelectoral\/wp-json\/wp\/v2\/types\/page"}],"author":[{"embeddable":true,"href":"https:\/\/www.santafe.gob.ar\/ms\/tribunalelectoral\/wp-json\/wp\/v2\/users\/2"}],"replies":[{"embeddable":true,"href":"https:\/\/www.santafe.gob.ar\/ms\/tribunalelectoral\/wp-json\/wp\/v2\/comments?post=45939"}],"version-history":[{"count":15,"href":"https:\/\/www.santafe.gob.ar\/ms\/tribunalelectoral\/wp-json\/wp\/v2\/pages\/45939\/revisions"}],"predecessor-version":[{"id":54819,"href":"https:\/\/www.santafe.gob.ar\/ms\/tribunalelectoral\/wp-json\/wp\/v2\/pages\/45939\/revisions\/54819"}],"wp:attachment":[{"href":"https:\/\/www.santafe.gob.ar\/ms\/tribunalelectoral\/wp-json\/wp\/v2\/media?parent=45939"}],"curies":[{"name":"wp","href":"https:\/\/api.w.org\/{rel}","templated":true}]}}