{"id":45957,"date":"2024-12-05T18:27:20","date_gmt":"2024-12-05T21:27:20","guid":{"rendered":"https:\/\/onlines.ar\/tribunal-electoral-de-santa-fe\/?page_id=45957"},"modified":"2026-01-05T15:39:12","modified_gmt":"2026-01-05T14:39:12","slug":"reconocimiento","status":"publish","type":"page","link":"https:\/\/www.santafe.gob.ar\/ms\/tribunalelectoral\/partidos-politicos\/reconocimiento\/","title":{"rendered":"Requisitos para el reconocimiento de Partidos Pol\u00edticos"},"content":{"rendered":"\n<p>Se realiza entre la autoridad de aplicaci\u00f3n del Tribunal Electoral de la Provincia, conforme la ley 6808.<\/p>\n\n\n\n<p>El tr\u00e1mite se inicia con la presentaci\u00f3n de:<\/p>\n\n\n\n<ul class=\"wp-block-list\">\n<li>Solicitud de reconocimiento firmada por Autoridades Promotoras y\/o Apoderados, con su firma debidamente certificadas por ante Escribano P\u00fablico o Juez Comunitario de las Peque\u00f1as Causas. Asimismo, en la misma presentaci\u00f3n un tel\u00e9fono de contacto.<\/li>\n\n\n\n<li>Acta de fundaci\u00f3n y constituci\u00f3n que consigne el nombre y domicilio del Partido (art. 8 \u2013 inciso a, ley 6808).<\/li>\n\n\n\n<li>Declaraci\u00f3n de Principios; programa o base de acci\u00f3n pol\u00edtica y Carta Org\u00e1nica (art. 8 \u2013 inciso b, ley 6808).<\/li>\n\n\n\n<li>Acta de designaci\u00f3n de Autoridades Promotoras (art. 8 \u2013 inciso c, ley 6808) y art. 3 Ley 14002<\/li>\n\n\n\n<li>Acta de designaci\u00f3n de Apoderados (art. 8 \u2013 inciso d, ley 6808).<\/li>\n\n\n\n<li>N\u00f3mina de adherentes, no inferior al 1\u00b0\/oo de los electores inscriptos, los cuales se actualizan conforme al \u00faltimo padr\u00f3n utilizado en los comicios, debiendo solicitarse el n\u00famero que corresponda al \u00e1mbito de actuaci\u00f3n que se pretende, a la Divisi\u00f3n de Partidos Pol\u00edticos de la Secretar\u00eda Electoral. Dicha n\u00f3mina, deber\u00e1 contener nombre y apellido, matr\u00edcula y firma de los mismos, certificadas ante Autoridades Promotoras Partidarias o apoderado formalmente designado; debi\u00e9ndose adem\u00e1s presentar los datos de los adherentes (nombre, apellido, sexo y DNI) en soporte magn\u00e9tico (en hoja de c\u00e1lculo en CD\/DVD\/pendrive) para los partidos que solicitan reconocimiento en el \u00e1mbito provincial y para las ciudades de Santa Fe y Rosario.<\/li>\n\n\n\n<li>Declaraci\u00f3n Jurada de domicilio digital o electr\u00f3nico (ley de gobernanza de datos y acceso a la informaci\u00f3n p\u00fablica N\u00b014.256) donde ser\u00e1n enviadas todas las notificaciones relacionadas a las actuaciones partidarias.<\/li>\n<\/ul>\n\n\n\n<p>Cumplido el tr\u00e1mite se obtendr\u00e1 el RECONOCIMIENTO PROVISORIO y el partido quedar\u00e1 habilitado para realizar la afiliaci\u00f3n mediante las fichas que entregar\u00e1 la autoridad de aplicaci\u00f3n.<\/p>\n\n\n\n<h3 class=\"wp-block-heading\">Reconocimiento definitivo<\/h3>\n\n\n\n<p>El reconocimiento definitivo ser\u00e1 obtenido al acreditarse la afiliaci\u00f3n de un n\u00famero de electores no inferior al 4\u00b0\/oo de los electores inscriptos, los cuales se actualizan conforme al \u00faltimo padr\u00f3n utilizado en los comicios, debiendo solicitarse el n\u00famero que corresponda al \u00e1mbito de actuaci\u00f3n que se pretende, a la Divisi\u00f3n de Partidos Pol\u00edticos de la Secretar\u00eda Electoral.<\/p>\n\n\n\n<p>Para los partidos que solicitan el reconocimiento en el \u00e1mbito provincial, y en las localidades de Santa Fe y Rosario, deber\u00e1n adem\u00e1s de presentar las fichas, acompa\u00f1ar los datos de los afiliados (nombre, apellido, sexo y DNI) en soporte magn\u00e9tico (en hoja de c\u00e1lculo en CD\/DVD\/pendrive)<\/p>\n\n\n\n<p>Dentro de los dos meses del reconocimiento definitivo, los partidos pol\u00edticos har\u00e1n rubricar por la Autoridad de aplicaci\u00f3n, los libros a que se refiere el Art. 32\u00b0 (inventario, caja y actas).<\/p>\n\n\n\n<p>DENTRO DE LOS TRES MESES DEL RECONOCIMIENTO DEFINITIVO LAS AUTORIDADES PROMOTORAS, DEBER\u00c1N CONVOCAR A ELECCIONES INTERNAS.<\/p>\n\n\n\n<p>DOCUMENTOS: (MODELOS SUGERIDOS)<\/p>\n\n\n\n<ul class=\"wp-block-list\">\n<li><a href=\"https:\/\/www.santafe.gob.ar\/ms\/tribunalelectoral\/wp-content\/uploads\/sites\/84\/2026\/01\/2-nota-de-solicitud-de-reconocimiento.odt\">Nota de solicitud de reconocimiento<\/a><\/li>\n\n\n\n<li><a href=\"https:\/\/www.santafe.gob.ar\/ms\/tribunalelectoral\/partidos-politicos\/reconocimiento\/informacion\/\">Acta de fundaci\u00f3n y constituci\u00f3n<\/a><\/li>\n\n\n\n<li><a href=\"https:\/\/www.santafe.gob.ar\/ms\/tribunalelectoral\/partidos-politicos\/reconocimiento\/informacion\/\">Declaraci\u00f3n de Principios y Bases de Acci\u00f3n Pol\u00edtica<\/a><\/li>\n\n\n\n<li><a href=\"https:\/\/www.santafe.gob.ar\/ms\/tribunalelectoral\/partidos-politicos\/reconocimiento\/informacion\/\">Carta org\u00e1nica<\/a><\/li>\n\n\n\n<li><a href=\"https:\/\/www.santafe.gob.ar\/ms\/tribunalelectoral\/partidos-politicos\/reconocimiento\/informacion\/\">Acta de designaci\u00f3n de Autoridades promotoras y apoderados<\/a><\/li>\n\n\n\n<li><a href=\"https:\/\/www.santafe.gob.ar\/ms\/tribunalelectoral\/wp-content\/uploads\/sites\/84\/2026\/01\/7-nomina-de-adherentes.xls\">N\u00f3mina de adherentes<\/a><\/li>\n\n\n\n<li><a href=\"http:\/\/www.santafe.gob.ar\/ms\/tribunalelectoral\/wp-content\/uploads\/sites\/84\/2024\/12\/DECLARACION-JURADA-DE-DOMICILIO-DIGITAL-3.pdf\" data-type=\"link\" data-id=\"http:\/\/www.santafe.gob.ar\/ms\/tribunalelectoral\/wp-content\/uploads\/sites\/84\/2024\/12\/DECLARACION-JURADA-DE-DOMICILIO-DIGITAL-3.pdf\">Domicilio digital<\/a><\/li>\n<\/ul>\n\n\n\n<p>Para partidos que solicitan el reconocimiento en el \u00e1mbito provincial y en las localidades de Santa Fe y Rosario:<\/p>\n\n\n\n<ul class=\"wp-block-list\">\n<li><a href=\"https:\/\/www.santafe.gov.ar\/tribunalelectoral\/wp-content\/uploads\/sites\/84\/2017\/03\/adherentes.xlsx\">Hoja de c\u00e1lculo para presentar en soporte magn\u00e9tico CD\/DVD\/pendrive<\/a><\/li>\n<\/ul>\n","protected":false},"excerpt":{"rendered":"<p>Se realiza entre la autoridad de aplicaci\u00f3n del Tribunal Electoral de la Provincia, conforme la ley 6808. El tr\u00e1mite se inicia con la presentaci\u00f3n de: Cumplido el tr\u00e1mite se obtendr\u00e1 el RECONOCIMIENTO PROVISORIO y el partido quedar\u00e1 habilitado para realizar la afiliaci\u00f3n mediante las fichas que entregar\u00e1 la autoridad de aplicaci\u00f3n. Reconocimiento definitivo El reconocimiento [&hellip;]<\/p>\n","protected":false},"author":2,"featured_media":0,"parent":45939,"menu_order":0,"comment_status":"closed","ping_status":"closed","template":"wp-custom-template-p-gina-gen-rica","meta":{"_acf_changed":false,"footnotes":""},"class_list":["post-45957","page","type-page","status-publish","hentry"],"acf":[],"_links":{"self":[{"href":"https:\/\/www.santafe.gob.ar\/ms\/tribunalelectoral\/wp-json\/wp\/v2\/pages\/45957","targetHints":{"allow":["GET"]}}],"collection":[{"href":"https:\/\/www.santafe.gob.ar\/ms\/tribunalelectoral\/wp-json\/wp\/v2\/pages"}],"about":[{"href":"https:\/\/www.santafe.gob.ar\/ms\/tribunalelectoral\/wp-json\/wp\/v2\/types\/page"}],"author":[{"embeddable":true,"href":"https:\/\/www.santafe.gob.ar\/ms\/tribunalelectoral\/wp-json\/wp\/v2\/users\/2"}],"replies":[{"embeddable":true,"href":"https:\/\/www.santafe.gob.ar\/ms\/tribunalelectoral\/wp-json\/wp\/v2\/comments?post=45957"}],"version-history":[{"count":6,"href":"https:\/\/www.santafe.gob.ar\/ms\/tribunalelectoral\/wp-json\/wp\/v2\/pages\/45957\/revisions"}],"predecessor-version":[{"id":54727,"href":"https:\/\/www.santafe.gob.ar\/ms\/tribunalelectoral\/wp-json\/wp\/v2\/pages\/45957\/revisions\/54727"}],"up":[{"embeddable":true,"href":"https:\/\/www.santafe.gob.ar\/ms\/tribunalelectoral\/wp-json\/wp\/v2\/pages\/45939"}],"wp:attachment":[{"href":"https:\/\/www.santafe.gob.ar\/ms\/tribunalelectoral\/wp-json\/wp\/v2\/media?parent=45957"}],"curies":[{"name":"wp","href":"https:\/\/api.w.org\/{rel}","templated":true}]}}