{"id":46301,"date":"2025-10-28T18:03:22","date_gmt":"2025-10-28T17:03:22","guid":{"rendered":"https:\/\/www.santafe.gob.ar\/ms\/tribunal-electoral-2025\/?page_id=46301"},"modified":"2025-10-28T18:44:41","modified_gmt":"2025-10-28T17:44:41","slug":"preguntas-frecuentes-partidos-politicos","status":"publish","type":"page","link":"https:\/\/www.santafe.gob.ar\/ms\/tribunalelectoral\/partidos-politicos\/preguntas-frecuentes-partidos-politicos\/","title":{"rendered":"Preguntas Frecuentes \u2013 Partidos Pol\u00edticos"},"content":{"rendered":"\n<header class=\"wp-block-group data-block_header has-blanco-color has-azul-claro-background-color has-text-color has-background has-link-color wp-elements-099b36f5ec5a4d3625ee94d5ecf44ea2 is-layout-constrained wp-container-core-group-is-layout-639b5052 wp-block-group-is-layout-constrained\" style=\"padding-top:0;padding-right:0;padding-bottom:0;padding-left:0\">\n<div class=\"wp-block-group data-block_grid is-layout-constrained wp-block-group-is-layout-constrained\">\n<div class=\"wp-block-group data-area_container is-layout-constrained wp-block-group-is-layout-constrained\">\n<div class=\"wp-block-group data-block_logo is-layout-constrained wp-block-group-is-layout-constrained\">\n<figure class=\"wp-block-image size-full\"><a href=\"https:\/\/www.santafe.gob.ar\/ms\/tribunalelectoral\/\"><img decoding=\"async\" src=\"https:\/\/www.santafe.gob.ar\/ms\/tribunal-electoral-2025\/wp-content\/uploads\/sites\/84\/2024\/12\/logo-tribunal-electoral.svg\" alt=\"\" class=\"wp-image-46276\" \/><\/a><\/figure>\n<\/div>\n\n\n\n<div class=\"wp-block-group data-component_nav is-layout-constrained wp-block-group-is-layout-constrained\">\n<div class=\"wp-block-columns is-layout-flex wp-container-core-columns-is-layout-28f84493 wp-block-columns-is-layout-flex\">\n<div class=\"wp-block-column is-layout-flow wp-block-column-is-layout-flow\" style=\"flex-basis:100%\"><nav class=\"wp-block-navigation is-layout-flex wp-block-navigation-is-layout-flex\" aria-label=\"Navigation\"><ul class=\"wp-block-navigation__container  wp-block-navigation\"><li class=\" wp-block-navigation-item wp-block-navigation-link\"><a class=\"wp-block-navigation-item__content\"  href=\"https:\/\/www.santafe.gob.ar\/ms\/tribunalelectoral\/novedades\/\"><span class=\"wp-block-navigation-item__label\">Novedades<\/span><\/a><\/li><li class=\" wp-block-navigation-item wp-block-navigation-link\"><a class=\"wp-block-navigation-item__content\"  href=\"https:\/\/www.santafe.gob.ar\/ms\/tribunalelectoral\/elecciones\/\"><span class=\"wp-block-navigation-item__label\">Elecciones<\/span><\/a><\/li><li class=\" wp-block-navigation-item wp-block-navigation-link\"><a class=\"wp-block-navigation-item__content\"  href=\"https:\/\/www.santafe.gob.ar\/ms\/tribunalelectoral\/institucional\/\"><span class=\"wp-block-navigation-item__label\">Institucional<\/span><\/a><\/li><\/ul><\/nav><\/div>\n<\/div>\n<\/div>\n<\/div>\n<\/div>\n<\/header>\n\n\n\n<main class=\"wp-block-group data-page_partidos-politicos is-layout-constrained wp-block-group-is-layout-constrained\">\n<section class=\"wp-block-group data-section_partidos-politicos is-layout-constrained wp-block-group-is-layout-constrained\">\n<div class=\"wp-block-group data-block_grid is-layout-constrained wp-block-group-is-layout-constrained\">\n<div class=\"wp-block-group data-area_container is-layout-constrained wp-block-group-is-layout-constrained\">\n<div class=\"wp-block-group data-wrapper_left is-layout-constrained wp-block-group-is-layout-constrained\">\n<h2 class=\"wp-block-heading has-azul-color has-text-color has-link-color has-3-x-large-font-size wp-elements-ab149dfd37ff6ea740ee03e9e0bc1687\" style=\"padding-bottom:1rem;font-style:normal;font-weight:900\">Preguntas frecuentes<\/h2>\n\n\n\n<p>Preguntas frecuentes sobre los partidos pol\u00edticos reconocidos en la Provincia de Santa Fe.<\/p>\n<\/div>\n\n\n\n<div class=\"wp-block-group data-wrapper_right is-layout-constrained wp-block-group-is-layout-constrained\" style=\"padding-top:10px\">\n<details class=\"wp-block-details has-azul-color has-text-color has-link-color wp-elements-7001a88dbb386b8113008403f58cfbb9 is-layout-flow wp-block-details-is-layout-flow\" style=\"font-size:16px;font-style:normal;font-weight:500\"><summary>\u00bfQui\u00e9nes pueden formar un Partido Pol\u00edtico?<\/summary>\n<p class=\"has-texto-color has-text-color has-link-color wp-elements-86d567f5daad1f89263ae5abd1730392\" style=\"padding-top:1rem;font-style:normal;font-weight:400\">Todos los ciudadanos son libres de constituir o afiliarse a un partido pol\u00edtico en las condiciones que establece la Ley 6.808 y la Constituci\u00f3n Provincial.<\/p>\n<\/details>\n\n\n\n<details class=\"wp-block-details has-azul-color has-text-color has-link-color wp-elements-dbd611eeb7d2f4ce1c69598186d1d3c7 is-layout-flow wp-block-details-is-layout-flow\" style=\"font-size:16px;font-style:normal;font-weight:500\"><summary>\u00bfCu\u00e1les son los requisitos para su constituci\u00f3n?<\/summary>\n<p class=\"has-texto-color has-text-color has-link-color wp-elements-acb2ca74ae9cd43db232bab98422f87f\" style=\"padding-top:1rem;font-style:normal;font-weight:400\">Para que una asociaci\u00f3n sea reconocida deber\u00e1 solicitarlo ante el Tribunal Electoral presentando la siguiente documentaci\u00f3n:<\/p>\n\n\n\n<ul style=\"padding-top:1rem;font-style:normal;font-weight:400\" class=\"wp-block-list has-texto-color has-text-color has-link-color wp-elements-7d3da9ab40f16528a69d5f45ff49b34c\">\n<li>Nota de presentaci\u00f3n<\/li>\n\n\n\n<li>Acta de fundaci\u00f3n y constituci\u00f3n donde conste nombre del partido y domicilio;<\/li>\n\n\n\n<li>Declaraci\u00f3n de principios, programa o bases de acci\u00f3n pol\u00edtica, carta org\u00e1nica;<\/li>\n\n\n\n<li>Acta designaci\u00f3n de autoridades promotoras;<\/li>\n\n\n\n<li>Acta designaci\u00f3n de apoderados<\/li>\n\n\n\n<li>Constancia inicial de adherentes (1\u2030 del padr\u00f3n de electores de la localidad) para obtener el reconocimiento provisorio, y el 4\u2030 del padr\u00f3n de electores cuando acrediten la afiliaci\u00f3n para su reconocimiento definitivo.<\/li>\n<\/ul>\n<\/details>\n\n\n\n<details class=\"wp-block-details has-azul-color has-text-color has-link-color wp-elements-deb2d31750d17d5840d2b6375402b290 is-layout-flow wp-block-details-is-layout-flow\" style=\"font-size:16px;font-style:normal;font-weight:500\"><summary>\u00bfCu\u00e1l es el \u00e1mbito de actuaci\u00f3n de los partidos reconocidos en la provincia?<\/summary>\n<p class=\"has-texto-color has-text-color has-link-color wp-elements-45996fc704cb9de96df431934ce9e8b9\" style=\"padding-top:1rem;font-style:normal;font-weight:400\">Ante el Tribunal Electoral de la Provincia, podr\u00e1 solicitarse el reconocimiento de partidos pol\u00edticos de orden <strong>Provincial o Distrital.<\/strong><\/p>\n\n\n\n<p class=\"has-texto-color has-text-color has-link-color wp-elements-450daf3abb1e5330f6a5d6c72b20caf7\" style=\"padding-top:1rem;font-style:normal;font-weight:400\">Una vez reconocidos, los partidos con \u00e1mbito de actuaci\u00f3n a nivel provincial podr\u00e1n presentar candidatos a los cargos de: Gobernador, Diputados provinciales, Senadores provinciales, Intendentes, Concejales y\/o Miembros de Comisiones Comunales, conforme lo establecido en la Ley N\u00b012.367.<\/p>\n\n\n\n<p class=\"has-texto-color has-text-color has-link-color wp-elements-501832fe08cc43d8bd77a171ae30ecd7\" style=\"padding-top:1rem;font-style:normal;font-weight:400\">Los que obtuvieron reconocimiento de orden distrital podr\u00e1n presentar candidatos a cargos locales: Intendente\/Concejales o de Comisiones Comunales.<\/p>\n<\/details>\n\n\n\n<details class=\"wp-block-details has-azul-color has-text-color has-link-color wp-elements-cb32b3f4db0dc12719ab61398d9025b5 is-layout-flow wp-block-details-is-layout-flow\" style=\"font-size:16px;font-style:normal;font-weight:500\"><summary>\u00bfSe puede solicitar el reconocimiento de un partido departamental?<\/summary>\n<p class=\"has-texto-color has-text-color has-link-color wp-elements-7f4c583ba9e7dfe822a1fafb4a7dad7e\" style=\"padding-top:1rem;font-style:normal;font-weight:400\">En la legislaci\u00f3n vigente no est\u00e1 previsto la constituci\u00f3n de partidos de orden departamental.<\/p>\n<\/details>\n\n\n\n<details class=\"wp-block-details has-azul-color has-text-color has-link-color wp-elements-c182a25f41285944600cb124083bc925 is-layout-flow wp-block-details-is-layout-flow\" style=\"font-size:16px;font-style:normal;font-weight:500\"><summary>\u00bfHay un per\u00edodo para inscribir un partido pol\u00edtico?<\/summary>\n<p class=\"has-texto-color has-text-color has-link-color wp-elements-fbf33b59d8e4378f77d708ef65c70b41\" style=\"padding-top:1rem;font-style:normal;font-weight:400\">Los partidos o asociaciones pol\u00edticas pueden solicitar su reconocimiento en cualquier momento; no hay plazos determinados.<\/p>\n<\/details>\n\n\n\n<details class=\"wp-block-details has-azul-color has-text-color has-link-color wp-elements-1ece817f0323b89055571e2ae64ce5e0 is-layout-flow wp-block-details-is-layout-flow\" style=\"font-size:16px;font-style:normal;font-weight:500\"><summary>\u00bfCu\u00e1ntos apoderados se pueden presentar?<\/summary>\n<p class=\"has-texto-color has-text-color has-link-color wp-elements-b26f83a75c53477e5bde07068086f8a2\" style=\"padding-top:1rem;font-style:normal;font-weight:400\">En el caso de ser m\u00e1s de un apoderado, se deber\u00e1 aclarar el car\u00e1cter de la actuaci\u00f3n de los mismos \u2014 conjunta o indistinta.<\/p>\n<\/details>\n\n\n\n<details class=\"wp-block-details has-azul-color has-text-color has-link-color wp-elements-a1ce81b984d2279138f5038136b5d4a1 is-layout-flow wp-block-details-is-layout-flow\" style=\"font-size:16px;font-style:normal;font-weight:500\"><summary>Las elecciones internas que deben realizar los partidos pol\u00edticos para renovar sus autoridades partidarias, aunque se oficialice una sola lista, \u00bfdeben realizarse igual?<\/summary>\n<p class=\"has-texto-color has-text-color has-link-color wp-elements-6e5b76aa547aaf6e89a82d8389e59e77\" style=\"padding-top:1rem;font-style:normal;font-weight:400\">S\u00ed. En caso de oficializarse una sola lista para la elecci\u00f3n de autoridades partidarias, no podr\u00e1 prescindirse del acto eleccionario.<\/p>\n<\/details>\n\n\n\n<details class=\"wp-block-details has-azul-color has-text-color has-link-color wp-elements-175b120388220915b577bc07765fda7b is-layout-flow wp-block-details-is-layout-flow\" style=\"font-size:16px;font-style:normal;font-weight:500\"><summary>\u00bfPuede una persona estar afiliada a dos o m\u00e1s partidos?<\/summary>\n<p class=\"has-texto-color has-text-color has-link-color wp-elements-e1d154c05514bc64783d3ab0b8373b67\" style=\"padding-top:1rem;font-style:normal;font-weight:400\">Queda prohibida la doble o m\u00faltiple afiliaci\u00f3n simult\u00e1nea; \u00e9sta implicar\u00e1 autom\u00e1ticamente la extinci\u00f3n de toda otra anterior.<\/p>\n<\/details>\n\n\n\n<details class=\"wp-block-details has-azul-color has-text-color has-link-color wp-elements-9e9b75d8aecbc244d731881266d63eae is-layout-flow wp-block-details-is-layout-flow\" style=\"font-size:16px;font-style:normal;font-weight:500\"><summary>Un partido pol\u00edtico al que se le declar\u00f3 la caducidad, \u00bfpuede reinscribirse?<\/summary>\n<p class=\"has-texto-color has-text-color has-link-color wp-elements-9665355567da9ac6b573ac7b47ad5d22\" style=\"padding-top:1rem;font-style:normal;font-weight:400\">S\u00ed. Podr\u00e1 solicitarse nuevamente su reconocimiento despu\u00e9s de celebrada la primera elecci\u00f3n general de cargos p\u00fablicos electivos, cumpliendo con lo dispuesto en el t\u00edtulo II de la Ley N\u00b06808.<\/p>\n<\/details>\n\n\n\n<details class=\"wp-block-details has-azul-color has-text-color has-link-color wp-elements-ca1401faedf9982f67fe94ddd2676761 is-layout-flow wp-block-details-is-layout-flow\" style=\"font-size:16px;font-style:normal;font-weight:500\"><summary>\u00bfEntre qui\u00e9nes se pueden formalizar las Alianzas?<\/summary>\n<p class=\"has-texto-color has-text-color has-link-color wp-elements-055d372ccc5cdab36318639483f00926\" style=\"padding-top:1rem;font-style:normal;font-weight:400\">Los partidos que se encuentren reconocidos y con personer\u00eda jur\u00eddica pol\u00edtica vigente podr\u00e1n hacerlo, siempre que lo autoricen sus respectivas cartas org\u00e1nicas y dentro de su \u00e1mbito de actuaci\u00f3n.<\/p>\n<\/details>\n\n\n\n<details class=\"wp-block-details has-azul-color has-text-color has-link-color wp-elements-bff06c4c81c9afd5a40c06b4867655a6 is-layout-flow wp-block-details-is-layout-flow\" style=\"font-size:16px;font-style:normal;font-weight:500\"><summary>Los partidos vecinales, \u00bfpueden formalizar alianzas con partidos de otras localidades?<\/summary>\n<p class=\"has-texto-color has-text-color has-link-color wp-elements-1aa771ef3dcb5eecf9ae8bac59bfe9e5\" style=\"padding-top:1rem;font-style:normal;font-weight:400\">No. Solo podr\u00e1n realizar alianzas con partidos vecinales pertenecientes a la misma localidad o concertar alianzas con partidos de orden provincial, a efectos de presentar cargos electivos circunscritos a la localidad, siempre que la Alianza Provincial en su Acta Constitutiva haya excluido a dicha localidad.<\/p>\n<\/details>\n<\/div>\n<\/div>\n<\/div>\n<\/section>\n<\/main>\n\n\n\n<footer class=\"wp-block-group data-block_footer is-layout-constrained wp-block-group-is-layout-constrained\">\n<div class=\"wp-block-group data-block_grid is-layout-constrained wp-block-group-is-layout-constrained\">\n<div class=\"wp-block-group data-area_container is-layout-constrained wp-block-group-is-layout-constrained\">\n<div class=\"wp-block-group data-block_logo is-layout-constrained wp-block-group-is-layout-constrained\">\n<figure class=\"wp-block-image size-full\"><a href=\"https:\/\/www.santafe.gob.ar\/ms\/tribunal-electoral-2025\/\"><img decoding=\"async\" src=\"https:\/\/www.santafe.gob.ar\/ms\/tribunal-electoral-2025\/wp-content\/uploads\/sites\/84\/2024\/12\/logo-tribunal-electoral-1.svg\" alt=\"\" class=\"wp-image-46287\" \/><\/a><\/figure>\n<\/div>\n\n\n\n<div class=\"wp-block-group data-wrapper_data is-horizontal is-content-justification-left is-nowrap is-layout-flex wp-container-core-group-is-layout-5ebe7bbc wp-block-group-is-layout-flex\">\n<ul class=\"wp-block-list\">\n<li><strong>Direcci\u00f3n Postal Santa Fe<\/strong><\/li>\n\n\n\n<li>1 de Mayo 1565 &#8211; (S3000ADF) Santa Fe.<\/li>\n\n\n\n<li>54 342 481-5751<\/li>\n\n\n\n<li>secretariaelectoral@santafe.gov.ar<\/li>\n\n\n\n<li>Lunes a Viernes: 7 a 13 hs<\/li>\n<\/ul>\n\n\n\n<ul class=\"wp-block-list\">\n<li><strong>Direcci\u00f3n Postal Rosario<\/strong><\/li>\n\n\n\n<li>Av. San Lorenzo 1949 &#8211; (S2000ADF) Rosario.<\/li>\n\n\n\n<li>54 341 472-1813 \/ 20 Int. 45745<\/li>\n\n\n\n<li>Lunes a Viernes: 7 a 13 hs<\/li>\n<\/ul>\n<\/div>\n<\/div>\n<\/div>\n<\/footer>\n","protected":false},"excerpt":{"rendered":"<p>Preguntas frecuentes Preguntas frecuentes sobre los partidos pol\u00edticos reconocidos en la Provincia de Santa Fe.<\/p>\n","protected":false},"author":2,"featured_media":0,"parent":45939,"menu_order":0,"comment_status":"closed","ping_status":"closed","template":"","meta":{"_acf_changed":false,"footnotes":""},"class_list":["post-46301","page","type-page","status-publish","hentry"],"acf":[],"_links":{"self":[{"href":"https:\/\/www.santafe.gob.ar\/ms\/tribunalelectoral\/wp-json\/wp\/v2\/pages\/46301","targetHints":{"allow":["GET"]}}],"collection":[{"href":"https:\/\/www.santafe.gob.ar\/ms\/tribunalelectoral\/wp-json\/wp\/v2\/pages"}],"about":[{"href":"https:\/\/www.santafe.gob.ar\/ms\/tribunalelectoral\/wp-json\/wp\/v2\/types\/page"}],"author":[{"embeddable":true,"href":"https:\/\/www.santafe.gob.ar\/ms\/tribunalelectoral\/wp-json\/wp\/v2\/users\/2"}],"replies":[{"embeddable":true,"href":"https:\/\/www.santafe.gob.ar\/ms\/tribunalelectoral\/wp-json\/wp\/v2\/comments?post=46301"}],"version-history":[{"count":11,"href":"https:\/\/www.santafe.gob.ar\/ms\/tribunalelectoral\/wp-json\/wp\/v2\/pages\/46301\/revisions"}],"predecessor-version":[{"id":46317,"href":"https:\/\/www.santafe.gob.ar\/ms\/tribunalelectoral\/wp-json\/wp\/v2\/pages\/46301\/revisions\/46317"}],"up":[{"embeddable":true,"href":"https:\/\/www.santafe.gob.ar\/ms\/tribunalelectoral\/wp-json\/wp\/v2\/pages\/45939"}],"wp:attachment":[{"href":"https:\/\/www.santafe.gob.ar\/ms\/tribunalelectoral\/wp-json\/wp\/v2\/media?parent=46301"}],"curies":[{"name":"wp","href":"https:\/\/api.w.org\/{rel}","templated":true}]}}