{"id":54699,"date":"2026-01-05T14:21:06","date_gmt":"2026-01-05T13:21:06","guid":{"rendered":"https:\/\/www.santafe.gob.ar\/ms\/tribunalelectoral\/?page_id=54699"},"modified":"2026-01-05T15:11:47","modified_gmt":"2026-01-05T14:11:47","slug":"informacion","status":"publish","type":"page","link":"https:\/\/www.santafe.gob.ar\/ms\/tribunalelectoral\/partidos-politicos\/reconocimiento\/informacion\/","title":{"rendered":""},"content":{"rendered":"\n<p><br><strong>Por disposici\u00f3n de la Secretar\u00eda Electoral, para acceder a dicho documento, por favor comunicarse con la Divisi\u00f3n Partidos Pol\u00edticos al 4815751 int. 3<\/strong><\/p>\n\n\n\n<p><\/p>\n","protected":false},"excerpt":{"rendered":"<p>Por disposici\u00f3n de la Secretar\u00eda Electoral, para acceder a dicho documento, por favor comunicarse con la Divisi\u00f3n Partidos Pol\u00edticos al 4815751 int. 3<\/p>\n","protected":false},"author":11210,"featured_media":0,"parent":45957,"menu_order":0,"comment_status":"closed","ping_status":"closed","template":"wp-custom-template-p-gina-gen-rica","meta":{"_acf_changed":false,"footnotes":""},"class_list":["post-54699","page","type-page","status-publish","hentry"],"acf":[],"_links":{"self":[{"href":"https:\/\/www.santafe.gob.ar\/ms\/tribunalelectoral\/wp-json\/wp\/v2\/pages\/54699","targetHints":{"allow":["GET"]}}],"collection":[{"href":"https:\/\/www.santafe.gob.ar\/ms\/tribunalelectoral\/wp-json\/wp\/v2\/pages"}],"about":[{"href":"https:\/\/www.santafe.gob.ar\/ms\/tribunalelectoral\/wp-json\/wp\/v2\/types\/page"}],"author":[{"embeddable":true,"href":"https:\/\/www.santafe.gob.ar\/ms\/tribunalelectoral\/wp-json\/wp\/v2\/users\/11210"}],"replies":[{"embeddable":true,"href":"https:\/\/www.santafe.gob.ar\/ms\/tribunalelectoral\/wp-json\/wp\/v2\/comments?post=54699"}],"version-history":[{"count":13,"href":"https:\/\/www.santafe.gob.ar\/ms\/tribunalelectoral\/wp-json\/wp\/v2\/pages\/54699\/revisions"}],"predecessor-version":[{"id":54719,"href":"https:\/\/www.santafe.gob.ar\/ms\/tribunalelectoral\/wp-json\/wp\/v2\/pages\/54699\/revisions\/54719"}],"up":[{"embeddable":true,"href":"https:\/\/www.santafe.gob.ar\/ms\/tribunalelectoral\/wp-json\/wp\/v2\/pages\/45957"}],"wp:attachment":[{"href":"https:\/\/www.santafe.gob.ar\/ms\/tribunalelectoral\/wp-json\/wp\/v2\/media?parent=54699"}],"curies":[{"name":"wp","href":"https:\/\/api.w.org\/{rel}","templated":true}]}}