{"id":119,"date":"2024-05-02T16:07:58","date_gmt":"2024-05-02T14:07:58","guid":{"rendered":"https:\/\/www.santafe.gob.ar\/ms\/vacunate\/?page_id=119"},"modified":"2026-03-08T22:25:57","modified_gmt":"2026-03-08T21:25:57","slug":"cuidados-en-el-invierno","status":"publish","type":"page","link":"https:\/\/www.santafe.gob.ar\/ms\/vacunate\/cuidados-en-el-invierno\/","title":{"rendered":"Cuidados para prevenir enfermedades respiratorias"},"content":{"rendered":"<p>Adem\u00e1s de las vacunas, son muy importantes las siguientes medidas:<\/p>\n<ul>\n<li>Lavarse las manos con agua y jab\u00f3n despu\u00e9s de volver de la calle, antes de cocinar o comer y despu\u00e9s de ir al ba\u00f1o o cambiar pa\u00f1ales.<\/li>\n<li>Cubrirse la boca al toser o estornudar con un pa\u00f1uelo descartable o con el pliegue del codo para evitar contagios.<\/li>\n<li>Tirar a la basura los pa\u00f1uelos descartables inmediatamente despu\u00e9s de usarlos.<\/li>\n<li>No compartir art\u00edculos personales como mate, vasos, cubiertos y utensilios.<\/li>\n<li>No fumar y mantener los ambientes libres de humo.<\/li>\n<li>Ventilar todos los ambientes a diario, aunque haga fr\u00edo.<\/li>\n<li>Los braseros y estufas a le\u00f1a deben ser encendidos y apagados fuera de la casa.<\/li>\n<li>No usar el horno o las hornallas de la cocina para calefaccionar el ambiente (porque consume el ox\u00edgeno, es ineficiente y es caro).<\/li>\n<li>No poner recipientes con agua sobre la estufa, cocina u otra fuente de calor (porque la humedad favorece el desarrollo de hongos).<\/li>\n<li>No arrojar al fuego pl\u00e1sticos, goma o metales (porque desprenden gases y vapores t\u00f3xicos).<\/li>\n<\/ul>\n<h4>En el caso de aparici\u00f3n de s\u00edntomas de enfermedad respiratoria como fiebre u otros que dificulten las actividades habituales:<\/h4>\n<ul>\n<li>Quedarse en el hogar y evitar el contacto con otras personas hasta sentirte mejor y que hayan pasado al menos 24 hs de la desaparici\u00f3n de la fiebre.<\/li>\n<li>Evitar especialmente el contacto personal con personas vulnerables (inmunocomprometidas o con factores de riesgo para enfermedad grave por infecci\u00f3n respiratoria) durante al menos 5 d\u00edas desde el inicio de los s\u00edntomas y, luego, extremar cuidados hasta el d\u00eda d\u00e9cimo (usar barbijo, ventilar los ambientes, lavarse las manos).<\/li>\n<li>No automedicarse ni usar remedios caseros o hacerlo con los beb\u00e9s ni los ni\u00f1os\/as. Esto podr\u00eda dificultar un diagn\u00f3stico correcto, empeorar el cuadro o producir una intoxicaci\u00f3n grave.<\/li>\n<li>Tomar medidas para disminuir el riesgo de transmisi\u00f3n a otras personas, como utilizar barbijo adecuadamente colocado, evitar lugares con mucha concurrencia de personas (eventos sociales, lugares p\u00fablicos, espacios con poca ventilaci\u00f3n).<\/li>\n<li>Extremar medidas de cuidado dentro del hogar para evitar la transmisi\u00f3n a convivientes (ventilaci\u00f3n de ambientes, lavado regular de manos, cubrir la nariz y la boca al toser y estornudar, evitar visitas).<\/li>\n<li>Limpiar las superficies en contacto con personas enfermas con agua y detergente o jab\u00f3n, o soluci\u00f3n de alcohol al 70%.<\/li>\n<\/ul>\n<p>Si los s\u00edntomas empeoran o persisten realizar una consulta m\u00e9dica.<\/p>\n","protected":false},"excerpt":{"rendered":"<p>Adem\u00e1s de las vacunas, son muy importantes las siguientes medidas: Lavarse las manos con agua y jab\u00f3n despu\u00e9s de volver de la calle, antes de cocinar o comer y despu\u00e9s de ir al ba\u00f1o o cambiar pa\u00f1ales. Cubrirse la boca al toser o estornudar con un pa\u00f1uelo descartable o con el pliegue del codo para [&hellip;]<\/p>\n","protected":false},"author":82961,"featured_media":0,"parent":0,"menu_order":0,"comment_status":"closed","ping_status":"closed","template":"","meta":{"_acf_changed":false,"_et_pb_use_builder":"","_et_pb_old_content":"","_et_gb_content_width":"","footnotes":""},"class_list":["post-119","page","type-page","status-publish","hentry"],"acf":[],"_links":{"self":[{"href":"https:\/\/www.santafe.gob.ar\/ms\/vacunate\/wp-json\/wp\/v2\/pages\/119","targetHints":{"allow":["GET"]}}],"collection":[{"href":"https:\/\/www.santafe.gob.ar\/ms\/vacunate\/wp-json\/wp\/v2\/pages"}],"about":[{"href":"https:\/\/www.santafe.gob.ar\/ms\/vacunate\/wp-json\/wp\/v2\/types\/page"}],"author":[{"embeddable":true,"href":"https:\/\/www.santafe.gob.ar\/ms\/vacunate\/wp-json\/wp\/v2\/users\/82961"}],"replies":[{"embeddable":true,"href":"https:\/\/www.santafe.gob.ar\/ms\/vacunate\/wp-json\/wp\/v2\/comments?post=119"}],"version-history":[{"count":4,"href":"https:\/\/www.santafe.gob.ar\/ms\/vacunate\/wp-json\/wp\/v2\/pages\/119\/revisions"}],"predecessor-version":[{"id":296,"href":"https:\/\/www.santafe.gob.ar\/ms\/vacunate\/wp-json\/wp\/v2\/pages\/119\/revisions\/296"}],"wp:attachment":[{"href":"https:\/\/www.santafe.gob.ar\/ms\/vacunate\/wp-json\/wp\/v2\/media?parent=119"}],"curies":[{"name":"wp","href":"https:\/\/api.w.org\/{rel}","templated":true}]}}