{"id":61,"date":"2024-04-30T15:55:47","date_gmt":"2024-04-30T13:55:47","guid":{"rendered":"https:\/\/www.santafe.gob.ar\/ms\/vacunate\/?page_id=61"},"modified":"2024-04-30T16:50:51","modified_gmt":"2024-04-30T14:50:51","slug":"vacunacion-covid-19","status":"publish","type":"page","link":"https:\/\/www.santafe.gob.ar\/ms\/vacunate\/vacunacion-covid-19\/","title":{"rendered":"Vacunaci\u00f3n Covid-19"},"content":{"rendered":"<p>Los refuerzos de vacunaci\u00f3n COVID-19 son necesarios para sostener la protecci\u00f3n y prevenir el desarrollo de la enfermedad.<\/p>\n<h4>\u00bfQui\u00e9nes y c\u00f3mo deben aplicarse la vacuna?<\/h4>\n<p><strong>Una dosis cada 6 meses<\/strong><\/p>\n<ul>\n<li>Si ten\u00e9s 50 a\u00f1os o m\u00e1s<\/li>\n<li>Si sos una persona con trastornos severos de las defensas (inmunocompromiso), a partir de los 6 meses de edad.<\/li>\n<li>Si sos una persona gestante.<\/li>\n<\/ul>\n<p><strong>Una dosis despu\u00e9s de los 6 meses de la \u00faltima. Luego, una dosis al a\u00f1o<\/strong><\/p>\n<ul>\n<li>Si ten\u00e9s menos de 50 a\u00f1os con enfermedades cr\u00f3nicas, como diabetes, obesidad.<\/li>\n<li>Si sos personal de salud o cumpl\u00eds una funci\u00f3n estrat\u00e9gica.<\/li>\n<\/ul>\n<p><strong>Una dosis 12 meses despu\u00e9s de la \u00faltima. Luego, una dosis al a\u00f1o<\/strong><\/p>\n<ul>\n<li>Personas entre 6 meses y 49 a\u00f1os inclusive, sin problemas serios de salud.<\/li>\n<\/ul>\n","protected":false},"excerpt":{"rendered":"<p>Los refuerzos de vacunaci\u00f3n COVID-19 son necesarios para sostener la protecci\u00f3n y prevenir el desarrollo de la enfermedad. \u00bfQui\u00e9nes y c\u00f3mo deben aplicarse la vacuna? Una dosis cada 6 meses Si ten\u00e9s 50 a\u00f1os o m\u00e1s Si sos una persona con trastornos severos de las defensas (inmunocompromiso), a partir de los 6 meses de edad. [&hellip;]<\/p>\n","protected":false},"author":82961,"featured_media":7,"parent":0,"menu_order":0,"comment_status":"closed","ping_status":"closed","template":"","meta":{"_acf_changed":false,"_et_pb_use_builder":"","_et_pb_old_content":"","_et_gb_content_width":"","footnotes":""},"class_list":["post-61","page","type-page","status-publish","has-post-thumbnail","hentry"],"acf":[],"_links":{"self":[{"href":"https:\/\/www.santafe.gob.ar\/ms\/vacunate\/wp-json\/wp\/v2\/pages\/61","targetHints":{"allow":["GET"]}}],"collection":[{"href":"https:\/\/www.santafe.gob.ar\/ms\/vacunate\/wp-json\/wp\/v2\/pages"}],"about":[{"href":"https:\/\/www.santafe.gob.ar\/ms\/vacunate\/wp-json\/wp\/v2\/types\/page"}],"author":[{"embeddable":true,"href":"https:\/\/www.santafe.gob.ar\/ms\/vacunate\/wp-json\/wp\/v2\/users\/82961"}],"replies":[{"embeddable":true,"href":"https:\/\/www.santafe.gob.ar\/ms\/vacunate\/wp-json\/wp\/v2\/comments?post=61"}],"version-history":[{"count":3,"href":"https:\/\/www.santafe.gob.ar\/ms\/vacunate\/wp-json\/wp\/v2\/pages\/61\/revisions"}],"predecessor-version":[{"id":69,"href":"https:\/\/www.santafe.gob.ar\/ms\/vacunate\/wp-json\/wp\/v2\/pages\/61\/revisions\/69"}],"wp:featuredmedia":[{"embeddable":true,"href":"https:\/\/www.santafe.gob.ar\/ms\/vacunate\/wp-json\/wp\/v2\/media\/7"}],"wp:attachment":[{"href":"https:\/\/www.santafe.gob.ar\/ms\/vacunate\/wp-json\/wp\/v2\/media?parent=61"}],"curies":[{"name":"wp","href":"https:\/\/api.w.org\/{rel}","templated":true}]}}