{"id":65,"date":"2024-04-30T15:59:41","date_gmt":"2024-04-30T13:59:41","guid":{"rendered":"https:\/\/www.santafe.gob.ar\/ms\/vacunate\/?page_id=65"},"modified":"2026-03-11T12:58:20","modified_gmt":"2026-03-11T11:58:20","slug":"campana-de-vacunacion-antigripal-2026","status":"publish","type":"page","link":"https:\/\/www.santafe.gob.ar\/ms\/vacunate\/campana-de-vacunacion-antigripal-2026\/","title":{"rendered":"Campa\u00f1a de Vacunaci\u00f3n Antigripal 2026"},"content":{"rendered":"<p>Si ten\u00e9s alguna enfermedad cr\u00f3nica o recib\u00eds tratamiento que baje tus defensas pod\u00e9s solicitar la vacuna antigripal.<\/p>\n<p>La vacunaci\u00f3n debe ser efectuada en forma oportuna, idealmente antes del comienzo del invierno, que es la etapa de mayor circulaci\u00f3n del virus influenza. No obstante, y en consonancia con el escenario epidemiol\u00f3gico nacional, regional y local, continuar\u00e1 durante el resto del a\u00f1o teniendo en cuenta la din\u00e1mica de circulaci\u00f3n viral.<\/p>\n<h4>\u00bfQui\u00e9nes deben vacunarse contra la gripe?<\/h4>\n<p>La vacuna contra el virus de la gripe o influenza es de aplicaci\u00f3n anual, gratuita y obligatoria; y est\u00e1 indicada para estos grupos:<\/p>\n<ul>\n<li>Personal de salud.<\/li>\n<li>Personas gestantes: en cada embarazo y en cualquier trimestre de la gestaci\u00f3n.<\/li>\n<li>Personas pu\u00e9rperas: hasta el egreso de la maternidad \u2013m\u00e1ximo 10 d\u00edas-, si no recibiera la vacuna durante el embarazo.<\/li>\n<li>Ni\u00f1os y ni\u00f1as de 6 a 24 meses de edad: esquema de dos dosis, si no las recibieron anteriormente.<\/li>\n<li>Personas entre los 2 y 64 a\u00f1os que tengan factores de riesgo: con documentaci\u00f3n que acredite la existencia de enfermedades preexistentes incluidas entre los factores de riesgo.<\/li>\n<li>Personas de 65 a\u00f1os y mayores.<\/li>\n<li>Personal estrat\u00e9gico, cuyo desempe\u00f1o es clave para mantener las funciones esenciales (ej. fuerzas de Seguridad del Estado).<\/li>\n<\/ul>\n","protected":false},"excerpt":{"rendered":"<p>Si ten\u00e9s alguna enfermedad cr\u00f3nica o recib\u00eds tratamiento que baje tus defensas pod\u00e9s solicitar la vacuna antigripal. La vacunaci\u00f3n debe ser efectuada en forma oportuna, idealmente antes del comienzo del invierno, que es la etapa de mayor circulaci\u00f3n del virus influenza. No obstante, y en consonancia con el escenario epidemiol\u00f3gico nacional, regional y local, continuar\u00e1 [&hellip;]<\/p>\n","protected":false},"author":82961,"featured_media":0,"parent":0,"menu_order":0,"comment_status":"closed","ping_status":"closed","template":"","meta":{"_acf_changed":false,"_et_pb_use_builder":"","_et_pb_old_content":"","_et_gb_content_width":"","footnotes":""},"class_list":["post-65","page","type-page","status-publish","hentry"],"acf":[],"_links":{"self":[{"href":"https:\/\/www.santafe.gob.ar\/ms\/vacunate\/wp-json\/wp\/v2\/pages\/65","targetHints":{"allow":["GET"]}}],"collection":[{"href":"https:\/\/www.santafe.gob.ar\/ms\/vacunate\/wp-json\/wp\/v2\/pages"}],"about":[{"href":"https:\/\/www.santafe.gob.ar\/ms\/vacunate\/wp-json\/wp\/v2\/types\/page"}],"author":[{"embeddable":true,"href":"https:\/\/www.santafe.gob.ar\/ms\/vacunate\/wp-json\/wp\/v2\/users\/82961"}],"replies":[{"embeddable":true,"href":"https:\/\/www.santafe.gob.ar\/ms\/vacunate\/wp-json\/wp\/v2\/comments?post=65"}],"version-history":[{"count":4,"href":"https:\/\/www.santafe.gob.ar\/ms\/vacunate\/wp-json\/wp\/v2\/pages\/65\/revisions"}],"predecessor-version":[{"id":295,"href":"https:\/\/www.santafe.gob.ar\/ms\/vacunate\/wp-json\/wp\/v2\/pages\/65\/revisions\/295"}],"wp:attachment":[{"href":"https:\/\/www.santafe.gob.ar\/ms\/vacunate\/wp-json\/wp\/v2\/media?parent=65"}],"curies":[{"name":"wp","href":"https:\/\/api.w.org\/{rel}","templated":true}]}}