{"id":73,"date":"2024-04-30T16:16:14","date_gmt":"2024-04-30T14:16:14","guid":{"rendered":"https:\/\/www.santafe.gob.ar\/ms\/vacunate\/?page_id=73"},"modified":"2024-05-10T14:20:13","modified_gmt":"2024-05-10T12:20:13","slug":"vacunacion-contra-el-neumococo","status":"publish","type":"page","link":"https:\/\/www.santafe.gob.ar\/ms\/vacunate\/vacunacion-contra-el-neumococo\/","title":{"rendered":"Vacunaci\u00f3n contra el neumococo"},"content":{"rendered":"<p>El Streptococcus pneumoniae (neumococo) es una bacteria que se encuentra de manera habitual en la mucosa nasal o far\u00edngea (garganta) de los seres humanos.<\/p>\n<p>Esto hace que quienes portan la bacteria puedan transmitirla a otras personas al toser o estornudar.<\/p>\n<p>El neumococo puede producir enfermedades leves (como otitis y sinusitis) y graves invasivas (como neumon\u00eda, meningitis, sepsis y artritis).<\/p>\n<p>El Calendario Nacional de Vacunaci\u00f3n establece las siguientes estrategias:<\/p>\n<h3>\u00bfQui\u00e9nes deben vacunarse contra el neumococo?<\/h3>\n<h5><strong>Lactantes:<\/strong><\/h5>\n<ul>\n<li><strong>2 dosis:<\/strong> a los 2meses y a los 4 meses de edad.<\/li>\n<li><strong>Refuerzo<\/strong> a los 12 meses<\/li>\n<\/ul>\n<h5><strong>Personas sin antecedente de haber recibido previamente vacuna antineumoc\u00f3cica<\/strong><\/h5>\n<ul>\n<li>De 5 a 64 a\u00f1os de edad, con enfermedades cr\u00f3nicas \/o severo trastorno de las defensas.<\/li>\n<li>De 65 a\u00f1os y mayores.<\/li>\n<\/ul>\n<p>El esquema de vacunaci\u00f3n es de una (1) dosis de VCN20<\/p>\n<h5><strong>Personas con antecedente de vacunaci\u00f3n antineumoc\u00f3cica previa, seg\u00fan vacuna y dosis recibidas<\/strong><\/h5>\n<p>Concurrir al efector de salud para evaluar c\u00f3mo continuar.<\/p>\n","protected":false},"excerpt":{"rendered":"<p>El Streptococcus pneumoniae (neumococo) es una bacteria que se encuentra de manera habitual en la mucosa nasal o far\u00edngea (garganta) de los seres humanos. Esto hace que quienes portan la bacteria puedan transmitirla a otras personas al toser o estornudar. El neumococo puede producir enfermedades leves (como otitis y sinusitis) y graves invasivas (como neumon\u00eda, [&hellip;]<\/p>\n","protected":false},"author":82961,"featured_media":0,"parent":0,"menu_order":0,"comment_status":"closed","ping_status":"closed","template":"","meta":{"_acf_changed":false,"_et_pb_use_builder":"","_et_pb_old_content":"","_et_gb_content_width":"","footnotes":""},"class_list":["post-73","page","type-page","status-publish","hentry"],"acf":[],"_links":{"self":[{"href":"https:\/\/www.santafe.gob.ar\/ms\/vacunate\/wp-json\/wp\/v2\/pages\/73","targetHints":{"allow":["GET"]}}],"collection":[{"href":"https:\/\/www.santafe.gob.ar\/ms\/vacunate\/wp-json\/wp\/v2\/pages"}],"about":[{"href":"https:\/\/www.santafe.gob.ar\/ms\/vacunate\/wp-json\/wp\/v2\/types\/page"}],"author":[{"embeddable":true,"href":"https:\/\/www.santafe.gob.ar\/ms\/vacunate\/wp-json\/wp\/v2\/users\/82961"}],"replies":[{"embeddable":true,"href":"https:\/\/www.santafe.gob.ar\/ms\/vacunate\/wp-json\/wp\/v2\/comments?post=73"}],"version-history":[{"count":3,"href":"https:\/\/www.santafe.gob.ar\/ms\/vacunate\/wp-json\/wp\/v2\/pages\/73\/revisions"}],"predecessor-version":[{"id":139,"href":"https:\/\/www.santafe.gob.ar\/ms\/vacunate\/wp-json\/wp\/v2\/pages\/73\/revisions\/139"}],"wp:attachment":[{"href":"https:\/\/www.santafe.gob.ar\/ms\/vacunate\/wp-json\/wp\/v2\/media?parent=73"}],"curies":[{"name":"wp","href":"https:\/\/api.w.org\/{rel}","templated":true}]}}